{"id":25078,"date":"2022-11-11T12:16:20","date_gmt":"2022-11-11T12:16:20","guid":{"rendered":"http:\/\/www.sakababeauty.com\/?post_type=product&#038;p=25078"},"modified":"2024-08-08T18:38:26","modified_gmt":"2024-08-08T18:38:26","slug":"youtheory-daily-fat-burner","status":"publish","type":"product","link":"https:\/\/sakaba.mghosteur.com\/en\/product\/youtheory-daily-fat-burner\/","title":{"rendered":"YOUTHEORY DAILY FAT BURNER"},"content":{"rendered":"<p>Ce m\u00e9lange exclusif de fruits est con\u00e7u pour une gestion saine du poids. Utilis\u00e9e en conjonction avec un r\u00e9gime hypocalorique et une activit\u00e9 physique raisonnable, cette formule br\u00fble-graisses peut vous aider \u00e0 atteindre vos objectifs de perte de poids.<\/p>","protected":false},"excerpt":{"rendered":"<p>Ce m\u00e9lange exclusif de fruits est con\u00e7u pour une gestion saine du poids. Utilis\u00e9e en conjonction avec un r\u00e9gime hypocalorique et une activit\u00e9 physique raisonnable, cette formule br\u00fble-graisses peut vous aider \u00e0 atteindre vos objectifs de perte de poids.<\/p>","protected":false},"featured_media":0,"comment_status":"closed","ping_status":"closed","template":"","meta":[],"product_brand":[],"product_cat":[391,381],"product_tag":[],"class_list":{"0":"post-25078","1":"product","2":"type-product","3":"status-publish","5":"product_cat-aae-bien-etre","6":"product_cat-vitamine-et-complements","8":"first","9":"instock","10":"shipping-taxable","11":"product-type-simple"},"jetpack-related-posts":[{"id":27471,"url":"https:\/\/sakaba.mghosteur.com\/en\/product\/the-ordinary-amino-acids-b5\/","url_meta":{"origin":25078,"position":0},"title":"The Ordinary Amino Acids + B5","author":"admin","date":"November 29, 2022","format":false,"excerpt":"Le s\u00e9rum Amino Acids + B5 de la marque The Ordinary est un produit ultra-fin qui aide votre peau \u00e0 maintenir sa barri\u00e8re d'hydratation naturelle. La formule de ce s\u00e9rum \u00e0 base d'eau contient une solution concentr\u00e9e \u00e0 17% (en poids) d'acides amin\u00e9s et de d\u00e9riv\u00e9s d'acides amin\u00e9s qui imitent\u2026","rel":"","context":"Similar post","block_context":{"text":"Similar post","link":""},"img":{"alt_text":"","src":"","width":0,"height":0},"classes":[]},{"id":33119,"url":"https:\/\/sakaba.mghosteur.com\/en\/product\/medix-5-5-3-hyaluronic-hydrate-booster-serum-50ml\/","url_meta":{"origin":25078,"position":1},"title":"MEDIX 5.5 3% HYALURONIC HYDRATE BOOSTER SERUM 50ML","author":"admin","date":"May 20, 2024","format":false,"excerpt":"Le s\u00e9rum \u00e0 l'acide hyaluronique est formul\u00e9 avec trois poids mol\u00e9culaires diff\u00e9rents, ainsi que de la vitamine B5, de l'alo\u00e8s et du varech, laissant la peau extr\u00eamement hydrat\u00e9e et rebondie.","rel":"","context":"Similar post","block_context":{"text":"Similar post","link":""},"img":{"alt_text":"","src":"","width":0,"height":0},"classes":[]},{"id":31624,"url":"https:\/\/sakaba.mghosteur.com\/en\/product\/the-inkey-hyaluronic-acid\/","url_meta":{"origin":25078,"position":2},"title":"THE INKEY HYALURONIC ACID","author":"admin","date":"May 10, 2024","format":false,"excerpt":"S\u00e9rum \u00e0 l'acide hyaluronique Le best-seller num\u00e9ro un, cet essentiel quotidien est un alli\u00e9 incontournable pour chaque routine, boostant l'efficacit\u00e9 de vos autres soins de la peau. Cliniquement prouv\u00e9 pour procurer une hydratation instantan\u00e9e et durable, ce s\u00e9rum non collant laisse la peau repulp\u00e9e, lisse et radieuse. Formul\u00e9 avec 2\u2026","rel":"","context":"Similar post","block_context":{"text":"Similar post","link":""},"img":{"alt_text":"","src":"","width":0,"height":0},"classes":[]},{"id":32083,"url":"https:\/\/sakaba.mghosteur.com\/en\/product\/biodance-bio-collagen-real-deep-mask-34g\/","url_meta":{"origin":25078,"position":3},"title":"BIODANCE BIO COLLAGEN REAL DEEP MASK 34g","author":"admin","date":"May 13, 2024","format":false,"excerpt":"Masque en feuille qui contient du collag\u00e8ne et des galactomyces \u00e0 tr\u00e8s faible poids mol\u00e9culaire, offrant une nutrition en profondeur et injectant hydratation et \u00e9lasticit\u00e9 dans les couches les plus profondes de votre peau. Utilisez-le comme masque de nuit et vous pourrez vous r\u00e9veiller avec une peau ros\u00e9e et radieuse.","rel":"","context":"Similar post","block_context":{"text":"Similar post","link":""},"img":{"alt_text":"","src":"","width":0,"height":0},"classes":[]},{"id":32077,"url":"https:\/\/sakaba.mghosteur.com\/en\/product\/biodance-bio-collagen-real-deep-mask-hydrating-pore-mini-34g\/","url_meta":{"origin":25078,"position":4},"title":"BIODANCE BIO COLLAGEN REAL DEEP MASK HYDRATING PORE","author":"admin","date":"May 13, 2024","format":false,"excerpt":"Masque en feuille qui contient du collag\u00e8ne et des galactomyces \u00e0 tr\u00e8s faible poids mol\u00e9culaire, offrant une nutrition en profondeur et injectant hydratation et \u00e9lasticit\u00e9 dans les couches les plus profondes de votre peau. Utilisez-le comme masque de nuit et vous pourrez vous r\u00e9veiller avec une peau ros\u00e9e et radieuse.","rel":"","context":"Similar post","block_context":{"text":"Similar post","link":""},"img":{"alt_text":"","src":"","width":0,"height":0},"classes":[]},{"id":37175,"url":"https:\/\/sakaba.mghosteur.com\/en\/product\/torriden-serum-50ml\/","url_meta":{"origin":25078,"position":5},"title":"TORRIDEN SERUM 50ML","author":"admin","date":"October 9, 2024","format":false,"excerpt":"S\u00e9rum infus\u00e9 d'acides hyaluroniques \u00e0 faible poids mol\u00e9culaire pour hydrater intens\u00e9ment la peau. Il est sans parfum et poss\u00e8de une texture aqueuse et transparente qui p\u00e9n\u00e8tre instantan\u00e9ment dans la peau, ne laissant aucun effet collant ni gras. Le s\u00e9rum contient de l'extrait de feuille d'hamam\u00e9lis pour aider \u00e0 contr\u00f4ler le\u2026","rel":"","context":"Similar post","block_context":{"text":"Similar post","link":""},"img":{"alt_text":"","src":"","width":0,"height":0},"classes":[]}],"_links":{"self":[{"href":"https:\/\/sakaba.mghosteur.com\/en\/wp-json\/wp\/v2\/product\/25078","targetHints":{"allow":["GET"]}}],"collection":[{"href":"https:\/\/sakaba.mghosteur.com\/en\/wp-json\/wp\/v2\/product"}],"about":[{"href":"https:\/\/sakaba.mghosteur.com\/en\/wp-json\/wp\/v2\/types\/product"}],"replies":[{"embeddable":true,"href":"https:\/\/sakaba.mghosteur.com\/en\/wp-json\/wp\/v2\/comments?post=25078"}],"version-history":[{"count":0,"href":"https:\/\/sakaba.mghosteur.com\/en\/wp-json\/wp\/v2\/product\/25078\/revisions"}],"wp:attachment":[{"href":"https:\/\/sakaba.mghosteur.com\/en\/wp-json\/wp\/v2\/media?parent=25078"}],"wp:term":[{"taxonomy":"product_brand","embeddable":true,"href":"https:\/\/sakaba.mghosteur.com\/en\/wp-json\/wp\/v2\/product_brand?post=25078"},{"taxonomy":"product_cat","embeddable":true,"href":"https:\/\/sakaba.mghosteur.com\/en\/wp-json\/wp\/v2\/product_cat?post=25078"},{"taxonomy":"product_tag","embeddable":true,"href":"https:\/\/sakaba.mghosteur.com\/en\/wp-json\/wp\/v2\/product_tag?post=25078"}],"curies":[{"name":"wp","href":"https:\/\/api.w.org\/{rel}","templated":true}]}}