{"id":25086,"date":"2022-11-11T12:19:01","date_gmt":"2022-11-11T12:19:01","guid":{"rendered":"http:\/\/www.sakababeauty.com\/?post_type=product&#038;p=25086"},"modified":"2023-04-24T15:41:35","modified_gmt":"2023-04-24T15:41:35","slug":"solgar-chelated-zinc","status":"publish","type":"product","link":"https:\/\/sakaba.mghosteur.com\/en\/product\/solgar-chelated-zinc\/","title":{"rendered":"SOLGAR CHELATED ZINC"},"content":{"rendered":"<p>D\u00e9couvrez le compl\u00e9ment alimentaire de zinc ch\u00e9lat\u00e9 de Solgar\u00ae, un min\u00e9ral essentiel pour le maintien de votre sant\u00e9 et de votre bien-\u00eatre g\u00e9n\u00e9ral*. Notre formule hautement absorbable aide \u00e0 soutenir la sant\u00e9 du syst\u00e8me immunitaire*, une peau et des yeux sains*, un go\u00fbt et une vision normaux*, ainsi que des fonctions normales du syst\u00e8me squelettique, endocrinien et reproducteur*.<\/p>\n<p>Notre suppl\u00e9ment de zinc ch\u00e9lat\u00e9 est doux pour l&#8217;estomac, gr\u00e2ce \u00e0 sa forme hautement absorbable et facile \u00e0 dig\u00e9rer. Am\u00e9liorez votre parcours de bien-\u00eatre d\u00e8s aujourd&#8217;hui avec les comprim\u00e9s de zinc ch\u00e9lat\u00e9 Solgar\u00ae !<\/p>\n<p>Pour une utilisation optimale, prenez un (1) comprim\u00e9 par jour avec un repas ou selon les recommandations d&#8217;un professionnel de la sant\u00e9. Comme avec tout compl\u00e9ment alimentaire, veuillez consulter votre professionnel de la sant\u00e9 si vous \u00eates enceinte, allaitez, prenez des m\u00e9dicaments ou avez une condition m\u00e9dicale. Cesser l&#8217;utilisation et consulter votre professionnel de la sant\u00e9 si des effets ind\u00e9sirables surviennent. Tenir hors de port\u00e9e des enfants et ranger \u00e0 temp\u00e9rature ambiante. Ne pas utiliser si le sceau ext\u00e9rieur du flacon est manquant ou endommag\u00e9.<\/p>","protected":false},"excerpt":{"rendered":"<p>D\u00e9couvrez le compl\u00e9ment alimentaire de zinc ch\u00e9lat\u00e9 de Solgar\u00ae, un min\u00e9ral essentiel pour le maintien de votre sant\u00e9 et de votre bien-\u00eatre g\u00e9n\u00e9ral*. Notre formule hautement absorbable aide \u00e0 soutenir la sant\u00e9 du syst\u00e8me immunitaire*, une peau et des yeux sains*, un go\u00fbt et une vision normaux*, ainsi que des fonctions normales du syst\u00e8me squelettique,<span class=\"read-more-faq\"><a href=\"https:\/\/sakaba.mghosteur.com\/en\/product\/solgar-chelated-zinc\/\">Read More<\/a><\/span><\/p>","protected":false},"featured_media":0,"comment_status":"closed","ping_status":"closed","template":"","meta":[],"product_brand":[],"product_cat":[381],"product_tag":[],"class_list":{"0":"post-25086","1":"product","2":"type-product","3":"status-publish","5":"product_cat-vitamine-et-complements","7":"first","8":"instock","9":"shipping-taxable","10":"product-type-simple"},"jetpack-related-posts":[{"id":29798,"url":"https:\/\/sakaba.mghosteur.com\/en\/product\/solgar-chelated-zinc-100-tablets\/","url_meta":{"origin":25086,"position":0},"title":"SOLGAR CHELATED ZINC 100 TABLETS","author":"admin","date":"April 25, 2023","format":false,"excerpt":"D\u00e9couvrez les comprim\u00e9s de zinc ch\u00e9lat\u00e9 de la marque Solgar pour soutenir votre bien-\u00eatre g\u00e9n\u00e9ral. Le zinc, un min\u00e9ral et antioxydant essentiel \u00e0 de nombreuses fonctions cl\u00e9s de votre corps, aide \u00e0 maintenir une peau et des yeux sains, ainsi que des fonctions normales du syst\u00e8me immunitaire, squelettique, endocrinien et\u2026","rel":"","context":"Similar post","block_context":{"text":"Similar post","link":""},"img":{"alt_text":"","src":"","width":0,"height":0},"classes":[]},{"id":29775,"url":"https:\/\/sakaba.mghosteur.com\/en\/product\/calcium-magnesium-plus-zinc\/","url_meta":{"origin":25086,"position":1},"title":"CALCIUM MAGNESIUM PLUS ZINC","author":"admin","date":"April 24, 2023","format":false,"excerpt":"D\u00e9couvrez les comprim\u00e9s de Calcium Magn\u00e9sium Plus Zinc de la marque Solgar, un compl\u00e9ment alimentaire essentiel pour soutenir la sant\u00e9 de votre syst\u00e8me squelettique, musculaire, nerveux et immunitaire. En plus du calcium, ce produit contient du magn\u00e9sium et du zinc, qui sont \u00e9galement n\u00e9cessaires pour maintenir des os et des\u2026","rel":"","context":"Similar post","block_context":{"text":"Similar post","link":""},"img":{"alt_text":"","src":"","width":0,"height":0},"classes":[]},{"id":29811,"url":"https:\/\/sakaba.mghosteur.com\/en\/product\/solgar-vitamin-c-1500-mg-with-rose-hips\/","url_meta":{"origin":25086,"position":2},"title":"SOLGAR VITAMIN C 1500 MG WITH ROSE HIPS","author":"admin","date":"April 25, 2023","format":false,"excerpt":"Optimisez votre sant\u00e9 avec les comprim\u00e9s de vitamine C de la marque Solgar, formul\u00e9s avec 1500 mg de vitamine C pure ainsi que des fruits d'\u00e9glantier. La vitamine C est une vitamine essentielle et puissant antioxydant qui joue un r\u00f4le crucial dans le fonctionnement de votre syst\u00e8me immunitaire en stimulant\u2026","rel":"","context":"Similar post","block_context":{"text":"Similar post","link":""},"img":{"alt_text":"","src":"","width":0,"height":0},"classes":[]},{"id":29795,"url":"https:\/\/sakaba.mghosteur.com\/en\/product\/solgar-b-complex-100\/","url_meta":{"origin":25086,"position":3},"title":"SOLGAR B COMPLEX 100","author":"admin","date":"April 25, 2023","format":false,"excerpt":"D\u00e9couvrez les comprim\u00e9s \"100\" du complexe B de la marque Solgar pour vous aider \u00e0 maintenir un m\u00e9tabolisme \u00e9quilibr\u00e9 et une bonne sant\u00e9 globale. Chaque comprim\u00e9 contient une combinaison de vitamines B essentielles pour transformer les glucides, les lipides et les prot\u00e9ines en \u00e9nergie. Ce compl\u00e9ment alimentaire est destin\u00e9 aux\u2026","rel":"","context":"Similar post","block_context":{"text":"Similar post","link":""},"img":{"alt_text":"","src":"","width":0,"height":0},"classes":[]},{"id":29792,"url":"https:\/\/sakaba.mghosteur.com\/en\/product\/solgar-skin-nails-hair\/","url_meta":{"origin":25086,"position":4},"title":"SOLGAR SKIN NAILS &#038; HAIR","author":"admin","date":"April 25, 2023","format":false,"excerpt":"D\u00e9couvrez les comprim\u00e9s Peau, Ongles & Cheveux de la marque Solgar, con\u00e7us pour aider \u00e0 maintenir une peau jeune et \u00e9clatante, des cheveux brillants et des ongles sains. Cette formule unique est sp\u00e9cialement con\u00e7ue pour pr\u00e9server votre beaut\u00e9 naturelle de l'int\u00e9rieur en augmentant la production de collag\u00e8ne et de k\u00e9ratine.\u2026","rel":"","context":"Similar post","block_context":{"text":"Similar post","link":""},"img":{"alt_text":"","src":"","width":0,"height":0},"classes":[]},{"id":29771,"url":"https:\/\/sakaba.mghosteur.com\/en\/product\/calcium-600-from-oyster-shell-with-vitamin-d3\/","url_meta":{"origin":25086,"position":5},"title":"CALCIUM 600 FROM OYSTER SHELL WITH VITAMIN D3","author":"admin","date":"April 24, 2023","format":false,"excerpt":"D\u00e9couvrez les comprim\u00e9s de calcium \"600\" de la marque Solgar, un compl\u00e9ment alimentaire essentiel pour une bonne sant\u00e9. Ces comprim\u00e9s de calcium provenant de coquilles d'hu\u00eetres contiennent \u00e9galement de la vitamine D3 pour am\u00e9liorer l'absorption du calcium dans l'organisme. Le calcium est un min\u00e9ral important pour maintenir des os et\u2026","rel":"","context":"Similar post","block_context":{"text":"Similar post","link":""},"img":{"alt_text":"","src":"","width":0,"height":0},"classes":[]}],"_links":{"self":[{"href":"https:\/\/sakaba.mghosteur.com\/en\/wp-json\/wp\/v2\/product\/25086","targetHints":{"allow":["GET"]}}],"collection":[{"href":"https:\/\/sakaba.mghosteur.com\/en\/wp-json\/wp\/v2\/product"}],"about":[{"href":"https:\/\/sakaba.mghosteur.com\/en\/wp-json\/wp\/v2\/types\/product"}],"replies":[{"embeddable":true,"href":"https:\/\/sakaba.mghosteur.com\/en\/wp-json\/wp\/v2\/comments?post=25086"}],"version-history":[{"count":0,"href":"https:\/\/sakaba.mghosteur.com\/en\/wp-json\/wp\/v2\/product\/25086\/revisions"}],"wp:attachment":[{"href":"https:\/\/sakaba.mghosteur.com\/en\/wp-json\/wp\/v2\/media?parent=25086"}],"wp:term":[{"taxonomy":"product_brand","embeddable":true,"href":"https:\/\/sakaba.mghosteur.com\/en\/wp-json\/wp\/v2\/product_brand?post=25086"},{"taxonomy":"product_cat","embeddable":true,"href":"https:\/\/sakaba.mghosteur.com\/en\/wp-json\/wp\/v2\/product_cat?post=25086"},{"taxonomy":"product_tag","embeddable":true,"href":"https:\/\/sakaba.mghosteur.com\/en\/wp-json\/wp\/v2\/product_tag?post=25086"}],"curies":[{"name":"wp","href":"https:\/\/api.w.org\/{rel}","templated":true}]}}