{"id":25088,"date":"2022-11-11T12:20:14","date_gmt":"2022-11-11T12:20:14","guid":{"rendered":"http:\/\/www.sakababeauty.com\/?post_type=product&#038;p=25088"},"modified":"2023-04-25T15:50:47","modified_gmt":"2023-04-25T15:50:47","slug":"solgar-collagen-hyaluronic-acid-complex","status":"publish","type":"product","link":"https:\/\/sakaba.mghosteur.com\/en\/product\/solgar-collagen-hyaluronic-acid-complex\/","title":{"rendered":"SOLGAR COLLAGEN HYALURONIC ACID COMPLEX"},"content":{"rendered":"<p>D\u00e9couvrez le complexe d&#8217;acide hyaluronique au collag\u00e8ne de la marque Solgar pour nourrir votre peau de l&#8217;int\u00e9rieur. L&#8217;acide hyaluronique, pr\u00e9sent en grande quantit\u00e9 dans la peau, les yeux et les articulations, est essentiel \u00e0 l&#8217;hydratation de votre corps. Cependant, les rayons UV, le tabagisme, la pollution et le vieillissement peuvent r\u00e9duire sa quantit\u00e9, entra\u00eenant des rides. Le complexe avanc\u00e9 d&#8217;acide hyaluronique au collag\u00e8ne de Solgar aide \u00e0 augmenter l&#8217;\u00e9lasticit\u00e9 de la peau, \u00e0 att\u00e9nuer l&#8217;apparence des rides et \u00e0 maintenir une peau saine et jeune. Il soutient \u00e9galement la sant\u00e9 des articulations avec de la chondro\u00eftine et de la vitamine C pour la formation de collag\u00e8ne. Notre source de collag\u00e8ne est sans hormones ni antibiotiques. Prenez un comprim\u00e9 par jour, de pr\u00e9f\u00e9rence avec un repas ou selon les recommandations d&#8217;un professionnel de la sant\u00e9. Consultez votre professionnel de la sant\u00e9 avant de prendre tout compl\u00e9ment alimentaire si vous \u00eates enceinte, allaitez, prenez des m\u00e9dicaments ou avez une condition m\u00e9dicale. Tenir hors de port\u00e9e des enfants et ranger \u00e0 temp\u00e9rature ambiante. \u00c9tanchez la \u00ab soif \u00bb de votre corps d\u00e8s maintenant avec le complexe d&#8217;acide hyaluronique au collag\u00e8ne Solgar !<\/p>","protected":false},"excerpt":{"rendered":"<p>D\u00e9couvrez le complexe d&#8217;acide hyaluronique au collag\u00e8ne de la marque Solgar pour nourrir votre peau de l&#8217;int\u00e9rieur. L&#8217;acide hyaluronique, pr\u00e9sent en grande quantit\u00e9 dans la peau, les yeux et les articulations, est essentiel \u00e0 l&#8217;hydratation de votre corps. Cependant, les rayons UV, le tabagisme, la pollution et le vieillissement peuvent r\u00e9duire sa quantit\u00e9, entra\u00eenant des<span class=\"read-more-faq\"><a href=\"https:\/\/sakaba.mghosteur.com\/en\/product\/solgar-collagen-hyaluronic-acid-complex\/\">Read More<\/a><\/span><\/p>","protected":false},"featured_media":0,"comment_status":"closed","ping_status":"closed","template":"","meta":[],"product_brand":[],"product_cat":[381],"product_tag":[],"class_list":{"0":"post-25088","1":"product","2":"type-product","3":"status-publish","5":"product_cat-vitamine-et-complements","7":"first","8":"instock","9":"shipping-taxable","10":"product-type-simple"},"jetpack-related-posts":[],"_links":{"self":[{"href":"https:\/\/sakaba.mghosteur.com\/en\/wp-json\/wp\/v2\/product\/25088","targetHints":{"allow":["GET"]}}],"collection":[{"href":"https:\/\/sakaba.mghosteur.com\/en\/wp-json\/wp\/v2\/product"}],"about":[{"href":"https:\/\/sakaba.mghosteur.com\/en\/wp-json\/wp\/v2\/types\/product"}],"replies":[{"embeddable":true,"href":"https:\/\/sakaba.mghosteur.com\/en\/wp-json\/wp\/v2\/comments?post=25088"}],"version-history":[{"count":0,"href":"https:\/\/sakaba.mghosteur.com\/en\/wp-json\/wp\/v2\/product\/25088\/revisions"}],"wp:attachment":[{"href":"https:\/\/sakaba.mghosteur.com\/en\/wp-json\/wp\/v2\/media?parent=25088"}],"wp:term":[{"taxonomy":"product_brand","embeddable":true,"href":"https:\/\/sakaba.mghosteur.com\/en\/wp-json\/wp\/v2\/product_brand?post=25088"},{"taxonomy":"product_cat","embeddable":true,"href":"https:\/\/sakaba.mghosteur.com\/en\/wp-json\/wp\/v2\/product_cat?post=25088"},{"taxonomy":"product_tag","embeddable":true,"href":"https:\/\/sakaba.mghosteur.com\/en\/wp-json\/wp\/v2\/product_tag?post=25088"}],"curies":[{"name":"wp","href":"https:\/\/api.w.org\/{rel}","templated":true}]}}