{"id":25093,"date":"2022-11-11T12:21:26","date_gmt":"2022-11-11T12:21:26","guid":{"rendered":"http:\/\/www.sakababeauty.com\/?post_type=product&#038;p=25093"},"modified":"2023-04-24T15:54:14","modified_gmt":"2023-04-24T15:54:14","slug":"solgar-menopause-relief","status":"publish","type":"product","link":"https:\/\/sakaba.mghosteur.com\/en\/product\/solgar-menopause-relief\/","title":{"rendered":"SOLGAR MENOPAUSE RELIEF"},"content":{"rendered":"<p>Si vous cherchez un soulagement des sympt\u00f4mes de la m\u00e9nopause, les comprim\u00e9s de Soulagement de la M\u00e9nopause de Solgar\u00ae pourraient \u00eatre la solution que vous recherchez. Cette formule unique est con\u00e7ue pour aider \u00e0 soulager une gamme compl\u00e8te de sympt\u00f4mes physiques et \u00e9motionnels courants de la m\u00e9nopause, sans hormones.<\/p>\n<p>La rhubarbe de Sib\u00e9rie (ERr-731\u00ae) et le safran affron\u2122 sont les ingr\u00e9dients cl\u00e9s de cette formule, tous deux cliniquement \u00e9tudi\u00e9s pour leur efficacit\u00e9. La rhubarbe de Sib\u00e9rie est cultiv\u00e9e \u00e0 l&#8217;\u00e9tat sauvage et cueillie \u00e0 la main avant la floraison, sans traitement avec des pesticides, des herbicides ou des fongicides. Le safran affron\u2122 est extrait \u00e0 l&#8217;eau, sans utiliser de solvants ou d&#8217;alcool dans le processus de fabrication.<\/p>\n<p>Les r\u00e9sultats sont impressionnants. Plus de 90 % des femmes ont montr\u00e9 une am\u00e9lioration des sympt\u00f4mes courants de la m\u00e9nopause, avec une r\u00e9duction moyenne de 80 % des bouff\u00e9es de chaleur li\u00e9es \u00e0 la m\u00e9nopause. De plus, l&#8217;anxi\u00e9t\u00e9 li\u00e9e \u00e0 la m\u00e9nopause peut \u00eatre r\u00e9duite de 61 % ou plus avec l&#8217;utilisation de ce produit.<\/p>\n<p>Utilisez-le comme compl\u00e9ment alimentaire pour adultes en prenant un (1) comprim\u00e9 par jour de pr\u00e9f\u00e9rence avec un repas, ou selon les recommandations d&#8217;un professionnel de la sant\u00e9.<\/p>\n<p>Veuillez noter que ce produit est destin\u00e9 \u00e0 \u00eatre utilis\u00e9 par les femmes pr\u00e9- et p\u00e9ri-m\u00e9nopaus\u00e9es uniquement. Si vous prenez des m\u00e9dicaments ou avez une condition m\u00e9dicale, consultez votre m\u00e9decin avant utilisation. Cessez l&#8217;utilisation et consultez un professionnel de la sant\u00e9 si des effets ind\u00e9sirables surviennent. Ce produit n&#8217;est pas destin\u00e9 \u00e0 \u00eatre utilis\u00e9 par des hommes ou des personnes de moins de 18 ans. Gardez-le hors de port\u00e9e des enfants et rangez-le \u00e0 temp\u00e9rature ambiante. Ne l&#8217;utilisez pas si le sceau ext\u00e9rieur du flacon est manquant ou endommag\u00e9.<\/p>","protected":false},"excerpt":{"rendered":"<p>Si vous cherchez un soulagement des sympt\u00f4mes de la m\u00e9nopause, les comprim\u00e9s de Soulagement de la M\u00e9nopause de Solgar\u00ae pourraient \u00eatre la solution que vous recherchez. Cette formule unique est con\u00e7ue pour aider \u00e0 soulager une gamme compl\u00e8te de sympt\u00f4mes physiques et \u00e9motionnels courants de la m\u00e9nopause, sans hormones. La rhubarbe de Sib\u00e9rie (ERr-731\u00ae) et<span class=\"read-more-faq\"><a href=\"https:\/\/sakaba.mghosteur.com\/en\/product\/solgar-menopause-relief\/\">Read More<\/a><\/span><\/p>","protected":false},"featured_media":0,"comment_status":"closed","ping_status":"closed","template":"","meta":[],"product_brand":[],"product_cat":[381],"product_tag":[],"class_list":{"0":"post-25093","1":"product","2":"type-product","3":"status-publish","5":"product_cat-vitamine-et-complements","7":"first","8":"instock","9":"shipping-taxable","10":"product-type-simple"},"jetpack-related-posts":[{"id":28141,"url":"https:\/\/sakaba.mghosteur.com\/en\/product\/gold-bond-ultimate-healing-skin-therapy-lotion-14-oz-3\/","url_meta":{"origin":25093,"position":0},"title":"Gold Bond Ultimate Eczema relief, 14 oz","author":"admin","date":"November 30, 2022","format":false,"excerpt":"La cr\u00e8me\/lotion m\u00e9dicamenteuse Gold Bond Anti-ecz\u00e9ma est la solution id\u00e9ale pour soulager les sympt\u00f4mes de l'ecz\u00e9ma. Elle contient 2% d'avoine collo\u00efdale qui prot\u00e8ge et soulage temporairement les irritations cutan\u00e9es mineures et les d\u00e9mangeaisons caus\u00e9es par l'ecz\u00e9ma. La formule est enrichie de 7 hydratants nourrissants et 3 vitamines, dont la vitamine\u2026","rel":"","context":"Similar post","block_context":{"text":"Similar post","link":""},"img":{"alt_text":"","src":"","width":0,"height":0},"classes":[]},{"id":25507,"url":"https:\/\/sakaba.mghosteur.com\/en\/product\/gold-bond-eczema-relief-2-colloidal-oatmeal\/","url_meta":{"origin":25093,"position":1},"title":"GOLD BOND ECZEMA RELIEF 2% COLLOIDAL OATMEAL","author":"admin","date":"November 14, 2022","format":false,"excerpt":"D\u00e9couvrez la lotion m\u00e9dicamenteuse Gold Bond Anti-Ecz\u00e9ma, le choix num\u00e9ro un pour soulager les sympt\u00f4mes de l'ecz\u00e9ma. Cette lotion contient 2% d'avoine collo\u00efdale pour aider \u00e0 soulager les irritations et les d\u00e9mangeaisons mineures de la peau. La formule est enrichie de 7 hydratants nourrissants et de 3 vitamines, dont la\u2026","rel":"","context":"Similar post","block_context":{"text":"Similar post","link":""},"img":{"alt_text":"","src":"","width":0,"height":0},"classes":[]},{"id":29887,"url":"https:\/\/sakaba.mghosteur.com\/en\/product\/vaseline-100-healing-petroleum-jelly-212g\/","url_meta":{"origin":25093,"position":2},"title":"VASELINE 100% HEALING PETROLEUM JELLY 212G","author":"admin","date":"April 27, 2023","format":false,"excerpt":"D\u00e9couvrez la gel\u00e9e cicatrisante originale de la marque Vaseline pour une peau hydrat\u00e9e et soign\u00e9e. Cette gel\u00e9e est triplement purifi\u00e9e et 100 % pure pour aider \u00e0 gu\u00e9rir les peaux ab\u00eem\u00e9es, craquel\u00e9es et s\u00e8ches. Elle cr\u00e9e une barri\u00e8re protectrice et favorise le processus naturel de gu\u00e9rison de la peau gr\u00e2ce\u2026","rel":"","context":"Similar post","block_context":{"text":"Similar post","link":""},"img":{"alt_text":"","src":"","width":0,"height":0},"classes":[]},{"id":29023,"url":"https:\/\/sakaba.mghosteur.com\/en\/product\/cerave-diabetics-dry-skin-relief-cleansing-wash\/","url_meta":{"origin":25093,"position":3},"title":"CERAVE DIABETICS DRY SKIN RELIEF CLEANSING WASH","author":"admin","date":"March 10, 2023","format":false,"excerpt":"Ce nettoyant nettoyant pour le soulagement de la peau s\u00e8che de CeraVe Diabetics est un choix id\u00e9al pour les personnes atteintes de diab\u00e8te souffrant d'une peau s\u00e8che et sensible. Utilisez-le tous les jours pour nettoyer votre peau en douceur et pour b\u00e9n\u00e9ficier d'une hydratation longue dur\u00e9e qui aide \u00e0 soulager\u2026","rel":"","context":"Similar post","block_context":{"text":"Similar post","link":""},"img":{"alt_text":"","src":"","width":0,"height":0},"classes":[]},{"id":29775,"url":"https:\/\/sakaba.mghosteur.com\/en\/product\/calcium-magnesium-plus-zinc\/","url_meta":{"origin":25093,"position":4},"title":"CALCIUM MAGNESIUM PLUS ZINC","author":"admin","date":"April 24, 2023","format":false,"excerpt":"D\u00e9couvrez les comprim\u00e9s de Calcium Magn\u00e9sium Plus Zinc de la marque Solgar, un compl\u00e9ment alimentaire essentiel pour soutenir la sant\u00e9 de votre syst\u00e8me squelettique, musculaire, nerveux et immunitaire. En plus du calcium, ce produit contient du magn\u00e9sium et du zinc, qui sont \u00e9galement n\u00e9cessaires pour maintenir des os et des\u2026","rel":"","context":"Similar post","block_context":{"text":"Similar post","link":""},"img":{"alt_text":"","src":"","width":0,"height":0},"classes":[]},{"id":29811,"url":"https:\/\/sakaba.mghosteur.com\/en\/product\/solgar-vitamin-c-1500-mg-with-rose-hips\/","url_meta":{"origin":25093,"position":5},"title":"SOLGAR VITAMIN C 1500 MG WITH ROSE HIPS","author":"admin","date":"April 25, 2023","format":false,"excerpt":"Optimisez votre sant\u00e9 avec les comprim\u00e9s de vitamine C de la marque Solgar, formul\u00e9s avec 1500 mg de vitamine C pure ainsi que des fruits d'\u00e9glantier. La vitamine C est une vitamine essentielle et puissant antioxydant qui joue un r\u00f4le crucial dans le fonctionnement de votre syst\u00e8me immunitaire en stimulant\u2026","rel":"","context":"Similar post","block_context":{"text":"Similar post","link":""},"img":{"alt_text":"","src":"","width":0,"height":0},"classes":[]}],"_links":{"self":[{"href":"https:\/\/sakaba.mghosteur.com\/en\/wp-json\/wp\/v2\/product\/25093","targetHints":{"allow":["GET"]}}],"collection":[{"href":"https:\/\/sakaba.mghosteur.com\/en\/wp-json\/wp\/v2\/product"}],"about":[{"href":"https:\/\/sakaba.mghosteur.com\/en\/wp-json\/wp\/v2\/types\/product"}],"replies":[{"embeddable":true,"href":"https:\/\/sakaba.mghosteur.com\/en\/wp-json\/wp\/v2\/comments?post=25093"}],"version-history":[{"count":0,"href":"https:\/\/sakaba.mghosteur.com\/en\/wp-json\/wp\/v2\/product\/25093\/revisions"}],"wp:attachment":[{"href":"https:\/\/sakaba.mghosteur.com\/en\/wp-json\/wp\/v2\/media?parent=25093"}],"wp:term":[{"taxonomy":"product_brand","embeddable":true,"href":"https:\/\/sakaba.mghosteur.com\/en\/wp-json\/wp\/v2\/product_brand?post=25093"},{"taxonomy":"product_cat","embeddable":true,"href":"https:\/\/sakaba.mghosteur.com\/en\/wp-json\/wp\/v2\/product_cat?post=25093"},{"taxonomy":"product_tag","embeddable":true,"href":"https:\/\/sakaba.mghosteur.com\/en\/wp-json\/wp\/v2\/product_tag?post=25093"}],"curies":[{"name":"wp","href":"https:\/\/api.w.org\/{rel}","templated":true}]}}