{"id":25096,"date":"2022-11-11T12:23:22","date_gmt":"2022-11-11T12:23:22","guid":{"rendered":"http:\/\/www.sakababeauty.com\/?post_type=product&#038;p=25096"},"modified":"2022-11-11T12:23:23","modified_gmt":"2022-11-11T12:23:23","slug":"fat-burner-400mg-concentrated","status":"publish","type":"product","link":"https:\/\/sakaba.mghosteur.com\/en\/product\/fat-burner-400mg-concentrated\/","title":{"rendered":"FAT BURNER 400MG CONCENTRATED"},"content":{"rendered":"","protected":false},"excerpt":{"rendered":"","protected":false},"featured_media":0,"comment_status":"closed","ping_status":"closed","template":"","meta":[],"product_brand":[],"product_cat":[381],"product_tag":[],"class_list":{"0":"post-25096","1":"product","2":"type-product","3":"status-publish","5":"product_cat-vitamine-et-complements","7":"first","8":"instock","9":"shipping-taxable","10":"product-type-simple"},"jetpack-related-posts":[{"id":25078,"url":"https:\/\/sakaba.mghosteur.com\/en\/product\/youtheory-daily-fat-burner\/","url_meta":{"origin":25096,"position":0},"title":"YOUTHEORY DAILY FAT BURNER","author":"admin","date":"November 11, 2022","format":false,"excerpt":"Ce m\u00e9lange exclusif de fruits est con\u00e7u pour une gestion saine du poids. Utilis\u00e9e en conjonction avec un r\u00e9gime hypocalorique et une activit\u00e9 physique raisonnable, cette formule br\u00fble-graisses peut vous aider \u00e0 atteindre vos objectifs de perte de poids.","rel":"","context":"Similar post","block_context":{"text":"Similar post","link":""},"img":{"alt_text":"","src":"","width":0,"height":0},"classes":[]},{"id":25179,"url":"https:\/\/sakaba.mghosteur.com\/en\/product\/nature-made-magnesium-400mg-extra-strength\/","url_meta":{"origin":25096,"position":1},"title":"NATURE MADE MAGNESIUM 400MG EXTRA STRENGTH","author":"admin","date":"November 11, 2022","format":false,"excerpt":"","rel":"","context":"Similar post","block_context":{"text":"Similar post","link":""},"img":{"alt_text":"","src":"","width":0,"height":0},"classes":[]},{"id":29724,"url":"https:\/\/sakaba.mghosteur.com\/en\/product\/palmers-natural-e-vitamin-concentrated-cream\/","url_meta":{"origin":25096,"position":2},"title":"PALMERS NATURAL E VITAMIN CONCENTRATED CREAM","author":"admin","date":"April 17, 2023","format":false,"excerpt":"D\u00e9couvrez la cr\u00e8me concentr\u00e9e \u00e0 la vitamine E de la marque Palmer's pour une peau prot\u00e9g\u00e9e et r\u00e9g\u00e9n\u00e9r\u00e9e. Cette cr\u00e8me est con\u00e7ue avec la plus forte concentration de vitamine E et de beurre de cacao pour nourrir et soigner la peau en profondeur. Elle convient parfaitement aux peaux craquel\u00e9es, irrit\u00e9es\u2026","rel":"","context":"Similar post","block_context":{"text":"Similar post","link":""},"img":{"alt_text":"","src":"","width":0,"height":0},"classes":[]},{"id":31433,"url":"https:\/\/sakaba.mghosteur.com\/en\/product\/numbuzin-5-vitamin-concentrated-serum-30ml\/","url_meta":{"origin":25096,"position":3},"title":"NUMBUZIN 5+ VITAMIN CONCENTRATED SERUM 30ML","author":"admin","date":"May 10, 2024","format":false,"excerpt":"D\u00e9couvrez le S\u00e9rum Concentr\u00e9 Vitamine No.5, une fusion de puissants antioxydants tels que le glutathion et la niacinamide. Ce s\u00e9rum de 30 ml est con\u00e7u pour unifier et hydrater votre peau tout en lui apportant une protection sup\u00e9rieure. Sa formule innovante associe des ingr\u00e9dients \u00e9claircissants comme l'alpha-arbutine et la vitamine\u2026","rel":"","context":"Similar post","block_context":{"text":"Similar post","link":""},"img":{"alt_text":"","src":"","width":0,"height":0},"classes":[]},{"id":26607,"url":"https:\/\/sakaba.mghosteur.com\/en\/product\/fenty-skin-start-r-set\/","url_meta":{"origin":25096,"position":4},"title":"FENTY SKIN START&#8217;R SET","author":"admin","date":"November 28, 2022","format":false,"excerpt":"D\u00e9couvrez le coffret voyage FENTY SKIN START'R de FENTY, con\u00e7u pour une routine quotidienne de soins pour vos pores. Le coffret contient trois mini produits pour prendre soin de votre peau en voyage. Ce syst\u00e8me cliniquement prouv\u00e9 resserre les pores, illumine, hydrate, adoucit et am\u00e9liore votre peau \u00e0 chaque utilisation.\u2026","rel":"","context":"Similar post","block_context":{"text":"Similar post","link":""},"img":{"alt_text":"","src":"","width":0,"height":0},"classes":[]},{"id":29602,"url":"https:\/\/sakaba.mghosteur.com\/en\/product\/fenty-skin-watch-ya-tone-niacinamide-dard-spot-ser\/","url_meta":{"origin":25096,"position":5},"title":"FENTY SKIN WATCH YA TONE NIACINAMIDE DARD SPOT SER","author":"admin","date":"April 10, 2023","format":false,"excerpt":"D\u00e9couvrez le s\u00e9rum WATCH YA TONE NIACINAMIDE DARK SPOT de la marque FENTY, un traitement cibl\u00e9 pour une peau uniforme et lumineuse. Les taches sombres ne sont plus un probl\u00e8me avec ce cocktail concentr\u00e9 d'ingr\u00e9dients anti-taches. En seulement une semaine, vous verrez une am\u00e9lioration de l'apparence de votre peau, qui\u2026","rel":"","context":"Similar post","block_context":{"text":"Similar post","link":""},"img":{"alt_text":"","src":"","width":0,"height":0},"classes":[]}],"_links":{"self":[{"href":"https:\/\/sakaba.mghosteur.com\/en\/wp-json\/wp\/v2\/product\/25096","targetHints":{"allow":["GET"]}}],"collection":[{"href":"https:\/\/sakaba.mghosteur.com\/en\/wp-json\/wp\/v2\/product"}],"about":[{"href":"https:\/\/sakaba.mghosteur.com\/en\/wp-json\/wp\/v2\/types\/product"}],"replies":[{"embeddable":true,"href":"https:\/\/sakaba.mghosteur.com\/en\/wp-json\/wp\/v2\/comments?post=25096"}],"version-history":[{"count":0,"href":"https:\/\/sakaba.mghosteur.com\/en\/wp-json\/wp\/v2\/product\/25096\/revisions"}],"wp:attachment":[{"href":"https:\/\/sakaba.mghosteur.com\/en\/wp-json\/wp\/v2\/media?parent=25096"}],"wp:term":[{"taxonomy":"product_brand","embeddable":true,"href":"https:\/\/sakaba.mghosteur.com\/en\/wp-json\/wp\/v2\/product_brand?post=25096"},{"taxonomy":"product_cat","embeddable":true,"href":"https:\/\/sakaba.mghosteur.com\/en\/wp-json\/wp\/v2\/product_cat?post=25096"},{"taxonomy":"product_tag","embeddable":true,"href":"https:\/\/sakaba.mghosteur.com\/en\/wp-json\/wp\/v2\/product_tag?post=25096"}],"curies":[{"name":"wp","href":"https:\/\/api.w.org\/{rel}","templated":true}]}}