{"id":25104,"date":"2022-11-11T12:28:20","date_gmt":"2022-11-11T12:28:20","guid":{"rendered":"http:\/\/www.sakababeauty.com\/?post_type=product&#038;p=25104"},"modified":"2022-11-11T12:28:20","modified_gmt":"2022-11-11T12:28:20","slug":"immune-support-manuka-honey-vitamin-c-zinc","status":"publish","type":"product","link":"https:\/\/sakaba.mghosteur.com\/en\/product\/immune-support-manuka-honey-vitamin-c-zinc\/","title":{"rendered":"IMMUNE SUPPORT MANUKA HONEY +VITAMIN C ZINC"},"content":{"rendered":"","protected":false},"excerpt":{"rendered":"","protected":false},"featured_media":0,"comment_status":"closed","ping_status":"closed","template":"","meta":[],"product_brand":[],"product_cat":[381],"product_tag":[],"class_list":{"0":"post-25104","1":"product","2":"type-product","3":"status-publish","5":"product_cat-vitamine-et-complements","7":"first","8":"instock","9":"shipping-taxable","10":"product-type-simple"},"jetpack-related-posts":[{"id":36851,"url":"https:\/\/sakaba.mghosteur.com\/en\/product\/medix-5-5-coconut-oil-manuka-honey-444ml\/","url_meta":{"origin":25104,"position":0},"title":"MEDIX 5.5 COCONUT OIL + MANUKA HONEY 444ML","author":"admin","date":"September 12, 2024","format":false,"excerpt":"Cr\u00e8me pour le corps Replenish & Recover 15oz Plongez dans le bonheur avec notre luxueuse cr\u00e8me pour le corps infus\u00e9e de l'essence tropicale de l'huile de coco et de la touche dor\u00e9e du miel de Manuka. Riche en antioxydants et en acides gras essentiels, l'huile de coco et le miel\u2026","rel":"","context":"Similar post","block_context":{"text":"Similar post","link":""},"img":{"alt_text":"","src":"","width":0,"height":0},"classes":[]},{"id":32371,"url":"https:\/\/sakaba.mghosteur.com\/en\/product\/sheamoisture-deep-conditioner\/","url_meta":{"origin":25104,"position":1},"title":"SheaMoisture DEEP CONDITIONER","author":"admin","date":"May 14, 2024","format":false,"excerpt":"Apr\u00e8s-shampooing profond SheaMoisture - Beurre d'avocat et miel de Manuka Le revitalisant capillaire en profondeur SheaMoisture Men Avocado Butter and Manuka Honey est un essentiel pour les hommes soucieux de leurs cheveux. Con\u00e7u pour r\u00e9pondre aux besoins des cheveux boucl\u00e9s, il offre une hydratation intense sans compromettre le bien-\u00eatre animal.\u2026","rel":"","context":"Similar post","block_context":{"text":"Similar post","link":""},"img":{"alt_text":"","src":"","width":0,"height":0},"classes":[]},{"id":32368,"url":"https:\/\/sakaba.mghosteur.com\/en\/product\/sheamoisture-coconut-hibiscus-curl-enhancing-smoothie-57g\/","url_meta":{"origin":25104,"position":2},"title":"SHEAMOISTURE COCONUT HIBISCUS CURL ENHANCING SMOOTHIE 57G","author":"admin","date":"May 14, 2024","format":false,"excerpt":"Apr\u00e8s-shampooing profond SheaMoisture - Beurre d'avocat et miel de Manuka Le revitalisant capillaire en profondeur SheaMoisture Men Avocado Butter and Manuka Honey est un essentiel pour les hommes soucieux de leurs cheveux. Con\u00e7u pour r\u00e9pondre aux besoins des cheveux boucl\u00e9s, il offre une hydratation intense sans compromettre le bien-\u00eatre animal.\u2026","rel":"","context":"Similar post","block_context":{"text":"Similar post","link":""},"img":{"alt_text":"","src":"","width":0,"height":0},"classes":[]},{"id":25185,"url":"https:\/\/sakaba.mghosteur.com\/en\/product\/nature-made-calcium-magnesium-zinc\/","url_meta":{"origin":25104,"position":3},"title":"NATURE MADE CALCIUM MAGNESIUM ZINC","author":"admin","date":"November 14, 2022","format":false,"excerpt":"","rel":"","context":"Similar post","block_context":{"text":"Similar post","link":""},"img":{"alt_text":"","src":"","width":0,"height":0},"classes":[]},{"id":29798,"url":"https:\/\/sakaba.mghosteur.com\/en\/product\/solgar-chelated-zinc-100-tablets\/","url_meta":{"origin":25104,"position":4},"title":"SOLGAR CHELATED ZINC 100 TABLETS","author":"admin","date":"April 25, 2023","format":false,"excerpt":"D\u00e9couvrez les comprim\u00e9s de zinc ch\u00e9lat\u00e9 de la marque Solgar pour soutenir votre bien-\u00eatre g\u00e9n\u00e9ral. Le zinc, un min\u00e9ral et antioxydant essentiel \u00e0 de nombreuses fonctions cl\u00e9s de votre corps, aide \u00e0 maintenir une peau et des yeux sains, ainsi que des fonctions normales du syst\u00e8me immunitaire, squelettique, endocrinien et\u2026","rel":"","context":"Similar post","block_context":{"text":"Similar post","link":""},"img":{"alt_text":"","src":"","width":0,"height":0},"classes":[]},{"id":25086,"url":"https:\/\/sakaba.mghosteur.com\/en\/product\/solgar-chelated-zinc\/","url_meta":{"origin":25104,"position":5},"title":"SOLGAR CHELATED ZINC","author":"admin","date":"November 11, 2022","format":false,"excerpt":"D\u00e9couvrez le compl\u00e9ment alimentaire de zinc ch\u00e9lat\u00e9 de Solgar\u00ae, un min\u00e9ral essentiel pour le maintien de votre sant\u00e9 et de votre bien-\u00eatre g\u00e9n\u00e9ral*. Notre formule hautement absorbable aide \u00e0 soutenir la sant\u00e9 du syst\u00e8me immunitaire*, une peau et des yeux sains*, un go\u00fbt et une vision normaux*, ainsi que des\u2026","rel":"","context":"Similar post","block_context":{"text":"Similar post","link":""},"img":{"alt_text":"","src":"","width":0,"height":0},"classes":[]}],"_links":{"self":[{"href":"https:\/\/sakaba.mghosteur.com\/en\/wp-json\/wp\/v2\/product\/25104","targetHints":{"allow":["GET"]}}],"collection":[{"href":"https:\/\/sakaba.mghosteur.com\/en\/wp-json\/wp\/v2\/product"}],"about":[{"href":"https:\/\/sakaba.mghosteur.com\/en\/wp-json\/wp\/v2\/types\/product"}],"replies":[{"embeddable":true,"href":"https:\/\/sakaba.mghosteur.com\/en\/wp-json\/wp\/v2\/comments?post=25104"}],"version-history":[{"count":0,"href":"https:\/\/sakaba.mghosteur.com\/en\/wp-json\/wp\/v2\/product\/25104\/revisions"}],"wp:attachment":[{"href":"https:\/\/sakaba.mghosteur.com\/en\/wp-json\/wp\/v2\/media?parent=25104"}],"wp:term":[{"taxonomy":"product_brand","embeddable":true,"href":"https:\/\/sakaba.mghosteur.com\/en\/wp-json\/wp\/v2\/product_brand?post=25104"},{"taxonomy":"product_cat","embeddable":true,"href":"https:\/\/sakaba.mghosteur.com\/en\/wp-json\/wp\/v2\/product_cat?post=25104"},{"taxonomy":"product_tag","embeddable":true,"href":"https:\/\/sakaba.mghosteur.com\/en\/wp-json\/wp\/v2\/product_tag?post=25104"}],"curies":[{"name":"wp","href":"https:\/\/api.w.org\/{rel}","templated":true}]}}