{"id":25121,"date":"2022-11-11T12:43:54","date_gmt":"2022-11-11T12:43:54","guid":{"rendered":"http:\/\/www.sakababeauty.com\/?post_type=product&#038;p=25121"},"modified":"2022-11-11T12:43:54","modified_gmt":"2022-11-11T12:43:54","slug":"maybelline-dream-radiant-liquid-128-mocha-moka","status":"publish","type":"product","link":"https:\/\/sakaba.mghosteur.com\/en\/product\/maybelline-dream-radiant-liquid-128-mocha-moka\/","title":{"rendered":"Maybelline dream radiant liquid 128 Mocha Moka"},"content":{"rendered":"","protected":false},"excerpt":{"rendered":"","protected":false},"featured_media":0,"comment_status":"closed","ping_status":"closed","template":"","meta":[],"product_brand":[],"product_cat":[289],"product_tag":[],"class_list":{"0":"post-25121","1":"product","2":"type-product","3":"status-publish","5":"product_cat-aaa-maquillage","7":"first","8":"instock","9":"shipping-taxable","10":"product-type-simple"},"jetpack-related-posts":[{"id":25131,"url":"https:\/\/sakaba.mghosteur.com\/en\/product\/maybelline-dream-radiant-liquid-130-cocoa\/","url_meta":{"origin":25121,"position":0},"title":"Maybelline dream radiant liquid 130 cocoa","author":"admin","date":"November 11, 2022","format":false,"excerpt":"","rel":"","context":"Similar post","block_context":{"text":"Similar post","link":""},"img":{"alt_text":"","src":"","width":0,"height":0},"classes":[]},{"id":24861,"url":"https:\/\/sakaba.mghosteur.com\/en\/product\/maybelline-fit-me-360-mocha-moka\/","url_meta":{"origin":25121,"position":1},"title":"Maybelline Fit Me","author":"admin","date":"November 11, 2022","format":false,"excerpt":"","rel":"","context":"Similar post","block_context":{"text":"Similar post","link":""},"img":{"alt_text":"","src":"","width":0,"height":0},"classes":[]},{"id":25174,"url":"https:\/\/sakaba.mghosteur.com\/en\/product\/maybelline-dream-satin-liquid-60-sandy-beige\/","url_meta":{"origin":25121,"position":2},"title":"Maybelline dream satin liquid 60 sandy Beige","author":"admin","date":"November 11, 2022","format":false,"excerpt":"","rel":"","context":"Similar post","block_context":{"text":"Similar post","link":""},"img":{"alt_text":"","src":"","width":0,"height":0},"classes":[]},{"id":34536,"url":"https:\/\/sakaba.mghosteur.com\/en\/product\/fenty-beauty-sun-stalkr-08-mocha-mami-6-23g\/","url_meta":{"origin":25121,"position":3},"title":"FENTY BEAUTY SUN STALK&#8217;R 08 MOCHA MAMI 6.23G","author":"admin","date":"May 29, 2024","format":false,"excerpt":"Poudre bronzante longue tenue et r\u00e9sistante au transfert qui donne vie \u00e0 tous les tons de peau avec un \u00e9clat ensoleill\u00e9 instantan\u00e9.","rel":"","context":"Similar post","block_context":{"text":"Similar post","link":""},"img":{"alt_text":"","src":"","width":0,"height":0},"classes":[]},{"id":33057,"url":"https:\/\/sakaba.mghosteur.com\/en\/product\/maybelline-lifter-gloss-002\/","url_meta":{"origin":25121,"position":4},"title":"Maybelline LIFTER GLOSS 002","author":"admin","date":"May 17, 2024","format":false,"excerpt":"","rel":"","context":"Similar post","block_context":{"text":"Similar post","link":""},"img":{"alt_text":"","src":"","width":0,"height":0},"classes":[]},{"id":33060,"url":"https:\/\/sakaba.mghosteur.com\/en\/product\/maybelline-lifter-gloss-009\/","url_meta":{"origin":25121,"position":5},"title":"Maybelline LIFTER GLOSS 009","author":"admin","date":"May 17, 2024","format":false,"excerpt":"","rel":"","context":"Similar post","block_context":{"text":"Similar post","link":""},"img":{"alt_text":"","src":"","width":0,"height":0},"classes":[]}],"_links":{"self":[{"href":"https:\/\/sakaba.mghosteur.com\/en\/wp-json\/wp\/v2\/product\/25121","targetHints":{"allow":["GET"]}}],"collection":[{"href":"https:\/\/sakaba.mghosteur.com\/en\/wp-json\/wp\/v2\/product"}],"about":[{"href":"https:\/\/sakaba.mghosteur.com\/en\/wp-json\/wp\/v2\/types\/product"}],"replies":[{"embeddable":true,"href":"https:\/\/sakaba.mghosteur.com\/en\/wp-json\/wp\/v2\/comments?post=25121"}],"version-history":[{"count":0,"href":"https:\/\/sakaba.mghosteur.com\/en\/wp-json\/wp\/v2\/product\/25121\/revisions"}],"wp:attachment":[{"href":"https:\/\/sakaba.mghosteur.com\/en\/wp-json\/wp\/v2\/media?parent=25121"}],"wp:term":[{"taxonomy":"product_brand","embeddable":true,"href":"https:\/\/sakaba.mghosteur.com\/en\/wp-json\/wp\/v2\/product_brand?post=25121"},{"taxonomy":"product_cat","embeddable":true,"href":"https:\/\/sakaba.mghosteur.com\/en\/wp-json\/wp\/v2\/product_cat?post=25121"},{"taxonomy":"product_tag","embeddable":true,"href":"https:\/\/sakaba.mghosteur.com\/en\/wp-json\/wp\/v2\/product_tag?post=25121"}],"curies":[{"name":"wp","href":"https:\/\/api.w.org\/{rel}","templated":true}]}}