{"id":25185,"date":"2022-11-14T10:32:49","date_gmt":"2022-11-14T10:32:49","guid":{"rendered":"http:\/\/www.sakababeauty.com\/?post_type=product&#038;p=25185"},"modified":"2022-11-14T10:32:50","modified_gmt":"2022-11-14T10:32:50","slug":"nature-made-calcium-magnesium-zinc","status":"publish","type":"product","link":"https:\/\/sakaba.mghosteur.com\/en\/product\/nature-made-calcium-magnesium-zinc\/","title":{"rendered":"NATURE MADE CALCIUM MAGNESIUM ZINC"},"content":{"rendered":"","protected":false},"excerpt":{"rendered":"","protected":false},"featured_media":0,"comment_status":"closed","ping_status":"closed","template":"","meta":[],"product_brand":[],"product_cat":[381],"product_tag":[],"class_list":{"0":"post-25185","1":"product","2":"type-product","3":"status-publish","5":"product_cat-vitamine-et-complements","7":"first","8":"instock","9":"shipping-taxable","10":"product-type-simple"},"jetpack-related-posts":[{"id":29775,"url":"https:\/\/sakaba.mghosteur.com\/en\/product\/calcium-magnesium-plus-zinc\/","url_meta":{"origin":25185,"position":0},"title":"CALCIUM MAGNESIUM PLUS ZINC","author":"admin","date":"April 24, 2023","format":false,"excerpt":"D\u00e9couvrez les comprim\u00e9s de Calcium Magn\u00e9sium Plus Zinc de la marque Solgar, un compl\u00e9ment alimentaire essentiel pour soutenir la sant\u00e9 de votre syst\u00e8me squelettique, musculaire, nerveux et immunitaire. En plus du calcium, ce produit contient du magn\u00e9sium et du zinc, qui sont \u00e9galement n\u00e9cessaires pour maintenir des os et des\u2026","rel":"","context":"Similar post","block_context":{"text":"Similar post","link":""},"img":{"alt_text":"","src":"","width":0,"height":0},"classes":[]},{"id":25179,"url":"https:\/\/sakaba.mghosteur.com\/en\/product\/nature-made-magnesium-400mg-extra-strength\/","url_meta":{"origin":25185,"position":1},"title":"NATURE MADE MAGNESIUM 400MG EXTRA STRENGTH","author":"admin","date":"November 11, 2022","format":false,"excerpt":"","rel":"","context":"Similar post","block_context":{"text":"Similar post","link":""},"img":{"alt_text":"","src":"","width":0,"height":0},"classes":[]},{"id":25157,"url":"https:\/\/sakaba.mghosteur.com\/en\/product\/nature-made-calcium-500mg\/","url_meta":{"origin":25185,"position":2},"title":"NATURE MADE CALCIUM 500mg","author":"admin","date":"November 11, 2022","format":false,"excerpt":"","rel":"","context":"Similar post","block_context":{"text":"Similar post","link":""},"img":{"alt_text":"","src":"","width":0,"height":0},"classes":[]},{"id":30197,"url":"https:\/\/sakaba.mghosteur.com\/en\/product\/necessaire-the-body-oil\/","url_meta":{"origin":25185,"position":3},"title":"NECESSAIRE THE BODY OIL","author":"admin","date":"May 4, 2023","format":false,"excerpt":"D\u00e9couvrez l'Huile Corporelle de la marque N\u00e9cessaire\u2122, une huile de traitement riche en nutriments pour prendre soin de votre corps en profondeur. Cette huile est enti\u00e8rement BIO et press\u00e9e \u00e0 froid, sans additifs. Elle convient \u00e0 tous les types de peau, y compris les peaux s\u00e8ches, huileuses, combin\u00e9es et sensibles.\u2026","rel":"","context":"Similar post","block_context":{"text":"Similar post","link":""},"img":{"alt_text":"","src":"","width":0,"height":0},"classes":[]},{"id":32109,"url":"https:\/\/sakaba.mghosteur.com\/en\/product\/nature-bounty-zinc-50mg-200tb\/","url_meta":{"origin":25185,"position":4},"title":"NATURE BOUNTY ZINC 50MG 200TB","author":"admin","date":"May 13, 2024","format":false,"excerpt":"","rel":"","context":"Similar post","block_context":{"text":"Similar post","link":""},"img":{"alt_text":"","src":"","width":0,"height":0},"classes":[]},{"id":25204,"url":"https:\/\/sakaba.mghosteur.com\/en\/product\/nature-made-potassium-gluconate\/","url_meta":{"origin":25185,"position":5},"title":"NATURE MADE POTASSIUM GLUCONATE","author":"admin","date":"November 14, 2022","format":false,"excerpt":"","rel":"","context":"Similar post","block_context":{"text":"Similar post","link":""},"img":{"alt_text":"","src":"","width":0,"height":0},"classes":[]}],"_links":{"self":[{"href":"https:\/\/sakaba.mghosteur.com\/en\/wp-json\/wp\/v2\/product\/25185","targetHints":{"allow":["GET"]}}],"collection":[{"href":"https:\/\/sakaba.mghosteur.com\/en\/wp-json\/wp\/v2\/product"}],"about":[{"href":"https:\/\/sakaba.mghosteur.com\/en\/wp-json\/wp\/v2\/types\/product"}],"replies":[{"embeddable":true,"href":"https:\/\/sakaba.mghosteur.com\/en\/wp-json\/wp\/v2\/comments?post=25185"}],"version-history":[{"count":0,"href":"https:\/\/sakaba.mghosteur.com\/en\/wp-json\/wp\/v2\/product\/25185\/revisions"}],"wp:attachment":[{"href":"https:\/\/sakaba.mghosteur.com\/en\/wp-json\/wp\/v2\/media?parent=25185"}],"wp:term":[{"taxonomy":"product_brand","embeddable":true,"href":"https:\/\/sakaba.mghosteur.com\/en\/wp-json\/wp\/v2\/product_brand?post=25185"},{"taxonomy":"product_cat","embeddable":true,"href":"https:\/\/sakaba.mghosteur.com\/en\/wp-json\/wp\/v2\/product_cat?post=25185"},{"taxonomy":"product_tag","embeddable":true,"href":"https:\/\/sakaba.mghosteur.com\/en\/wp-json\/wp\/v2\/product_tag?post=25185"}],"curies":[{"name":"wp","href":"https:\/\/api.w.org\/{rel}","templated":true}]}}