{"id":25187,"date":"2022-11-14T10:41:55","date_gmt":"2022-11-14T10:41:55","guid":{"rendered":"http:\/\/www.sakababeauty.com\/?post_type=product&#038;p=25187"},"modified":"2022-11-14T10:41:56","modified_gmt":"2022-11-14T10:41:56","slug":"nature-made-vitamine-c-1000-mg-365-tablet","status":"publish","type":"product","link":"https:\/\/sakaba.mghosteur.com\/en\/product\/nature-made-vitamine-c-1000-mg-365-tablet\/","title":{"rendered":"NATURE MADE VITAMINE C 1000 MG 365 TABLET"},"content":{"rendered":"","protected":false},"excerpt":{"rendered":"","protected":false},"featured_media":0,"comment_status":"closed","ping_status":"closed","template":"","meta":[],"product_brand":[],"product_cat":[381],"product_tag":[],"class_list":{"0":"post-25187","1":"product","2":"type-product","3":"status-publish","5":"product_cat-vitamine-et-complements","7":"first","8":"instock","9":"shipping-taxable","10":"product-type-simple"},"jetpack-related-posts":[{"id":25196,"url":"https:\/\/sakaba.mghosteur.com\/en\/product\/nature-made-vitamine-c-1000-mg\/","url_meta":{"origin":25187,"position":0},"title":"Nature Made Vitamine C 1000 mg","author":"admin","date":"November 14, 2022","format":false,"excerpt":"","rel":"","context":"Similar post","block_context":{"text":"Similar post","link":""},"img":{"alt_text":"","src":"","width":0,"height":0},"classes":[]},{"id":25191,"url":"https:\/\/sakaba.mghosteur.com\/en\/product\/nature-made-multi-complete-130-tablets\/","url_meta":{"origin":25187,"position":1},"title":"NATURE MADE MULTI COMPLETE 130 TABLETS","author":"admin","date":"November 14, 2022","format":false,"excerpt":"","rel":"","context":"Similar post","block_context":{"text":"Similar post","link":""},"img":{"alt_text":"","src":"","width":0,"height":0},"classes":[]},{"id":25202,"url":"https:\/\/sakaba.mghosteur.com\/en\/product\/nature-made-e-1000-iu-450mg\/","url_meta":{"origin":25187,"position":2},"title":"NATURE MADE E 1000 IU 450MG","author":"admin","date":"November 14, 2022","format":false,"excerpt":"","rel":"","context":"Similar post","block_context":{"text":"Similar post","link":""},"img":{"alt_text":"","src":"","width":0,"height":0},"classes":[]},{"id":29817,"url":"https:\/\/sakaba.mghosteur.com\/en\/product\/vitamin-c-1000-mg-with-rose-hips\/","url_meta":{"origin":25187,"position":3},"title":"VITAMIN C 1000 MG WITH ROSE HIPS","author":"admin","date":"April 25, 2023","format":false,"excerpt":"Optimisez votre sant\u00e9 avec la vitamine C 1000 mg de la marque Solgar, un nutriment antioxydant essentiel qui contribue au fonctionnement du syst\u00e8me immunitaire en soutenant la vitalit\u00e9 des globules blancs. De plus, cette vitamine joue un r\u00f4le cl\u00e9 dans la formation de collag\u00e8ne, qui est important pour une peau,\u2026","rel":"","context":"Similar post","block_context":{"text":"Similar post","link":""},"img":{"alt_text":"","src":"","width":0,"height":0},"classes":[]},{"id":24947,"url":"https:\/\/sakaba.mghosteur.com\/en\/product\/spring-valley-garlic-1000-mg\/","url_meta":{"origin":25187,"position":4},"title":"SPRING VALLEY GARLIC 1000 MG","author":"admin","date":"November 11, 2022","format":false,"excerpt":"","rel":"","context":"Similar post","block_context":{"text":"Similar post","link":""},"img":{"alt_text":"","src":"","width":0,"height":0},"classes":[]},{"id":24961,"url":"https:\/\/sakaba.mghosteur.com\/en\/product\/kirklans-signature-ibuprofen-tablets-usp-200-mg\/","url_meta":{"origin":25187,"position":5},"title":"KIRKLANS SIGNATURE IBUPROFEN TABLETS USP 200 MG","author":"admin","date":"November 11, 2022","format":false,"excerpt":"","rel":"","context":"Similar post","block_context":{"text":"Similar post","link":""},"img":{"alt_text":"","src":"","width":0,"height":0},"classes":[]}],"_links":{"self":[{"href":"https:\/\/sakaba.mghosteur.com\/en\/wp-json\/wp\/v2\/product\/25187","targetHints":{"allow":["GET"]}}],"collection":[{"href":"https:\/\/sakaba.mghosteur.com\/en\/wp-json\/wp\/v2\/product"}],"about":[{"href":"https:\/\/sakaba.mghosteur.com\/en\/wp-json\/wp\/v2\/types\/product"}],"replies":[{"embeddable":true,"href":"https:\/\/sakaba.mghosteur.com\/en\/wp-json\/wp\/v2\/comments?post=25187"}],"version-history":[{"count":0,"href":"https:\/\/sakaba.mghosteur.com\/en\/wp-json\/wp\/v2\/product\/25187\/revisions"}],"wp:attachment":[{"href":"https:\/\/sakaba.mghosteur.com\/en\/wp-json\/wp\/v2\/media?parent=25187"}],"wp:term":[{"taxonomy":"product_brand","embeddable":true,"href":"https:\/\/sakaba.mghosteur.com\/en\/wp-json\/wp\/v2\/product_brand?post=25187"},{"taxonomy":"product_cat","embeddable":true,"href":"https:\/\/sakaba.mghosteur.com\/en\/wp-json\/wp\/v2\/product_cat?post=25187"},{"taxonomy":"product_tag","embeddable":true,"href":"https:\/\/sakaba.mghosteur.com\/en\/wp-json\/wp\/v2\/product_tag?post=25187"}],"curies":[{"name":"wp","href":"https:\/\/api.w.org\/{rel}","templated":true}]}}