{"id":25189,"date":"2022-11-14T10:44:17","date_gmt":"2022-11-14T10:44:17","guid":{"rendered":"http:\/\/www.sakababeauty.com\/?post_type=product&#038;p=25189"},"modified":"2022-11-14T10:45:41","modified_gmt":"2022-11-14T10:45:41","slug":"nature-made-fish-oil-gm","status":"publish","type":"product","link":"https:\/\/sakaba.mghosteur.com\/en\/product\/nature-made-fish-oil-gm\/","title":{"rendered":"NATURE MADE FISH OIL GM"},"content":{"rendered":"","protected":false},"excerpt":{"rendered":"","protected":false},"featured_media":0,"comment_status":"closed","ping_status":"closed","template":"","meta":[],"product_brand":[],"product_cat":[381],"product_tag":[],"class_list":{"0":"post-25189","1":"product","2":"type-product","3":"status-publish","5":"product_cat-vitamine-et-complements","7":"first","8":"instock","9":"shipping-taxable","10":"product-type-simple"},"jetpack-related-posts":[{"id":25194,"url":"https:\/\/sakaba.mghosteur.com\/en\/product\/nature-made-fish-oil-pm\/","url_meta":{"origin":25189,"position":0},"title":"NATURE MADE FISH OIL PM","author":"admin","date":"November 14, 2022","format":false,"excerpt":"","rel":"","context":"Similar post","block_context":{"text":"Similar post","link":""},"img":{"alt_text":"","src":"","width":0,"height":0},"classes":[]},{"id":34745,"url":"https:\/\/sakaba.mghosteur.com\/en\/product\/jamaican-black-castor-oil-gm\/","url_meta":{"origin":25189,"position":1},"title":"SUNNY ISLE JAMAICAN BLACK CASTOR OIL GM","author":"admin","date":"May 31, 2024","format":false,"excerpt":"Sunny Isle The Original Jamaican Black Castor Oil is a hair oil that is made from pure Jamaican black castor seeds.\u00a0It is rich in nutrients such as omega fatty acids, vitamin E, and minerals, and is designed to moisturize dry hair, reduce breakage, and help repair damaged strands.\u00a0It has a\u2026","rel":"","context":"Similar post","block_context":{"text":"Similar post","link":""},"img":{"alt_text":"","src":"","width":0,"height":0},"classes":[]},{"id":29785,"url":"https:\/\/sakaba.mghosteur.com\/en\/product\/omega-3-fish-oil-concentrate\/","url_meta":{"origin":25189,"position":2},"title":"OMEGA 3 FISH OIL CONCENTRATE","author":"admin","date":"April 25, 2023","format":false,"excerpt":"D\u00e9couvrez les g\u00e9lules de concentr\u00e9 d'huile de poisson om\u00e9ga-3 de la marque Solgar pour soutenir votre sant\u00e9 cardiaque. Ces g\u00e9lules sont une source naturelle et concentr\u00e9e d'acides gras essentiels om\u00e9ga-3, qui jouent un r\u00f4le essentiel dans une alimentation saine. Prendre quotidiennement 250 mg de ces g\u00e9lules aide \u00e0 soutenir la\u2026","rel":"","context":"Similar post","block_context":{"text":"Similar post","link":""},"img":{"alt_text":"","src":"","width":0,"height":0},"classes":[]},{"id":25602,"url":"https:\/\/sakaba.mghosteur.com\/en\/product\/nature-bounty-e-oil-13500mg\/","url_meta":{"origin":25189,"position":3},"title":"Nature Bounty E-OIL 13,500mg","author":"admin","date":"November 14, 2022","format":false,"excerpt":"","rel":"","context":"Similar post","block_context":{"text":"Similar post","link":""},"img":{"alt_text":"","src":"","width":0,"height":0},"classes":[]},{"id":27639,"url":"https:\/\/sakaba.mghosteur.com\/en\/product\/by-natures-100-natural-vitamin-c-oil\/","url_meta":{"origin":25189,"position":4},"title":"By Natures 100% Natural Vitamin C Oil","author":"admin","date":"November 29, 2022","format":false,"excerpt":"","rel":"","context":"Similar post","block_context":{"text":"Similar post","link":""},"img":{"alt_text":"","src":"","width":0,"height":0},"classes":[]},{"id":27089,"url":"https:\/\/sakaba.mghosteur.com\/en\/product\/by-natures-100-pure-natural-beard-oil\/","url_meta":{"origin":25189,"position":5},"title":"By natures 100% pure natural beard oil","author":"admin","date":"November 28, 2022","format":false,"excerpt":"","rel":"","context":"Similar post","block_context":{"text":"Similar post","link":""},"img":{"alt_text":"","src":"","width":0,"height":0},"classes":[]}],"_links":{"self":[{"href":"https:\/\/sakaba.mghosteur.com\/en\/wp-json\/wp\/v2\/product\/25189","targetHints":{"allow":["GET"]}}],"collection":[{"href":"https:\/\/sakaba.mghosteur.com\/en\/wp-json\/wp\/v2\/product"}],"about":[{"href":"https:\/\/sakaba.mghosteur.com\/en\/wp-json\/wp\/v2\/types\/product"}],"replies":[{"embeddable":true,"href":"https:\/\/sakaba.mghosteur.com\/en\/wp-json\/wp\/v2\/comments?post=25189"}],"version-history":[{"count":0,"href":"https:\/\/sakaba.mghosteur.com\/en\/wp-json\/wp\/v2\/product\/25189\/revisions"}],"wp:attachment":[{"href":"https:\/\/sakaba.mghosteur.com\/en\/wp-json\/wp\/v2\/media?parent=25189"}],"wp:term":[{"taxonomy":"product_brand","embeddable":true,"href":"https:\/\/sakaba.mghosteur.com\/en\/wp-json\/wp\/v2\/product_brand?post=25189"},{"taxonomy":"product_cat","embeddable":true,"href":"https:\/\/sakaba.mghosteur.com\/en\/wp-json\/wp\/v2\/product_cat?post=25189"},{"taxonomy":"product_tag","embeddable":true,"href":"https:\/\/sakaba.mghosteur.com\/en\/wp-json\/wp\/v2\/product_tag?post=25189"}],"curies":[{"name":"wp","href":"https:\/\/api.w.org\/{rel}","templated":true}]}}