{"id":25200,"date":"2022-11-14T10:53:29","date_gmt":"2022-11-14T10:53:29","guid":{"rendered":"http:\/\/www.sakababeauty.com\/?post_type=product&#038;p=25200"},"modified":"2022-11-14T10:53:30","modified_gmt":"2022-11-14T10:53:30","slug":"nature-mde-d3-2000-iu-50mcg","status":"publish","type":"product","link":"https:\/\/sakaba.mghosteur.com\/en\/product\/nature-mde-d3-2000-iu-50mcg\/","title":{"rendered":"NATURE MDE D3 2000 IU 50MCG"},"content":{"rendered":"","protected":false},"excerpt":{"rendered":"","protected":false},"featured_media":0,"comment_status":"closed","ping_status":"closed","template":"","meta":[],"product_brand":[],"product_cat":[381],"product_tag":[],"class_list":{"0":"post-25200","1":"product","2":"type-product","3":"status-publish","5":"product_cat-vitamine-et-complements","7":"first","8":"instock","9":"shipping-taxable","10":"product-type-simple"},"jetpack-related-posts":[{"id":29814,"url":"https:\/\/sakaba.mghosteur.com\/en\/product\/solgar-vitamin-d3-125mcg-5000-iu\/","url_meta":{"origin":25200,"position":0},"title":"SOLGAR VITAMIN D3 125MCG 5000 IU","author":"admin","date":"April 25, 2023","format":false,"excerpt":"D\u00e9couvrez les g\u00e9lules de vitamine D3 (chol\u00e9calcif\u00e9rol) de la marque Solgar pour maintenir une bonne sant\u00e9. Vivre dans l'h\u00e9misph\u00e8re nord ou utiliser beaucoup de cr\u00e8me solaire peut emp\u00eacher votre corps de produire suffisamment de cette \"vitamine solaire\" par lui-m\u00eame. De plus, la vitamine D est rare dans la plupart des\u2026","rel":"","context":"Similar post","block_context":{"text":"Similar post","link":""},"img":{"alt_text":"","src":"","width":0,"height":0},"classes":[]},{"id":25198,"url":"https:\/\/sakaba.mghosteur.com\/en\/product\/nature-bounty-d3-250mcg\/","url_meta":{"origin":25200,"position":1},"title":"Nature Bounty D3 250MCG","author":"admin","date":"November 14, 2022","format":false,"excerpt":"","rel":"","context":"Similar post","block_context":{"text":"Similar post","link":""},"img":{"alt_text":"","src":"","width":0,"height":0},"classes":[]},{"id":25202,"url":"https:\/\/sakaba.mghosteur.com\/en\/product\/nature-made-e-1000-iu-450mg\/","url_meta":{"origin":25200,"position":2},"title":"NATURE MADE E 1000 IU 450MG","author":"admin","date":"November 14, 2022","format":false,"excerpt":"","rel":"","context":"Similar post","block_context":{"text":"Similar post","link":""},"img":{"alt_text":"","src":"","width":0,"height":0},"classes":[]},{"id":25208,"url":"https:\/\/sakaba.mghosteur.com\/en\/product\/nature-made-vitamine-e-softgels-400-iu\/","url_meta":{"origin":25200,"position":3},"title":"Nature Made Vitamine E Softgels 400 IU","author":"admin","date":"November 14, 2022","format":false,"excerpt":"","rel":"","context":"Similar post","block_context":{"text":"Similar post","link":""},"img":{"alt_text":"","src":"","width":0,"height":0},"classes":[]},{"id":29771,"url":"https:\/\/sakaba.mghosteur.com\/en\/product\/calcium-600-from-oyster-shell-with-vitamin-d3\/","url_meta":{"origin":25200,"position":4},"title":"CALCIUM 600 FROM OYSTER SHELL WITH VITAMIN D3","author":"admin","date":"April 24, 2023","format":false,"excerpt":"D\u00e9couvrez les comprim\u00e9s de calcium \"600\" de la marque Solgar, un compl\u00e9ment alimentaire essentiel pour une bonne sant\u00e9. Ces comprim\u00e9s de calcium provenant de coquilles d'hu\u00eetres contiennent \u00e9galement de la vitamine D3 pour am\u00e9liorer l'absorption du calcium dans l'organisme. Le calcium est un min\u00e9ral important pour maintenir des os et\u2026","rel":"","context":"Similar post","block_context":{"text":"Similar post","link":""},"img":{"alt_text":"","src":"","width":0,"height":0},"classes":[]},{"id":32812,"url":"https:\/\/sakaba.mghosteur.com\/en\/product\/centrum-200tablets-multivitamin-adults\/","url_meta":{"origin":25200,"position":5},"title":"CENTRUM 200TABLETS MULTIVITAMIN ADULTS","author":"admin","date":"May 16, 2024","format":false,"excerpt":"Compl\u00e9ment multivitamin\u00e9\/multimin\u00e9ral complet formul\u00e9 pour les adultes. Ce compl\u00e9ment multivitamin\u00e9 quotidien pour adultes contient 23 micronutriments, dont de la vitamine D3. Ces vitamines pour adultes contiennent \u00e9galement des vitamines B et du fer pour aider \u00e0 soutenir les niveaux d'\u00e9nergie quotidiens et \u00e0 favoriser le m\u00e9tabolisme des macronutriments, ainsi que\u2026","rel":"","context":"Similar post","block_context":{"text":"Similar post","link":""},"img":{"alt_text":"","src":"","width":0,"height":0},"classes":[]}],"_links":{"self":[{"href":"https:\/\/sakaba.mghosteur.com\/en\/wp-json\/wp\/v2\/product\/25200","targetHints":{"allow":["GET"]}}],"collection":[{"href":"https:\/\/sakaba.mghosteur.com\/en\/wp-json\/wp\/v2\/product"}],"about":[{"href":"https:\/\/sakaba.mghosteur.com\/en\/wp-json\/wp\/v2\/types\/product"}],"replies":[{"embeddable":true,"href":"https:\/\/sakaba.mghosteur.com\/en\/wp-json\/wp\/v2\/comments?post=25200"}],"version-history":[{"count":0,"href":"https:\/\/sakaba.mghosteur.com\/en\/wp-json\/wp\/v2\/product\/25200\/revisions"}],"wp:attachment":[{"href":"https:\/\/sakaba.mghosteur.com\/en\/wp-json\/wp\/v2\/media?parent=25200"}],"wp:term":[{"taxonomy":"product_brand","embeddable":true,"href":"https:\/\/sakaba.mghosteur.com\/en\/wp-json\/wp\/v2\/product_brand?post=25200"},{"taxonomy":"product_cat","embeddable":true,"href":"https:\/\/sakaba.mghosteur.com\/en\/wp-json\/wp\/v2\/product_cat?post=25200"},{"taxonomy":"product_tag","embeddable":true,"href":"https:\/\/sakaba.mghosteur.com\/en\/wp-json\/wp\/v2\/product_tag?post=25200"}],"curies":[{"name":"wp","href":"https:\/\/api.w.org\/{rel}","templated":true}]}}