{"id":25214,"date":"2022-11-14T11:01:49","date_gmt":"2022-11-14T11:01:49","guid":{"rendered":"http:\/\/www.sakababeauty.com\/?post_type=product&#038;p=25214"},"modified":"2022-11-14T11:01:50","modified_gmt":"2022-11-14T11:01:50","slug":"nature-made-folic-acid-400-mcg","status":"publish","type":"product","link":"https:\/\/sakaba.mghosteur.com\/en\/product\/nature-made-folic-acid-400-mcg\/","title":{"rendered":"NATURE MADE FOLIC ACID 400 MCG"},"content":{"rendered":"","protected":false},"excerpt":{"rendered":"","protected":false},"featured_media":0,"comment_status":"closed","ping_status":"closed","template":"","meta":[],"product_brand":[],"product_cat":[381],"product_tag":[],"class_list":{"0":"post-25214","1":"product","2":"type-product","3":"status-publish","5":"product_cat-vitamine-et-complements","7":"first","8":"instock","9":"shipping-taxable","10":"product-type-simple"},"jetpack-related-posts":[{"id":25208,"url":"https:\/\/sakaba.mghosteur.com\/en\/product\/nature-made-vitamine-e-softgels-400-iu\/","url_meta":{"origin":25214,"position":0},"title":"Nature Made Vitamine E Softgels 400 IU","author":"admin","date":"November 14, 2022","format":false,"excerpt":"","rel":"","context":"Similar post","block_context":{"text":"Similar post","link":""},"img":{"alt_text":"","src":"","width":0,"height":0},"classes":[]},{"id":25488,"url":"https:\/\/sakaba.mghosteur.com\/en\/product\/finest-nutrition-folic-acid-400tablets\/","url_meta":{"origin":25214,"position":1},"title":"FINEST NUTRITION FOLIC ACID 400TABLETS","author":"admin","date":"November 14, 2022","format":false,"excerpt":"","rel":"","context":"Similar post","block_context":{"text":"Similar post","link":""},"img":{"alt_text":"","src":"","width":0,"height":0},"classes":[]},{"id":29768,"url":"https:\/\/sakaba.mghosteur.com\/en\/product\/biotin-10-000-mcg\/","url_meta":{"origin":25214,"position":2},"title":"BIOTIN 10 000 MCG","author":"admin","date":"April 24, 2023","format":false,"excerpt":"D\u00e9couvrez BIOTIN 10 000 MCG de la marque SOLGAR, une vitamine B hydrosoluble qui aide \u00e0 maintenir une peau, des ongles et des cheveux sains, ainsi qu'au bon fonctionnement de certaines enzymes. Cette biotine soutient \u00e9galement la production d'\u00e9nergie cellulaire dans le corps en convertissant les aliments en \u00e9nergie et\u2026","rel":"","context":"Similar post","block_context":{"text":"Similar post","link":""},"img":{"alt_text":"","src":"","width":0,"height":0},"classes":[]},{"id":25157,"url":"https:\/\/sakaba.mghosteur.com\/en\/product\/nature-made-calcium-500mg\/","url_meta":{"origin":25214,"position":3},"title":"NATURE MADE CALCIUM 500mg","author":"admin","date":"November 11, 2022","format":false,"excerpt":"","rel":"","context":"Similar post","block_context":{"text":"Similar post","link":""},"img":{"alt_text":"","src":"","width":0,"height":0},"classes":[]},{"id":25204,"url":"https:\/\/sakaba.mghosteur.com\/en\/product\/nature-made-potassium-gluconate\/","url_meta":{"origin":25214,"position":4},"title":"NATURE MADE POTASSIUM GLUCONATE","author":"admin","date":"November 14, 2022","format":false,"excerpt":"","rel":"","context":"Similar post","block_context":{"text":"Similar post","link":""},"img":{"alt_text":"","src":"","width":0,"height":0},"classes":[]},{"id":25210,"url":"https:\/\/sakaba.mghosteur.com\/en\/product\/nature-made-iron-65mg\/","url_meta":{"origin":25214,"position":5},"title":"NATURE MADE IRON 65mg","author":"admin","date":"November 14, 2022","format":false,"excerpt":"","rel":"","context":"Similar post","block_context":{"text":"Similar post","link":""},"img":{"alt_text":"","src":"","width":0,"height":0},"classes":[]}],"_links":{"self":[{"href":"https:\/\/sakaba.mghosteur.com\/en\/wp-json\/wp\/v2\/product\/25214","targetHints":{"allow":["GET"]}}],"collection":[{"href":"https:\/\/sakaba.mghosteur.com\/en\/wp-json\/wp\/v2\/product"}],"about":[{"href":"https:\/\/sakaba.mghosteur.com\/en\/wp-json\/wp\/v2\/types\/product"}],"replies":[{"embeddable":true,"href":"https:\/\/sakaba.mghosteur.com\/en\/wp-json\/wp\/v2\/comments?post=25214"}],"version-history":[{"count":0,"href":"https:\/\/sakaba.mghosteur.com\/en\/wp-json\/wp\/v2\/product\/25214\/revisions"}],"wp:attachment":[{"href":"https:\/\/sakaba.mghosteur.com\/en\/wp-json\/wp\/v2\/media?parent=25214"}],"wp:term":[{"taxonomy":"product_brand","embeddable":true,"href":"https:\/\/sakaba.mghosteur.com\/en\/wp-json\/wp\/v2\/product_brand?post=25214"},{"taxonomy":"product_cat","embeddable":true,"href":"https:\/\/sakaba.mghosteur.com\/en\/wp-json\/wp\/v2\/product_cat?post=25214"},{"taxonomy":"product_tag","embeddable":true,"href":"https:\/\/sakaba.mghosteur.com\/en\/wp-json\/wp\/v2\/product_tag?post=25214"}],"curies":[{"name":"wp","href":"https:\/\/api.w.org\/{rel}","templated":true}]}}