{"id":25218,"date":"2022-11-14T11:21:40","date_gmt":"2022-11-14T11:21:40","guid":{"rendered":"http:\/\/www.sakababeauty.com\/?post_type=product&#038;p=25218"},"modified":"2023-05-02T18:24:14","modified_gmt":"2023-05-02T18:24:14","slug":"dr-bronners-heal-soul-18-in-1-hemp","status":"publish","type":"product","link":"https:\/\/sakaba.mghosteur.com\/en\/product\/dr-bronners-heal-soul-18-in-1-hemp\/","title":{"rendered":"Dr. Bronners Heal Soul 18 in 1 Hemp PURE-CASTILE LIQUID SOAP Baby Unscented"},"content":{"rendered":"<div class=\"flex-1 overflow-hidden\">\n<div class=\"react-scroll-to-bottom--css-ssgcj-79elbk h-full dark:bg-gray-800\">\n<div class=\"react-scroll-to-bottom--css-ssgcj-1n7m0yu\">\n<div class=\"flex flex-col items-center text-sm dark:bg-gray-800\">\n<div class=\"group w-full text-gray-800 dark:text-gray-100 border-b border-black\/10 dark:border-gray-900\/50 bg-gray-50 dark:bg-[#444654]\">\n<div class=\"text-base gap-4 md:gap-6 md:max-w-2xl lg:max-w-xl xl:max-w-3xl p-4 md:py-6 flex lg:px-0 m-auto\">\n<div class=\"relative flex w-[calc(100%-50px)] flex-col gap-1 md:gap-3 lg:w-[calc(100%-115px)]\">\n<div class=\"flex flex-grow flex-col gap-3\">\n<div class=\"min-h-[20px] flex flex-col items-start gap-4 whitespace-pre-wrap break-words\">\n<div class=\"markdown prose w-full break-words dark:prose-invert light\">\n<p>D\u00e9couvrez le savon liquide Pure-Castille de la marque Dr. Bronners, sp\u00e9cialement formul\u00e9 pour les peaux sensibles et les b\u00e9b\u00e9s. Ce savon ne contient aucun parfum ajout\u00e9 et est enrichi avec le double d&#8217;huile d&#8217;olive pour un nettoyage doux et efficace. Fabriqu\u00e9 avec des ingr\u00e9dients biologiques et \u00e9quitables, ce savon est biod\u00e9gradable et polyvalent. Gr\u00e2ce \u00e0 sa formule concentr\u00e9e, vous pouvez l&#8217;utiliser pour presque toutes les t\u00e2ches de nettoyage &#8211; du visage au corps, en passant par les cheveux, la vaisselle, la lessive, la vadrouille et m\u00eame les animaux de compagnie ! La nouvelle huile de graines de chanvre biologique est maintenant sourc\u00e9e aux \u00c9tats-Unis. Emball\u00e9 dans une bouteille 100% recycl\u00e9e post-consommation, ce savon est le choix parfait pour les personnes soucieuses de l&#8217;environnement. Besoin d&#8217;inspiration pour les dilutions ? Consultez les conseils de Lisa Bronner.<\/p>\n<\/div>\n<\/div>\n<\/div>\n<div class=\"flex justify-between lg:block\">\n<div class=\"text-gray-400 flex self-end lg:self-center justify-center mt-2 gap-2 md:gap-3 lg:gap-1 lg:absolute lg:top-0 lg:translate-x-full lg:right-0 lg:mt-0 lg:pl-2 visible\"><\/div>\n<\/div>\n<\/div>\n<\/div>\n<\/div>\n<div class=\"w-full h-32 md:h-48 flex-shrink-0\"><\/div>\n<\/div>\n<\/div>\n<\/div>\n<\/div>\n<div class=\"absolute bottom-0 left-0 w-full border-t md:border-t-0 dark:border-white\/20 md:border-transparent md:dark:border-transparent md:bg-vert-light-gradient bg-white dark:bg-gray-800 md:!bg-transparent dark:md:bg-vert-dark-gradient pt-2\">\n<form class=\"stretch mx-2 flex flex-row gap-3 last:mb-2 md:mx-4 md:last:mb-6 lg:mx-auto lg:max-w-2xl xl:max-w-3xl\" action=\"\">\n<div class=\"relative flex h-full flex-1 items-stretch md:flex-col\">\n<div class=\"\">\n<div class=\"h-full flex ml-1 md:w-full md:m-auto md:mb-2 gap-0 md:gap-2 justify-center\"><\/div>\n<\/div>\n<\/div>\n<input type=\"hidden\" name=\"trp-form-language\" value=\"en\"\/><\/form>\n<\/div>","protected":false},"excerpt":{"rendered":"<p>D\u00e9couvrez le savon liquide Pure-Castille de la marque Dr. Bronners, sp\u00e9cialement formul\u00e9 pour les peaux sensibles et les b\u00e9b\u00e9s. Ce savon ne contient aucun parfum ajout\u00e9 et est enrichi avec le double d&#8217;huile d&#8217;olive pour un nettoyage doux et efficace. Fabriqu\u00e9 avec des ingr\u00e9dients biologiques et \u00e9quitables, ce savon est biod\u00e9gradable et polyvalent. Gr\u00e2ce \u00e0<span class=\"read-more-faq\"><a href=\"https:\/\/sakaba.mghosteur.com\/en\/product\/dr-bronners-heal-soul-18-in-1-hemp\/\">Read More<\/a><\/span><\/p>","protected":false},"featured_media":0,"comment_status":"closed","ping_status":"closed","template":"","meta":[],"product_brand":[],"product_cat":[358,447],"product_tag":[],"class_list":{"0":"post-25218","1":"product","2":"type-product","3":"status-publish","5":"product_cat-bain-douche","6":"product_cat-aac-bain-et-corps","8":"first","9":"instock","10":"shipping-taxable","11":"product-type-variable"},"jetpack-related-posts":[{"id":30069,"url":"https:\/\/sakaba.mghosteur.com\/en\/product\/dr-bronners-pure-castile-liquid-soap-cherry-blossom\/","url_meta":{"origin":25218,"position":0},"title":"Dr. Bronners PURE-CASTILE LIQUID SOAP Cherry Blossom","author":"admin","date":"May 2, 2023","format":false,"excerpt":"Le savon liquide Cherry Blossom Pure-Castile de Dr. Bronner est un produit polyvalent et concentr\u00e9 avec un parfum subtil de cerisier et de fleurs de cerisier pour vous offrir une exp\u00e9rience agr\u00e9able et rafra\u00eechissante. Il est fabriqu\u00e9 avec des ingr\u00e9dients biologiques et certifi\u00e9s \u00e9quitables, notamment de l'huile de graines de\u2026","rel":"","context":"Similar post","block_context":{"text":"Similar post","link":""},"img":{"alt_text":"","src":"","width":0,"height":0},"classes":[]},{"id":28820,"url":"https:\/\/sakaba.mghosteur.com\/en\/product\/dr-bronners-heal-soul-18-in-1-hemp-citrus\/","url_meta":{"origin":25218,"position":1},"title":"Dr. Bronners Heal Soul 18 in 1 Hemp PURE-CASTILE LIQUID SOAP Citrus","author":"admin","date":"December 13, 2022","format":false,"excerpt":"D\u00e9couvrez notre savon liquide pur Castile Citrus de Dr. Bronners, un produit concentr\u00e9, biod\u00e9gradable, polyvalent et efficace. Ce savon est enrichi d'un m\u00e9lange rafra\u00eechissant d'huiles d'orange, de citron et de lime biologiques pour un parfum frais et lumineux. Nous utilisons des ingr\u00e9dients biologiques et certifi\u00e9s commerce \u00e9quitable, y compris de\u2026","rel":"","context":"Similar post","block_context":{"text":"Similar post","link":""},"img":{"alt_text":"","src":"","width":0,"height":0},"classes":[]},{"id":30072,"url":"https:\/\/sakaba.mghosteur.com\/en\/product\/pure-castile-liquid-soap-peppermint\/","url_meta":{"origin":25218,"position":2},"title":"PURE-CASTILE LIQUID SOAP Peppermint","author":"admin","date":"May 2, 2023","format":false,"excerpt":"D\u00e9couvrez le savon liquide Pure-Castile \u00e0 la menthe poivr\u00e9e de la marque Dr. Bronners. Ce produit est l'un des plus populaires de la gamme, gr\u00e2ce \u00e0 son parfum rafra\u00eechissant et stimulant d'huile de menthe poivr\u00e9e biologique pure. Le savon est concentr\u00e9, biod\u00e9gradable et efficace, et peut \u00eatre utilis\u00e9 de multiples\u2026","rel":"","context":"Similar post","block_context":{"text":"Similar post","link":""},"img":{"alt_text":"","src":"","width":0,"height":0},"classes":[]},{"id":30091,"url":"https:\/\/sakaba.mghosteur.com\/en\/product\/pure-castile-liquid-soap-green-tea\/","url_meta":{"origin":25218,"position":3},"title":"Dr. Bronners PURE-CASTILE LIQUID SOAP Green Tea","author":"admin","date":"May 3, 2023","format":false,"excerpt":"D\u00e9couvrez le savon liquide Pure-Castile Green Tea de la marque Dr. Bronner ! Frais et vivifiant, ce savon est d\u00e9licatement parfum\u00e9 pour faire ressortir l'ar\u00f4me propre du savon de Castille. Concentr\u00e9, biod\u00e9gradable, polyvalent et efficace, il est fabriqu\u00e9 avec des ingr\u00e9dients biologiques et certifi\u00e9s \u00e9quitables. L'huile de graines de chanvre\u2026","rel":"","context":"Similar post","block_context":{"text":"Similar post","link":""},"img":{"alt_text":"","src":"","width":0,"height":0},"classes":[]},{"id":30132,"url":"https:\/\/sakaba.mghosteur.com\/en\/product\/dr-bronners-savon-pure-castille-the-vert\/","url_meta":{"origin":25218,"position":4},"title":"Dr. Bronners SAVON PURE CASTILLE Th\u00e9 vert","author":"admin","date":"May 3, 2023","format":false,"excerpt":"Frais et vivifiant - l\u00e9g\u00e8rement parfum\u00e9 pour faire ressortir l'ar\u00f4me pur du savon de Castille\u00a0!\u00a0Le savon en barre Pure-Castille au th\u00e9 vert de Dr. Bronner's est fabriqu\u00e9 avec des ingr\u00e9dients certifi\u00e9s issus du commerce \u00e9quitable et de l'huile de chanvre biologique cultiv\u00e9e aux \u00c9tats-Unis pour une mousse douce et lisse\u2026","rel":"","context":"Similar post","block_context":{"text":"Similar post","link":""},"img":{"alt_text":"","src":"","width":0,"height":0},"classes":[]},{"id":30106,"url":"https:\/\/sakaba.mghosteur.com\/en\/product\/dr-bronners-savon-pure-castille-lavande\/","url_meta":{"origin":25218,"position":5},"title":"Dr. Bronners SAVON PURE CASTILLE Lavande","author":"admin","date":"May 3, 2023","format":false,"excerpt":"Parfum\u00e9 aux huiles pures de lavande et de lavandin pour calmer l'esprit et apaiser le corps !\u00a0Le savon en pain Pure-Castille \u00e0 la lavande de Dr. Bronner's est fabriqu\u00e9 avec des ingr\u00e9dients certifi\u00e9s issus du commerce \u00e9quitable et de l'huile de graines de chanvre biologique cultiv\u00e9e aux \u00c9tats-Unis pour une\u2026","rel":"","context":"Similar post","block_context":{"text":"Similar post","link":""},"img":{"alt_text":"","src":"","width":0,"height":0},"classes":[]}],"_links":{"self":[{"href":"https:\/\/sakaba.mghosteur.com\/en\/wp-json\/wp\/v2\/product\/25218","targetHints":{"allow":["GET"]}}],"collection":[{"href":"https:\/\/sakaba.mghosteur.com\/en\/wp-json\/wp\/v2\/product"}],"about":[{"href":"https:\/\/sakaba.mghosteur.com\/en\/wp-json\/wp\/v2\/types\/product"}],"replies":[{"embeddable":true,"href":"https:\/\/sakaba.mghosteur.com\/en\/wp-json\/wp\/v2\/comments?post=25218"}],"version-history":[{"count":0,"href":"https:\/\/sakaba.mghosteur.com\/en\/wp-json\/wp\/v2\/product\/25218\/revisions"}],"wp:attachment":[{"href":"https:\/\/sakaba.mghosteur.com\/en\/wp-json\/wp\/v2\/media?parent=25218"}],"wp:term":[{"taxonomy":"product_brand","embeddable":true,"href":"https:\/\/sakaba.mghosteur.com\/en\/wp-json\/wp\/v2\/product_brand?post=25218"},{"taxonomy":"product_cat","embeddable":true,"href":"https:\/\/sakaba.mghosteur.com\/en\/wp-json\/wp\/v2\/product_cat?post=25218"},{"taxonomy":"product_tag","embeddable":true,"href":"https:\/\/sakaba.mghosteur.com\/en\/wp-json\/wp\/v2\/product_tag?post=25218"}],"curies":[{"name":"wp","href":"https:\/\/api.w.org\/{rel}","templated":true}]}}