{"id":25288,"date":"2022-11-14T11:27:36","date_gmt":"2022-11-14T11:27:36","guid":{"rendered":"http:\/\/www.sakababeauty.com\/?post_type=product&#038;p=25288"},"modified":"2024-09-01T02:30:02","modified_gmt":"2024-09-01T02:30:02","slug":"ogx-coconut-coffees-crub-wash","status":"publish","type":"product","link":"https:\/\/sakaba.mghosteur.com\/en\/product\/ogx-coconut-coffees-crub-wash\/","title":{"rendered":"OGX COCONUT COFFEE SCRUB &amp; WASH"},"content":{"rendered":"<p>Gommage nettoyant, lissant et caf\u00e9 \u00e0 la noix de coco. Tensioactifs sans sulfate. Aide \u00e0 adoucir votre peau avec ce m\u00e9lange revigorant et hydratant infus\u00e9 de caf\u00e9 arabica exotique et d&#8217;huile de noix de coco. Boostez l&#8217;hydratation tout en favorisant la souplesse de la peau. \u00c9veillez vos sens avec le parfum du caf\u00e9 frais que vous pouvez d\u00e9guster \u00e0 tout moment. Pourquoi vous le voulez &#8211; Laissez-vous tenter par l&#8217;ar\u00f4me robuste du caf\u00e9 et de la riche huile de noix de coco pour \u00e9veiller vos sens et r\u00e9v\u00e9ler votre plus belle peau.<\/p>","protected":false},"excerpt":{"rendered":"<p>Gommage nettoyant, lissant et caf\u00e9 \u00e0 la noix de coco. Tensioactifs sans sulfate. Aide \u00e0 adoucir votre peau avec ce m\u00e9lange revigorant et hydratant infus\u00e9 de caf\u00e9 arabica exotique et d&#8217;huile de noix de coco. Boostez l&#8217;hydratation tout en favorisant la souplesse de la peau. \u00c9veillez vos sens avec le parfum du caf\u00e9 frais que<span class=\"read-more-faq\"><a href=\"https:\/\/sakaba.mghosteur.com\/en\/product\/ogx-coconut-coffees-crub-wash\/\">Read More<\/a><\/span><\/p>","protected":false},"featured_media":0,"comment_status":"closed","ping_status":"closed","template":"","meta":[],"product_brand":[],"product_cat":[358,447],"product_tag":[],"class_list":{"0":"post-25288","1":"product","2":"type-product","3":"status-publish","5":"product_cat-bain-douche","6":"product_cat-aac-bain-et-corps","8":"first","9":"instock","10":"shipping-taxable","11":"product-type-simple"},"jetpack-related-posts":[{"id":29666,"url":"https:\/\/sakaba.mghosteur.com\/en\/product\/palmers-coconut-hydrate-body-oil\/","url_meta":{"origin":25288,"position":0},"title":"PALMERS COCONUT HYDRATE BODY OIL","author":"admin","date":"April 13, 2023","format":false,"excerpt":"L'huile corporelle hydratante \u00e0 la noix de coco de Palmer's est une formule de qualit\u00e9 sup\u00e9rieure qui hydrate intens\u00e9ment votre peau pendant 48 heures. Cette huile est enrichie en huile de noix de coco extra vierge biologique certifi\u00e9e \u00e9quitable, reconnue pour ses propri\u00e9t\u00e9s nourrissantes et r\u00e9g\u00e9n\u00e9rantes. De plus, elle contient\u2026","rel":"","context":"Similar post","block_context":{"text":"Similar post","link":""},"img":{"alt_text":"","src":"","width":0,"height":0},"classes":[]},{"id":29669,"url":"https:\/\/sakaba.mghosteur.com\/en\/product\/palmers-coconut-oil-formula-body-lotion\/","url_meta":{"origin":25288,"position":1},"title":"Palmer&#8217;s Coconut Oil Formula Body lotion","author":"admin","date":"April 13, 2023","format":false,"excerpt":"La lotion pour le corps \u00e0 la noix de coco de la marque Palmer's est le choix parfait pour une peau hydrat\u00e9e et r\u00e9g\u00e9n\u00e9r\u00e9e. Cette lotion est formul\u00e9e avec de l'huile de noix de coco extra vierge biologique certifi\u00e9e \u00e9quitable et de l'extrait de caf\u00e9 vert pour vous offrir une\u2026","rel":"","context":"Similar post","block_context":{"text":"Similar post","link":""},"img":{"alt_text":"","src":"","width":0,"height":0},"classes":[]},{"id":24134,"url":"https:\/\/sakaba.mghosteur.com\/en\/product\/jergens-hydrating-coconut\/","url_meta":{"origin":25288,"position":2},"title":"JERGENS HYDRATING COCONUT","author":"admin","date":"November 9, 2022","format":false,"excerpt":"D\u00e9couvrez la lotion hydratante pour les mains et le corps \u00e0 la noix de coco de Jergens de la marque Satin Skin ! Cette lotion est impr\u00e9gn\u00e9e d'huile pour une hydratation instantan\u00e9e et intense de votre peau. Gr\u00e2ce \u00e0 la combinaison unique d'eau de coco et d'huile de coco, cette\u2026","rel":"","context":"Similar post","block_context":{"text":"Similar post","link":""},"img":{"alt_text":"","src":"","width":0,"height":0},"classes":[]},{"id":30035,"url":"https:\/\/sakaba.mghosteur.com\/en\/product\/jergens-hydrating-coconut-moisturizer-for-dry-skin-21-oz\/","url_meta":{"origin":25288,"position":3},"title":"Jergens Hydrating Coconut Moisturizer for Dry Skin, 21 oz","author":"admin","date":"May 2, 2023","format":false,"excerpt":"D\u00e9couvrez l'hydratant \u00e0 la noix de coco Jergens, un v\u00e9ritable paradis tropical pour votre peau. Ce hydratant pour le corps de 21 fl oz est formul\u00e9 avec un m\u00e9lange d'huiles nourrissantes, d'huile de noix de coco et d'eau de noix de coco pour apporter une hydratation profonde et durable pendant\u2026","rel":"","context":"Similar post","block_context":{"text":"Similar post","link":""},"img":{"alt_text":"","src":"","width":0,"height":0},"classes":[]},{"id":29632,"url":"https:\/\/sakaba.mghosteur.com\/en\/product\/coconut-monoi-luminous-hydration-facial-oil\/","url_meta":{"origin":25288,"position":4},"title":"COCONUT MONOI LUMINOUS HYDRATION FACIAL OIL","author":"admin","date":"April 11, 2023","format":false,"excerpt":"D\u00e9couvrez l'huile pour le visage \u00e0 la noix de coco de Palmer's, qui apporte \u00e0 votre peau un \u00e9clat sain et radieux tout en la maintenant hydrat\u00e9e pendant 48 heures. Cette huile est fabriqu\u00e9e \u00e0 partir d'huile de noix de coco extra vierge biologique certifi\u00e9e \u00e9quitable et d'autres huiles pr\u00e9cieuses\u2026","rel":"","context":"Similar post","block_context":{"text":"Similar post","link":""},"img":{"alt_text":"","src":"","width":0,"height":0},"classes":[]},{"id":24412,"url":"https:\/\/sakaba.mghosteur.com\/en\/product\/palmers-coconut-sugar-facial-scrub\/","url_meta":{"origin":25288,"position":5},"title":"PALMERS COCONUT SUGAR FACIAL SCRUB","author":"admin","date":"November 10, 2022","format":false,"excerpt":"D\u00e9couvrez l'huile pour le visage \u00e0 la noix de coco Palmer's, un produit qui peut faire des merveilles pour votre peau. Cette huile est con\u00e7ue pour polir, exfolier et adoucir votre peau, tout en resurfa\u00e7ant sa texture pour un teint plus lumineux et plus frais. Il est suffisamment doux pour\u2026","rel":"","context":"Similar post","block_context":{"text":"Similar post","link":""},"img":{"alt_text":"","src":"","width":0,"height":0},"classes":[]}],"_links":{"self":[{"href":"https:\/\/sakaba.mghosteur.com\/en\/wp-json\/wp\/v2\/product\/25288","targetHints":{"allow":["GET"]}}],"collection":[{"href":"https:\/\/sakaba.mghosteur.com\/en\/wp-json\/wp\/v2\/product"}],"about":[{"href":"https:\/\/sakaba.mghosteur.com\/en\/wp-json\/wp\/v2\/types\/product"}],"replies":[{"embeddable":true,"href":"https:\/\/sakaba.mghosteur.com\/en\/wp-json\/wp\/v2\/comments?post=25288"}],"version-history":[{"count":0,"href":"https:\/\/sakaba.mghosteur.com\/en\/wp-json\/wp\/v2\/product\/25288\/revisions"}],"wp:attachment":[{"href":"https:\/\/sakaba.mghosteur.com\/en\/wp-json\/wp\/v2\/media?parent=25288"}],"wp:term":[{"taxonomy":"product_brand","embeddable":true,"href":"https:\/\/sakaba.mghosteur.com\/en\/wp-json\/wp\/v2\/product_brand?post=25288"},{"taxonomy":"product_cat","embeddable":true,"href":"https:\/\/sakaba.mghosteur.com\/en\/wp-json\/wp\/v2\/product_cat?post=25288"},{"taxonomy":"product_tag","embeddable":true,"href":"https:\/\/sakaba.mghosteur.com\/en\/wp-json\/wp\/v2\/product_tag?post=25288"}],"curies":[{"name":"wp","href":"https:\/\/api.w.org\/{rel}","templated":true}]}}