{"id":25290,"date":"2022-11-14T11:28:35","date_gmt":"2022-11-14T11:28:35","guid":{"rendered":"http:\/\/www.sakababeauty.com\/?post_type=product&#038;p=25290"},"modified":"2024-09-01T02:33:30","modified_gmt":"2024-09-01T02:33:30","slug":"ogy-rose-water-and-pink-sea-salt-scrub-and-wash","status":"publish","type":"product","link":"https:\/\/sakaba.mghosteur.com\/en\/product\/ogy-rose-water-and-pink-sea-salt-scrub-and-wash\/","title":{"rendered":"OGX ROSE WATER AND PINK SEA SALT SCRUB AND WASH"},"content":{"rendered":"<p>Ce m\u00e9lange de nettoyant pour le corps \u00e0 l&#8217;eau de rose l\u00e9g\u00e8rement exfoliant contient du quartz rose et du sel de mer rose pour un nettoyage en douceur, une hydratation l\u00e9g\u00e8re et une peau plus douce. Tensioactifs sans sulfate<\/p>","protected":false},"excerpt":{"rendered":"<p>Ce m\u00e9lange de nettoyant pour le corps \u00e0 l&#8217;eau de rose l\u00e9g\u00e8rement exfoliant contient du quartz rose et du sel de mer rose pour un nettoyage en douceur, une hydratation l\u00e9g\u00e8re et une peau plus douce. Tensioactifs sans sulfate<\/p>","protected":false},"featured_media":0,"comment_status":"closed","ping_status":"closed","template":"","meta":[],"product_brand":[],"product_cat":[358,447],"product_tag":[],"class_list":{"0":"post-25290","1":"product","2":"type-product","3":"status-publish","5":"product_cat-bain-douche","6":"product_cat-aac-bain-et-corps","8":"first","9":"instock","10":"shipping-taxable","11":"product-type-simple"},"jetpack-related-posts":[{"id":32171,"url":"https:\/\/sakaba.mghosteur.com\/en\/product\/tree-hut-maroccan-rose-whipped-shea-butter\/","url_meta":{"origin":25290,"position":0},"title":"TREE HUT MOROCCAN ROSE WHIPPED SHEA BUTTER","author":"admin","date":"May 13, 2024","format":false,"excerpt":"Redonnez \u00e0 votre peau sa forme hydrat\u00e9e sans la sensation lourde des beurres corporels traditionnels. Notre formule l\u00e9g\u00e8re et a\u00e9r\u00e9e glisse sur la peau sans l\u00e9siner sur l'hydratation. Le beurre corporel fouett\u00e9 \u00e0 la rose marocaine est le soin parfait pour la peau apr\u00e8s le bain ou comme rafra\u00eechisseur de\u2026","rel":"","context":"Similar post","block_context":{"text":"Similar post","link":""},"img":{"alt_text":"","src":"","width":0,"height":0},"classes":[]},{"id":34216,"url":"https:\/\/sakaba.mghosteur.com\/en\/product\/fresh-rose-deep-hydratation-cafe-cream\/","url_meta":{"origin":25290,"position":1},"title":"FRESH ROSE DEEP HYDRATATION FACE CREAM","author":"admin","date":"May 27, 2024","format":false,"excerpt":"R\u00e9hydratez les peaux s\u00e8ches avec la cr\u00e8me visage Fresh Rose Deep Hydration. La formule l\u00e9g\u00e8re mais intense offre une hydratation jusqu'\u00e0 72 heures. Infus\u00e9e d'acide hyaluronique de poids mol\u00e9culaire \u00e9lev\u00e9 et faible, la cr\u00e8me aide \u00e0 d\u00e9salt\u00e9rer le teint. La technologie \u00e0 lib\u00e9ration prolong\u00e9e offre une hydratation continue, tandis que\u2026","rel":"","context":"Similar post","block_context":{"text":"Similar post","link":""},"img":{"alt_text":"","src":"","width":0,"height":0},"classes":[]},{"id":29269,"url":"https:\/\/sakaba.mghosteur.com\/en\/product\/pure-cold-pressed-rosehip-seed-oil\/","url_meta":{"origin":25290,"position":2},"title":"PURE COLD-PRESSED ROSEHIP SEED OIL","author":"admin","date":"March 22, 2023","format":false,"excerpt":"D\u00e9couvrez l'Huile de Graines de Rose Musqu\u00e9e Pure Press\u00e9e \u00e0 Froid de Good Molecules - un produit de soin de la peau naturel et durable pour le visage. Cette huile l\u00e9g\u00e8re et hydratante est riche en antioxydants, en vitamine A naturelle et aide \u00e0 restaurer l'\u00e9lasticit\u00e9 de la peau. Cultiv\u00e9e\u2026","rel":"","context":"Similar post","block_context":{"text":"Similar post","link":""},"img":{"alt_text":"","src":"","width":0,"height":0},"classes":[]},{"id":24284,"url":"https:\/\/sakaba.mghosteur.com\/en\/product\/neutrogena-oil-free-acne-wash\/","url_meta":{"origin":25290,"position":3},"title":"NEUTROGENA OIL FREE ACNE WASH","author":"admin","date":"November 9, 2022","format":false,"excerpt":"D\u00e9couvrez le nettoyant anti-acn\u00e9 sans huile de la marque Neutrogena, sp\u00e9cialement con\u00e7u pour \u00e9liminer les impuret\u00e9s de votre peau en seulement une semaine. Ce nettoyant pour le visage au pamplemousse rose contient de l'extrait de pamplemousse d'origine naturelle et de la vitamine C, pour une action douce mais efficace. Gr\u00e2ce\u2026","rel":"","context":"Similar post","block_context":{"text":"Similar post","link":""},"img":{"alt_text":"","src":"","width":0,"height":0},"classes":[]},{"id":25927,"url":"https:\/\/sakaba.mghosteur.com\/en\/product\/carols-daughter-cream-serum-moisturizer\/","url_meta":{"origin":25290,"position":4},"title":"CAROL&#8217;S DAUGHTER CREAM SERUM MOISTURIZER","author":"admin","date":"November 23, 2022","format":false,"excerpt":"La cr\u00e8me hydratante pour cheveux Carol\u2019s Daughter Wash Day Delight \u00e0 l\u2019eau de rose et \u00e0 la glyc\u00e9rine aide \u00e0 pr\u00e9venir les frisottis, \u00e0 d\u00e9m\u00ealer et \u00e0 adoucir. S\u00e9rum hydratant l\u00e9ger pour cheveux boucl\u00e9s m\u00e9lang\u00e9 \u00e0 de l\u2019eau de rose et \u00e0 de la glyc\u00e9rine pour fournir une hydratation et\u2026","rel":"","context":"Similar post","block_context":{"text":"Similar post","link":""},"img":{"alt_text":"","src":"","width":0,"height":0},"classes":[]},{"id":26559,"url":"https:\/\/sakaba.mghosteur.com\/en\/product\/pixi-rose-tonic-rose-elderflower-nourishing-tone\/","url_meta":{"origin":25290,"position":5},"title":"PIXI ROSE TONIC ROSE &amp; ELDERFLOWER NOURISHING TONER","author":"admin","date":"November 25, 2022","format":false,"excerpt":"Le tonique nourrissant Pixi Rose Tonic \u00e0 la rose et \u00e0 la fleur de sureau est un tonique doux pour le visage, naturellement apaisant et riche en nutriments. Il tonifie, \u00e9quilibre le pH, apaise la peau et minimise les rougeurs. Il est sans alcool, sans parab\u00e8ne et n'a pas \u00e9t\u00e9\u2026","rel":"","context":"Similar post","block_context":{"text":"Similar post","link":""},"img":{"alt_text":"","src":"","width":0,"height":0},"classes":[]}],"_links":{"self":[{"href":"https:\/\/sakaba.mghosteur.com\/en\/wp-json\/wp\/v2\/product\/25290","targetHints":{"allow":["GET"]}}],"collection":[{"href":"https:\/\/sakaba.mghosteur.com\/en\/wp-json\/wp\/v2\/product"}],"about":[{"href":"https:\/\/sakaba.mghosteur.com\/en\/wp-json\/wp\/v2\/types\/product"}],"replies":[{"embeddable":true,"href":"https:\/\/sakaba.mghosteur.com\/en\/wp-json\/wp\/v2\/comments?post=25290"}],"version-history":[{"count":0,"href":"https:\/\/sakaba.mghosteur.com\/en\/wp-json\/wp\/v2\/product\/25290\/revisions"}],"wp:attachment":[{"href":"https:\/\/sakaba.mghosteur.com\/en\/wp-json\/wp\/v2\/media?parent=25290"}],"wp:term":[{"taxonomy":"product_brand","embeddable":true,"href":"https:\/\/sakaba.mghosteur.com\/en\/wp-json\/wp\/v2\/product_brand?post=25290"},{"taxonomy":"product_cat","embeddable":true,"href":"https:\/\/sakaba.mghosteur.com\/en\/wp-json\/wp\/v2\/product_cat?post=25290"},{"taxonomy":"product_tag","embeddable":true,"href":"https:\/\/sakaba.mghosteur.com\/en\/wp-json\/wp\/v2\/product_tag?post=25290"}],"curies":[{"name":"wp","href":"https:\/\/api.w.org\/{rel}","templated":true}]}}