{"id":25292,"date":"2022-11-14T11:29:54","date_gmt":"2022-11-14T11:29:54","guid":{"rendered":"http:\/\/www.sakababeauty.com\/?post_type=product&#038;p=25292"},"modified":"2024-09-01T02:32:45","modified_gmt":"2024-09-01T02:32:45","slug":"ogx-sea-kelp-hyaluronic-acid-scrub-wash","status":"publish","type":"product","link":"https:\/\/sakaba.mghosteur.com\/en\/product\/ogx-sea-kelp-hyaluronic-acid-scrub-wash\/","title":{"rendered":"OGX SEA KELP &amp; HYALURONIC ACID SCRUB &amp; WASH"},"content":{"rendered":"<p>Le gommage et nettoyant pour le corps OGX Sea Kelp &amp; Hyaluronic Acid est un savon liquide nettoyant pour le corps qui est un gommage moyen qui mousse en une mousse riche et se rince pour r\u00e9v\u00e9ler une peau plus douce et plus souple. Il s&#8217;agit d&#8217;un m\u00e9lange de varech marin profond\u00e9ment hydratant et d&#8217;acide hyaluronique, ainsi que de riz noir exfoliant en douceur. Ce nettoyant pour le corps hydratant polyvalent offre une hydratation longue dur\u00e9e et une exfoliation douce \u00e0 moyenne<\/p>","protected":false},"excerpt":{"rendered":"<p>Le gommage et nettoyant pour le corps OGX Sea Kelp &amp; Hyaluronic Acid est un savon liquide nettoyant pour le corps qui est un gommage moyen qui mousse en une mousse riche et se rince pour r\u00e9v\u00e9ler une peau plus douce et plus souple. Il s&#8217;agit d&#8217;un m\u00e9lange de varech marin profond\u00e9ment hydratant et d&#8217;acide<span class=\"read-more-faq\"><a href=\"https:\/\/sakaba.mghosteur.com\/en\/product\/ogx-sea-kelp-hyaluronic-acid-scrub-wash\/\">Read More<\/a><\/span><\/p>","protected":false},"featured_media":0,"comment_status":"closed","ping_status":"closed","template":"","meta":[],"product_brand":[],"product_cat":[358,447],"product_tag":[],"class_list":{"0":"post-25292","1":"product","2":"type-product","3":"status-publish","5":"product_cat-bain-douche","6":"product_cat-aac-bain-et-corps","8":"first","9":"instock","10":"shipping-taxable","11":"product-type-simple"},"jetpack-related-posts":[{"id":25290,"url":"https:\/\/sakaba.mghosteur.com\/en\/product\/ogy-rose-water-and-pink-sea-salt-scrub-and-wash\/","url_meta":{"origin":25292,"position":0},"title":"OGX ROSE WATER AND PINK SEA SALT SCRUB AND WASH","author":"admin","date":"November 14, 2022","format":false,"excerpt":"Ce m\u00e9lange de nettoyant pour le corps \u00e0 l'eau de rose l\u00e9g\u00e8rement exfoliant contient du quartz rose et du sel de mer rose pour un nettoyage en douceur, une hydratation l\u00e9g\u00e8re et une peau plus douce. Tensioactifs sans sulfate","rel":"","context":"Similar post","block_context":{"text":"Similar post","link":""},"img":{"alt_text":"","src":"","width":0,"height":0},"classes":[]},{"id":33045,"url":"https:\/\/sakaba.mghosteur.com\/en\/product\/dove-exfoliant-body-polish-rice-milk\/","url_meta":{"origin":25292,"position":1},"title":"DOVE EXFOLIANT BODY POLISH RICE MILK","author":"admin","date":"May 17, 2024","format":false,"excerpt":"Un gommage corporel cr\u00e9meux enrichi au lait de riz et \u00e0 la macadamia qui utilise une exfoliation mod\u00e9r\u00e9e pour r\u00e9v\u00e9ler une peau douce et soyeuse. Le gommage corporel exfoliant utilise une exfoliation mod\u00e9r\u00e9e pour \u00e9liminer les peaux mortes \u2022 Formule avec des nettoyants sans sulfate SLES d'origine naturelle \u2022 Formul\u00e9\u2026","rel":"","context":"Similar post","block_context":{"text":"Similar post","link":""},"img":{"alt_text":"","src":"","width":0,"height":0},"classes":[]},{"id":24153,"url":"https:\/\/sakaba.mghosteur.com\/en\/product\/cerave-renewing-sa-cleanser-473ml\/","url_meta":{"origin":25292,"position":2},"title":"CERAVE RENEWING SA CLEANSER 473ML","author":"admin","date":"November 9, 2022","format":false,"excerpt":"Le nettoyant SA r\u00e9g\u00e9n\u00e9rant de la marque CeraVe est la solution parfaite pour une peau lisse et saine. Sa formule douce et moussante contenant de l'acide salicylique aide \u00e0 exfolier votre peau en douceur tout en \u00e9liminant les impuret\u00e9s et en adoucissant les zones rugueuses. Ce nettoyant est enrichi en\u2026","rel":"","context":"Similar post","block_context":{"text":"Similar post","link":""},"img":{"alt_text":"","src":"","width":0,"height":0},"classes":[]},{"id":33039,"url":"https:\/\/sakaba.mghosteur.com\/en\/product\/dove-exfoliant-body-polish-mango\/","url_meta":{"origin":25292,"position":3},"title":"DOVE EXFOLIANT BODY POLISH MANGO","author":"admin","date":"May 17, 2024","format":false,"excerpt":"Un gommage corporel au parfum de mangue tropicale qui r\u00e9v\u00e8le votre \u00e9clat naturel en exfoliant mod\u00e9r\u00e9ment la peau. Le gommage corporel utilise une exfoliation mod\u00e9r\u00e9e pour \u00e9liminer la peau terne \u2022 Formul\u00e9 avec des nettoyants sans sulfate d'origine naturelle \u2022 Parfum de mangue juteuse et d'amande cr\u00e9meuse \u2022 Avec \u00bc\u2026","rel":"","context":"Similar post","block_context":{"text":"Similar post","link":""},"img":{"alt_text":"","src":"","width":0,"height":0},"classes":[]},{"id":25288,"url":"https:\/\/sakaba.mghosteur.com\/en\/product\/ogx-coconut-coffees-crub-wash\/","url_meta":{"origin":25292,"position":4},"title":"OGX COCONUT COFFEE SCRUB &amp; WASH","author":"admin","date":"November 14, 2022","format":false,"excerpt":"Gommage nettoyant, lissant et caf\u00e9 \u00e0 la noix de coco. Tensioactifs sans sulfate. Aide \u00e0 adoucir votre peau avec ce m\u00e9lange revigorant et hydratant infus\u00e9 de caf\u00e9 arabica exotique et d'huile de noix de coco. Boostez l'hydratation tout en favorisant la souplesse de la peau. \u00c9veillez vos sens avec le\u2026","rel":"","context":"Similar post","block_context":{"text":"Similar post","link":""},"img":{"alt_text":"","src":"","width":0,"height":0},"classes":[]},{"id":56138,"url":"https:\/\/sakaba.mghosteur.com\/en\/product\/anua-heartleaf-pore-clay-pack\/","url_meta":{"origin":25292,"position":5},"title":"Anua Heartleaf Pore Clay Pack","author":"Sope DIA","date":"January 2, 2026","format":false,"excerpt":"Cr\u00e9e une mousse l\u00e9g\u00e8re et d\u00e9licate infus\u00e9e d'extrait de feuille de c\u0153ur, ce qui la rend douce mais efficace, particuli\u00e8rement adapt\u00e9e au nettoyage en profondeur des peaux grasses et mixtes. EXFOLIATION DOUCE : Contient 3 000 ppm de poudre de feuille de c\u0153ur qui aide \u00e0 nettoyer en douceur et\u2026","rel":"","context":"Similar post","block_context":{"text":"Similar post","link":""},"img":{"alt_text":"","src":"","width":0,"height":0},"classes":[]}],"_links":{"self":[{"href":"https:\/\/sakaba.mghosteur.com\/en\/wp-json\/wp\/v2\/product\/25292","targetHints":{"allow":["GET"]}}],"collection":[{"href":"https:\/\/sakaba.mghosteur.com\/en\/wp-json\/wp\/v2\/product"}],"about":[{"href":"https:\/\/sakaba.mghosteur.com\/en\/wp-json\/wp\/v2\/types\/product"}],"replies":[{"embeddable":true,"href":"https:\/\/sakaba.mghosteur.com\/en\/wp-json\/wp\/v2\/comments?post=25292"}],"version-history":[{"count":0,"href":"https:\/\/sakaba.mghosteur.com\/en\/wp-json\/wp\/v2\/product\/25292\/revisions"}],"wp:attachment":[{"href":"https:\/\/sakaba.mghosteur.com\/en\/wp-json\/wp\/v2\/media?parent=25292"}],"wp:term":[{"taxonomy":"product_brand","embeddable":true,"href":"https:\/\/sakaba.mghosteur.com\/en\/wp-json\/wp\/v2\/product_brand?post=25292"},{"taxonomy":"product_cat","embeddable":true,"href":"https:\/\/sakaba.mghosteur.com\/en\/wp-json\/wp\/v2\/product_cat?post=25292"},{"taxonomy":"product_tag","embeddable":true,"href":"https:\/\/sakaba.mghosteur.com\/en\/wp-json\/wp\/v2\/product_tag?post=25292"}],"curies":[{"name":"wp","href":"https:\/\/api.w.org\/{rel}","templated":true}]}}