{"id":25300,"date":"2022-11-14T11:41:39","date_gmt":"2022-11-14T11:41:39","guid":{"rendered":"http:\/\/www.sakababeauty.com\/?post_type=product&#038;p=25300"},"modified":"2024-08-13T23:07:43","modified_gmt":"2024-08-13T23:07:43","slug":"eucerin-age-defense-hyaluronic-acid-50","status":"publish","type":"product","link":"https:\/\/sakaba.mghosteur.com\/en\/product\/eucerin-age-defense-hyaluronic-acid-50\/","title":{"rendered":"EUCERIN AGE DEFENSE + HYALURONIC ACID 50"},"content":{"rendered":"<p>La lotion solaire visage Eucerin Age Defense SPF 50 est une cr\u00e8me solaire sans parfum qui contient de l&#8217;acide hyaluronique et cinq antioxydants. Elle est con\u00e7ue pour r\u00e9duire l&#8217;apparence des rides et ridules et offre une protection solaire UVA\/UVB. Elle est sans huile, sans PABA et convient aux peaux sensibles.<\/p>","protected":false},"excerpt":{"rendered":"<p>La lotion solaire visage Eucerin Age Defense SPF 50 est une cr\u00e8me solaire sans parfum qui contient de l&#8217;acide hyaluronique et cinq antioxydants. Elle est con\u00e7ue pour r\u00e9duire l&#8217;apparence des rides et ridules et offre une protection solaire UVA\/UVB. Elle est sans huile, sans PABA et convient aux peaux sensibles.<\/p>","protected":false},"featured_media":0,"comment_status":"closed","ping_status":"closed","template":"","meta":[],"product_brand":[],"product_cat":[1055,451],"product_tag":[],"class_list":{"0":"post-25300","1":"product","2":"type-product","3":"status-publish","5":"product_cat-protection-solaire-visage","6":"product_cat-aab-soin-du-visage","8":"first","9":"instock","10":"shipping-taxable","11":"product-type-simple"},"jetpack-related-posts":[{"id":25302,"url":"https:\/\/sakaba.mghosteur.com\/en\/product\/eucerin-pigment-control-50\/","url_meta":{"origin":25300,"position":0},"title":"EUCERIN PIGMENT CONTROL 50+","author":"admin","date":"November 14, 2022","format":false,"excerpt":"Eucerin Sun Fluid Pigment Control SPF 50+ est un \u00e9cran solaire pour le visage, \u00e0 la texture l\u00e9g\u00e8re, adapt\u00e9 \u00e0 tous les types de peau, y compris tous les types de peau sensibles. Ce protecteur neutralise les radicaux libres caus\u00e9s par les rayons UV et la lumi\u00e8re HEVIS, tout en\u2026","rel":"","context":"Similar post","block_context":{"text":"Similar post","link":""},"img":{"alt_text":"","src":"","width":0,"height":0},"classes":[]},{"id":25552,"url":"https:\/\/sakaba.mghosteur.com\/en\/product\/eucerin-eczema-relief-body-cream\/","url_meta":{"origin":25300,"position":1},"title":"EUCERIN ECZEMA RELIEF BODY CREAM","author":"admin","date":"November 14, 2022","format":false,"excerpt":"Cette cr\u00e8me est rapidement absorb\u00e9e et formul\u00e9e uniquement avec les meilleurs ingr\u00e9dients. Enrichie en flocons d'avoine collo\u00efdaux, un protecteur cutan\u00e9 qui soulage les d\u00e9mangeaisons. Enrichie en c\u00e9ramide-3 pour renforcer la barri\u00e8re d'hydratation de la peau afin de garder l'humidit\u00e9 \u00e0 l'int\u00e9rieur et les irritants \u00e0 l'ext\u00e9rieur, et en extrait de\u2026","rel":"","context":"Similar post","block_context":{"text":"Similar post","link":""},"img":{"alt_text":"","src":"","width":0,"height":0},"classes":[]},{"id":30401,"url":"https:\/\/sakaba.mghosteur.com\/en\/product\/neutrogena-ultra-sheer-beach-defense-50\/","url_meta":{"origin":25300,"position":2},"title":"Neutrogena Ultra Sheer Beach Defense 50","author":"admin","date":"May 10, 2023","format":false,"excerpt":"D\u00e9couvrez la lotion solaire Beach Defense \u00ae Water + Sun Protection SPF 50 de la marque Neutrogena, un \u00e9cran solaire \u00e0 large spectre qui prot\u00e8ge votre peau du soleil et de l'eau sans utiliser d'oxybenzone. Gr\u00e2ce \u00e0 la technologie Helioplex, cette lotion r\u00e9siste \u00e0 l'eau jusqu'\u00e0 80 minutes et offre\u2026","rel":"","context":"Similar post","block_context":{"text":"Similar post","link":""},"img":{"alt_text":"","src":"","width":0,"height":0},"classes":[]},{"id":25533,"url":"https:\/\/sakaba.mghosteur.com\/en\/product\/eucerin-intensive-repair-lotion\/","url_meta":{"origin":25300,"position":3},"title":"EUCERIN INTENSIVE REPAIR LOTION","author":"admin","date":"November 14, 2022","format":false,"excerpt":"La Lotion R\u00e9paratrice Intensive d'Eucerin est une lotion pour le corps qui hydrate, exfolie et revitalise la peau tr\u00e8s s\u00e8che et squameuse. C'est une marque recommand\u00e9e par les dermatologues qui est sans parfum, sans parab\u00e8ne et sans colorant. Elle contient de l'alpha-hydroxy (AHA) et des facteurs hydratants naturels pour les\u2026","rel":"","context":"Similar post","block_context":{"text":"Similar post","link":""},"img":{"alt_text":"","src":"","width":0,"height":0},"classes":[]},{"id":28083,"url":"https:\/\/sakaba.mghosteur.com\/en\/product\/eucerin-baby-wash-shampoo\/","url_meta":{"origin":25300,"position":4},"title":"EUCERIN BABY WASH &amp; SHAMPOO","author":"admin","date":"November 30, 2022","format":false,"excerpt":"La formule est enrichie en provitamine B5 et en beurre de karit\u00e9 naturel pour aider \u00e0 nourrir et apaiser la peau et les cheveux d\u00e9licats de b\u00e9b\u00e9. Eucerin Baby Wash & Shampoo est une formule 2 en 1 qui peut \u00eatre utilis\u00e9e sur la peau et les cheveux de b\u00e9b\u00e9\u2026","rel":"","context":"Similar post","block_context":{"text":"Similar post","link":""},"img":{"alt_text":"","src":"","width":0,"height":0},"classes":[]},{"id":25540,"url":"https:\/\/sakaba.mghosteur.com\/en\/product\/eucerin-skin-calming-body-wash\/","url_meta":{"origin":25300,"position":5},"title":"EUCERIN SKIN CALMING BODY WASH","author":"admin","date":"November 14, 2022","format":false,"excerpt":"Le gel douche apaisant pour la peau d\u2019Eucerin nettoie et apaise la peau s\u00e8che et qui d\u00e9mange. Sa formule sans savon nettoie en douceur sans dess\u00e9cher la peau afin de ne pas l\u2019irriter. Ce gel douche doux aide \u00e0 conserver l\u2019hydratation essentielle de la peau et est formul\u00e9 avec des\u2026","rel":"","context":"Similar post","block_context":{"text":"Similar post","link":""},"img":{"alt_text":"","src":"","width":0,"height":0},"classes":[]}],"_links":{"self":[{"href":"https:\/\/sakaba.mghosteur.com\/en\/wp-json\/wp\/v2\/product\/25300","targetHints":{"allow":["GET"]}}],"collection":[{"href":"https:\/\/sakaba.mghosteur.com\/en\/wp-json\/wp\/v2\/product"}],"about":[{"href":"https:\/\/sakaba.mghosteur.com\/en\/wp-json\/wp\/v2\/types\/product"}],"replies":[{"embeddable":true,"href":"https:\/\/sakaba.mghosteur.com\/en\/wp-json\/wp\/v2\/comments?post=25300"}],"version-history":[{"count":0,"href":"https:\/\/sakaba.mghosteur.com\/en\/wp-json\/wp\/v2\/product\/25300\/revisions"}],"wp:attachment":[{"href":"https:\/\/sakaba.mghosteur.com\/en\/wp-json\/wp\/v2\/media?parent=25300"}],"wp:term":[{"taxonomy":"product_brand","embeddable":true,"href":"https:\/\/sakaba.mghosteur.com\/en\/wp-json\/wp\/v2\/product_brand?post=25300"},{"taxonomy":"product_cat","embeddable":true,"href":"https:\/\/sakaba.mghosteur.com\/en\/wp-json\/wp\/v2\/product_cat?post=25300"},{"taxonomy":"product_tag","embeddable":true,"href":"https:\/\/sakaba.mghosteur.com\/en\/wp-json\/wp\/v2\/product_tag?post=25300"}],"curies":[{"name":"wp","href":"https:\/\/api.w.org\/{rel}","templated":true}]}}