{"id":25302,"date":"2022-11-14T11:43:04","date_gmt":"2022-11-14T11:43:04","guid":{"rendered":"http:\/\/www.sakababeauty.com\/?post_type=product&#038;p=25302"},"modified":"2024-08-13T23:16:22","modified_gmt":"2024-08-13T23:16:22","slug":"eucerin-pigment-control-50","status":"publish","type":"product","link":"https:\/\/sakaba.mghosteur.com\/en\/product\/eucerin-pigment-control-50\/","title":{"rendered":"EUCERIN PIGMENT CONTROL 50+"},"content":{"rendered":"<p>Eucerin Sun Fluid Pigment Control SPF 50+ est un \u00e9cran solaire pour le visage, \u00e0 la texture l\u00e9g\u00e8re, adapt\u00e9 \u00e0 tous les types de peau, y compris tous les types de peau sensibles. Ce protecteur neutralise les radicaux libres caus\u00e9s par les rayons UV et la lumi\u00e8re HEVIS, tout en r\u00e9parant l&#8217;ADN de la peau. De plus, il r\u00e9duit les taches brunes sur la peau et pr\u00e9vient leur r\u00e9apparition, il peut \u00e9galement \u00eatre utilis\u00e9 comme base de maquillage. Le Tiamidol r\u00e9duit les taches brunes et pr\u00e9vient leur r\u00e9apparition.<\/p>","protected":false},"excerpt":{"rendered":"<p>Eucerin Sun Fluid Pigment Control SPF 50+ est un \u00e9cran solaire pour le visage, \u00e0 la texture l\u00e9g\u00e8re, adapt\u00e9 \u00e0 tous les types de peau, y compris tous les types de peau sensibles. Ce protecteur neutralise les radicaux libres caus\u00e9s par les rayons UV et la lumi\u00e8re HEVIS, tout en r\u00e9parant l&#8217;ADN de la peau.<span class=\"read-more-faq\"><a href=\"https:\/\/sakaba.mghosteur.com\/en\/product\/eucerin-pigment-control-50\/\">Read More<\/a><\/span><\/p>","protected":false},"featured_media":0,"comment_status":"closed","ping_status":"closed","template":"","meta":[],"product_brand":[],"product_cat":[1055,451],"product_tag":[],"class_list":{"0":"post-25302","1":"product","2":"type-product","3":"status-publish","5":"product_cat-protection-solaire-visage","6":"product_cat-aab-soin-du-visage","8":"first","9":"instock","10":"shipping-taxable","11":"product-type-simple"},"jetpack-related-posts":[{"id":56147,"url":"https:\/\/sakaba.mghosteur.com\/en\/product\/beauty-of-joseon-glow-deep-serum-rice-alpha-arbutin-2\/","url_meta":{"origin":25302,"position":0},"title":"Beauty of Joseon Glow Deep Serum  Rice + Alpha-Arbutin","author":"Sope DIA","date":"January 2, 2026","format":false,"excerpt":"R\u00e9v\u00e9lation \u00e9clatante\u00a0: D\u00e9couvrez les secrets de beaut\u00e9 de Joseon avec le S\u00e9rum \u00c9clat Profond, un m\u00e9lange m\u00e9ticuleusement \u00e9labor\u00e9 \u00e0 base de riz et d\u2019alpha-arbutine pour un \u00e9clat incomparable. Att\u00e9nuez les taches brunes, les irr\u00e9gularit\u00e9s de pigmentation et les cicatrices d\u2019acn\u00e9 gr\u00e2ce \u00e0 une formule puissante enrichie en riz et en\u2026","rel":"","context":"Similar post","block_context":{"text":"Similar post","link":""},"img":{"alt_text":"","src":"","width":0,"height":0},"classes":[]},{"id":27385,"url":"https:\/\/sakaba.mghosteur.com\/en\/product\/ren-clean-skincare-overnight-glow-dark-spot\/","url_meta":{"origin":25302,"position":1},"title":"REN CLEAN SKINCARE OVERNIGHT GLOW DARK SPOT","author":"admin","date":"November 29, 2022","format":false,"excerpt":"La cr\u00e8me de nuit anti-taches Overnight Glow de Ren est une cr\u00e8me anti-imperfections pour tous les types de peau. R\u00e9veillez-vous avec une peau visiblement plus rebondie le matin, sans taches brunes dans l'obscurit\u00e9. Cliniquement prouv\u00e9e pour r\u00e9duire la taille des taches brunes apr\u00e8s 7 jours*, la formule v\u00e9g\u00e9talienne de la\u2026","rel":"","context":"Similar post","block_context":{"text":"Similar post","link":""},"img":{"alt_text":"","src":"","width":0,"height":0},"classes":[]},{"id":26244,"url":"https:\/\/sakaba.mghosteur.com\/en\/product\/lighten-up-plus-lightening-body-lotion\/","url_meta":{"origin":25302,"position":2},"title":"LIGHTEN UP PLUS LIGHTENING BODY LOTION","author":"admin","date":"November 24, 2022","format":false,"excerpt":"Lighten Up PLUS Lightening Body Lotion est le produit parfait pour ceux qui cherchent \u00e0 uniformiser leur teint et \u00e0 \u00e9claircir leur peau en seulement 7 jours. Cette luxueuse lotion pour le corps hydrate en profondeur la peau tout en la clarifiant et en r\u00e9duisant les taches brunes. Elle contient\u2026","rel":"","context":"Similar post","block_context":{"text":"Similar post","link":""},"img":{"alt_text":"","src":"","width":0,"height":0},"classes":[]},{"id":31578,"url":"https:\/\/sakaba.mghosteur.com\/en\/product\/cosrx-the-vitamin-c-13-20ml\/","url_meta":{"origin":25302,"position":3},"title":"COSRX THE VITAMIN C 13 20ML","author":"admin","date":"May 10, 2024","format":false,"excerpt":"D\u00e9couvrez le S\u00e9rum Vitamine C 13, un v\u00e9ritable \u00e9lixir de jeunesse pour votre peau ! Ce s\u00e9rum doux \u00e0 la vitamine C est sp\u00e9cialement con\u00e7u pour les peaux sensibles, id\u00e9al pour une utilisation quotidienne. Sa formule unique agit en profondeur pour att\u00e9nuer les imperfections, les taches brunes et les taches\u2026","rel":"","context":"Similar post","block_context":{"text":"Similar post","link":""},"img":{"alt_text":"","src":"","width":0,"height":0},"classes":[]},{"id":27306,"url":"https:\/\/sakaba.mghosteur.com\/en\/product\/good-molecules-discoloration-correcting-body-treat\/","url_meta":{"origin":25302,"position":4},"title":"GOOD MOLECULES DISCOLORATION CORRECTING BODY TREAT","author":"admin","date":"November 29, 2022","format":false,"excerpt":"Id\u00e9al pour tous les types de peau, ce soin corporel correcteur de d\u00e9coloration de Good Molecules est une solution efficace pour les probl\u00e8mes de pigmentation de la peau. Il est formul\u00e9 avec de l'acide tranexamique avanc\u00e9 pour aider \u00e0 \u00e9liminer les taches brunes, les taches de vieillesse, l'hyperpigmentation et le\u2026","rel":"","context":"Similar post","block_context":{"text":"Similar post","link":""},"img":{"alt_text":"","src":"","width":0,"height":0},"classes":[]},{"id":26972,"url":"https:\/\/sakaba.mghosteur.com\/en\/product\/exaglow-serum-5tranexamic-acid\/","url_meta":{"origin":25302,"position":5},"title":"FACETHEO S\u00e9rum Exaglow S10 5% acide tranexamique","author":"admin","date":"November 28, 2022","format":false,"excerpt":"D\u00e9couvrez le s\u00e9rum Exaglow S10 de FACETHEORY, un s\u00e9rum \u00e9claircissant qui utilise des actifs cl\u00e9s pour un maximum de r\u00e9sultats. Formul\u00e9 avec de l'acide tranexamique, de la vitamine C et de la r\u00e9glisse, ce s\u00e9rum est con\u00e7u pour \u00e9claircir les taches brunes et la pigmentation, ainsi que pour lisser les\u2026","rel":"","context":"Similar post","block_context":{"text":"Similar post","link":""},"img":{"alt_text":"","src":"","width":0,"height":0},"classes":[]}],"_links":{"self":[{"href":"https:\/\/sakaba.mghosteur.com\/en\/wp-json\/wp\/v2\/product\/25302","targetHints":{"allow":["GET"]}}],"collection":[{"href":"https:\/\/sakaba.mghosteur.com\/en\/wp-json\/wp\/v2\/product"}],"about":[{"href":"https:\/\/sakaba.mghosteur.com\/en\/wp-json\/wp\/v2\/types\/product"}],"replies":[{"embeddable":true,"href":"https:\/\/sakaba.mghosteur.com\/en\/wp-json\/wp\/v2\/comments?post=25302"}],"version-history":[{"count":0,"href":"https:\/\/sakaba.mghosteur.com\/en\/wp-json\/wp\/v2\/product\/25302\/revisions"}],"wp:attachment":[{"href":"https:\/\/sakaba.mghosteur.com\/en\/wp-json\/wp\/v2\/media?parent=25302"}],"wp:term":[{"taxonomy":"product_brand","embeddable":true,"href":"https:\/\/sakaba.mghosteur.com\/en\/wp-json\/wp\/v2\/product_brand?post=25302"},{"taxonomy":"product_cat","embeddable":true,"href":"https:\/\/sakaba.mghosteur.com\/en\/wp-json\/wp\/v2\/product_cat?post=25302"},{"taxonomy":"product_tag","embeddable":true,"href":"https:\/\/sakaba.mghosteur.com\/en\/wp-json\/wp\/v2\/product_tag?post=25302"}],"curies":[{"name":"wp","href":"https:\/\/api.w.org\/{rel}","templated":true}]}}