{"id":25304,"date":"2022-11-14T11:49:01","date_gmt":"2022-11-14T11:49:01","guid":{"rendered":"http:\/\/www.sakababeauty.com\/?post_type=product&#038;p=25304"},"modified":"2022-11-14T11:49:02","modified_gmt":"2022-11-14T11:49:02","slug":"suncut-uv-perfect-gel-super-water-proof","status":"publish","type":"product","link":"https:\/\/sakaba.mghosteur.com\/en\/product\/suncut-uv-perfect-gel-super-water-proof\/","title":{"rendered":"SUNCUT UV  PERFECT GEL SUPER WATER PROOF"},"content":{"rendered":"","protected":false},"excerpt":{"rendered":"","protected":false},"featured_media":0,"comment_status":"closed","ping_status":"closed","template":"","meta":[],"product_brand":[],"product_cat":[378],"product_tag":[],"class_list":{"0":"post-25304","1":"product","2":"type-product","3":"status-publish","5":"product_cat-protection-solaire-corps","7":"first","8":"instock","9":"shipping-taxable","10":"product-type-simple"},"jetpack-related-posts":[{"id":32915,"url":"https:\/\/sakaba.mghosteur.com\/en\/product\/nivea-uv-super-water-gel-50-spf-140g\/","url_meta":{"origin":25304,"position":0},"title":"NIVEA UV SUPER WATER GEL 50 SPF 140G","author":"admin","date":"May 16, 2024","format":false,"excerpt":"","rel":"","context":"Similar post","block_context":{"text":"Similar post","link":""},"img":{"alt_text":"","src":"","width":0,"height":0},"classes":[]},{"id":25583,"url":"https:\/\/sakaba.mghosteur.com\/en\/product\/neutrogena-hydro-boost-water-gel-30-lotion-sunscreen\/","url_meta":{"origin":25304,"position":1},"title":"NEUTROGENA HYDRO BOOST WATER GEL 30 LOTION SUNSCREEN","author":"admin","date":"November 14, 2022","format":false,"excerpt":"La lotion Neutrogena Hydro Boost Water Gel avec FPS 30 est un \u00e9cran solaire haute performance qui offre une protection UVA\/UVB \u00e0 large spectre tout en hydratant votre peau en profondeur. Sa formule r\u00e9volutionnaire d\u00e9salt\u00e8re votre peau et la garde en bonne sant\u00e9 tout en vous prot\u00e9geant du soleil. Cette\u2026","rel":"","context":"Similar post","block_context":{"text":"Similar post","link":""},"img":{"alt_text":"","src":"","width":0,"height":0},"classes":[]},{"id":31506,"url":"https:\/\/sakaba.mghosteur.com\/en\/product\/madagascar-centella-hyalu-cica-water-fit-sun\/","url_meta":{"origin":25304,"position":2},"title":"MADAGASCAR CENTELLA HYALU CICA WATER FIT SUN","author":"admin","date":"May 10, 2024","format":false,"excerpt":"HYALU-CICA WATER-FIT SUN SERUM SPF50+ PA++++ DESCRIPTION : Le s\u00e9rum solaire HYALU-CICA WATER-FIT SPF50+ PA++++ est une solution non nanochimique qui assure une protection efficace contre les rayons UV tout en offrant une hydratation optimale \u00e0 la peau. Sa formule unique laisse un fini hydrat\u00e9 et ros\u00e9, procurant \u00e0 votre\u2026","rel":"","context":"Similar post","block_context":{"text":"Similar post","link":""},"img":{"alt_text":"","src":"","width":0,"height":0},"classes":[]},{"id":26118,"url":"https:\/\/sakaba.mghosteur.com\/en\/product\/twistedsista-curl-perfection-creme-gel\/","url_meta":{"origin":25304,"position":3},"title":"TWISTEDSISTA CURL PERFECTION CREME GEL","author":"admin","date":"November 24, 2022","format":false,"excerpt":"","rel":"","context":"Similar post","block_context":{"text":"Similar post","link":""},"img":{"alt_text":"","src":"","width":0,"height":0},"classes":[]},{"id":37168,"url":"https:\/\/sakaba.mghosteur.com\/en\/product\/vegan-vitamin-tree-water-gel-i-m-from-75g\/","url_meta":{"origin":25304,"position":4},"title":"VEGAN VITAMIN TREE WATER GEL I M FROM 75G","author":"admin","date":"October 9, 2024","format":false,"excerpt":"","rel":"","context":"Similar post","block_context":{"text":"Similar post","link":""},"img":{"alt_text":"","src":"","width":0,"height":0},"classes":[]},{"id":30266,"url":"https:\/\/sakaba.mghosteur.com\/en\/product\/neutragena-hydro-boost-water-gel-hyaluronic-acid\/","url_meta":{"origin":25304,"position":5},"title":"NEUTROGENA HYDRO BOOST WATER GEL HYALURONIC ACID","author":"admin","date":"May 5, 2023","format":false,"excerpt":"D\u00e9couvrez le Gel d'Eau Hydro Boost de Neutrogena, une solution r\u00e9volutionnaire pour les peaux s\u00e8ches en qu\u00eate d'hydratation. Gr\u00e2ce \u00e0 sa formule prim\u00e9e \u00e0 l'acide hyaluronique, ce gel hydratant p\u00e9n\u00e8tre rapidement comme un gel tout en offrant une hydratation intense et durable comme une cr\u00e8me. Cliniquement prouv\u00e9 pour renforcer la\u2026","rel":"","context":"Similar post","block_context":{"text":"Similar post","link":""},"img":{"alt_text":"","src":"","width":0,"height":0},"classes":[]}],"_links":{"self":[{"href":"https:\/\/sakaba.mghosteur.com\/en\/wp-json\/wp\/v2\/product\/25304","targetHints":{"allow":["GET"]}}],"collection":[{"href":"https:\/\/sakaba.mghosteur.com\/en\/wp-json\/wp\/v2\/product"}],"about":[{"href":"https:\/\/sakaba.mghosteur.com\/en\/wp-json\/wp\/v2\/types\/product"}],"replies":[{"embeddable":true,"href":"https:\/\/sakaba.mghosteur.com\/en\/wp-json\/wp\/v2\/comments?post=25304"}],"version-history":[{"count":0,"href":"https:\/\/sakaba.mghosteur.com\/en\/wp-json\/wp\/v2\/product\/25304\/revisions"}],"wp:attachment":[{"href":"https:\/\/sakaba.mghosteur.com\/en\/wp-json\/wp\/v2\/media?parent=25304"}],"wp:term":[{"taxonomy":"product_brand","embeddable":true,"href":"https:\/\/sakaba.mghosteur.com\/en\/wp-json\/wp\/v2\/product_brand?post=25304"},{"taxonomy":"product_cat","embeddable":true,"href":"https:\/\/sakaba.mghosteur.com\/en\/wp-json\/wp\/v2\/product_cat?post=25304"},{"taxonomy":"product_tag","embeddable":true,"href":"https:\/\/sakaba.mghosteur.com\/en\/wp-json\/wp\/v2\/product_tag?post=25304"}],"curies":[{"name":"wp","href":"https:\/\/api.w.org\/{rel}","templated":true}]}}