{"id":25306,"date":"2022-11-14T11:50:14","date_gmt":"2022-11-14T11:50:14","guid":{"rendered":"http:\/\/www.sakababeauty.com\/?post_type=product&#038;p=25306"},"modified":"2022-11-14T11:50:15","modified_gmt":"2022-11-14T11:50:15","slug":"biore-uv-watery-essence","status":"publish","type":"product","link":"https:\/\/sakaba.mghosteur.com\/en\/product\/biore-uv-watery-essence\/","title":{"rendered":"BIORE UV WATERY ESSENCE"},"content":{"rendered":"","protected":false},"excerpt":{"rendered":"","protected":false},"featured_media":0,"comment_status":"closed","ping_status":"closed","template":"","meta":[],"product_brand":[],"product_cat":[378],"product_tag":[],"class_list":{"0":"post-25306","1":"product","2":"type-product","3":"status-publish","5":"product_cat-protection-solaire-corps","7":"first","8":"instock","9":"shipping-taxable","10":"product-type-simple"},"jetpack-related-posts":[{"id":33415,"url":"https:\/\/sakaba.mghosteur.com\/en\/product\/biore-whipped-nourishing-detox-mask\/","url_meta":{"origin":25306,"position":0},"title":"BIORE WHIPPED NOURISHING DETOX MASK","author":"admin","date":"May 21, 2024","format":false,"excerpt":"","rel":"","context":"Similar post","block_context":{"text":"Similar post","link":""},"img":{"alt_text":"","src":"","width":0,"height":0},"classes":[]},{"id":33350,"url":"https:\/\/sakaba.mghosteur.com\/en\/product\/25-count-biore-charcoal-micellar-makeup-removing-cloths\/","url_meta":{"origin":25306,"position":1},"title":"25 Count Biore Charcoal Micellar Makeup Removing Cloths","author":"admin","date":"May 21, 2024","format":false,"excerpt":"Lingettes d\u00e9maquillantes au charbon Bior\u00e9, avec eau micellaire nettoyante, d\u00e9maquillantes et d\u00e9graissantes sans rin\u00e7age, pour peaux grasses, 25 unit\u00e9s","rel":"","context":"Similar post","block_context":{"text":"Similar post","link":""},"img":{"alt_text":"","src":"","width":0,"height":0},"classes":[]},{"id":33361,"url":"https:\/\/sakaba.mghosteur.com\/en\/product\/biore-blue-baking-soda-10-oz-2\/","url_meta":{"origin":25306,"position":2},"title":"BIORE BLUE + BAKING SODA 10 OZ","author":"admin","date":"May 21, 2024","format":false,"excerpt":"","rel":"","context":"Similar post","block_context":{"text":"Similar post","link":""},"img":{"alt_text":"","src":"","width":0,"height":0},"classes":[]},{"id":33358,"url":"https:\/\/sakaba.mghosteur.com\/en\/product\/biore-blu-agave-cleansinz-micellar-water\/","url_meta":{"origin":25306,"position":3},"title":"BIORE BLU AGAVE CLEANSINZ MICELLAR WATER","author":"admin","date":"May 21, 2024","format":false,"excerpt":"L'eau micellaire \u00e0 l'agave bleu de Biore est un d\u00e9maquillant et nettoyant con\u00e7u pour les peaux mixtes. Il \u00e9limine la salet\u00e9 et le s\u00e9bum des pores et \u00e9quilibre en douceur sans dess\u00e9cher la peau. Il est sans huile et peut \u00e9galement \u00eatre utilis\u00e9 comme tonique.","rel":"","context":"Similar post","block_context":{"text":"Similar post","link":""},"img":{"alt_text":"","src":"","width":0,"height":0},"classes":[]},{"id":33373,"url":"https:\/\/sakaba.mghosteur.com\/en\/product\/biore-deep-pore-cleansing-charcoal-daily-face-wash-for-oily-skin\/","url_meta":{"origin":25306,"position":4},"title":"Biore Deep Pore Cleansing Charcoal Daily Face Wash, for Oily Skin","author":"admin","date":"May 21, 2024","format":false,"excerpt":"","rel":"","context":"Similar post","block_context":{"text":"Similar post","link":""},"img":{"alt_text":"","src":"","width":0,"height":0},"classes":[]},{"id":33367,"url":"https:\/\/sakaba.mghosteur.com\/en\/product\/biore-charcoal-face-wash\/","url_meta":{"origin":25306,"position":5},"title":"Biore Charcoal Face Wash","author":"admin","date":"May 21, 2024","format":false,"excerpt":"Le nettoyant au charbon Biore Deep Pore est un nettoyant anti-acn\u00e9 pour les peaux grasses. Il purifie les pores et nettoie la peau en profondeur. Gr\u00e2ce au charbon naturel, connu pour sa capacit\u00e9 \u00e0 extraire et \u00e0 pi\u00e9ger les impuret\u00e9s et \u00e0 sa technologie purifiante pour la peau, ce nettoyant\u2026","rel":"","context":"Similar post","block_context":{"text":"Similar post","link":""},"img":{"alt_text":"","src":"","width":0,"height":0},"classes":[]}],"_links":{"self":[{"href":"https:\/\/sakaba.mghosteur.com\/en\/wp-json\/wp\/v2\/product\/25306","targetHints":{"allow":["GET"]}}],"collection":[{"href":"https:\/\/sakaba.mghosteur.com\/en\/wp-json\/wp\/v2\/product"}],"about":[{"href":"https:\/\/sakaba.mghosteur.com\/en\/wp-json\/wp\/v2\/types\/product"}],"replies":[{"embeddable":true,"href":"https:\/\/sakaba.mghosteur.com\/en\/wp-json\/wp\/v2\/comments?post=25306"}],"version-history":[{"count":0,"href":"https:\/\/sakaba.mghosteur.com\/en\/wp-json\/wp\/v2\/product\/25306\/revisions"}],"wp:attachment":[{"href":"https:\/\/sakaba.mghosteur.com\/en\/wp-json\/wp\/v2\/media?parent=25306"}],"wp:term":[{"taxonomy":"product_brand","embeddable":true,"href":"https:\/\/sakaba.mghosteur.com\/en\/wp-json\/wp\/v2\/product_brand?post=25306"},{"taxonomy":"product_cat","embeddable":true,"href":"https:\/\/sakaba.mghosteur.com\/en\/wp-json\/wp\/v2\/product_cat?post=25306"},{"taxonomy":"product_tag","embeddable":true,"href":"https:\/\/sakaba.mghosteur.com\/en\/wp-json\/wp\/v2\/product_tag?post=25306"}],"curies":[{"name":"wp","href":"https:\/\/api.w.org\/{rel}","templated":true}]}}