{"id":25317,"date":"2022-11-14T11:54:20","date_gmt":"2022-11-14T11:54:20","guid":{"rendered":"http:\/\/www.sakababeauty.com\/?post_type=product&#038;p=25317"},"modified":"2022-11-14T11:54:20","modified_gmt":"2022-11-14T11:54:20","slug":"supergoop-mineral-matte-screen","status":"publish","type":"product","link":"https:\/\/sakaba.mghosteur.com\/en\/product\/supergoop-mineral-matte-screen\/","title":{"rendered":"SUPERGOOP MINERAL MATTE SCREEN"},"content":{"rendered":"","protected":false},"excerpt":{"rendered":"","protected":false},"featured_media":0,"comment_status":"closed","ping_status":"closed","template":"","meta":[],"product_brand":[],"product_cat":[378],"product_tag":[],"class_list":{"0":"post-25317","1":"product","2":"type-product","3":"status-publish","5":"product_cat-protection-solaire-corps","7":"first","8":"instock","9":"shipping-taxable","10":"product-type-simple"},"jetpack-related-posts":[{"id":25319,"url":"https:\/\/sakaba.mghosteur.com\/en\/product\/supergoop-unseen-sunscreen-40-spf-broad-spectrum\/","url_meta":{"origin":25317,"position":0},"title":"SUPERGOOP UNSEEN SUNSCREEN 40 SPF BROAD SPECTRUM","author":"admin","date":"November 14, 2022","format":false,"excerpt":"Une base de maquillage quotidienne totalement invisible, l\u00e9g\u00e8re, sans parfum et avec FPS 40. Cette base de maquillage innovante et riche en antioxydants pr\u00e9pare la peau au maquillage tout en offrant un FPS 40 \u00e0 large spectre et une protection contre la lumi\u00e8re bleue, la lumi\u00e8re \u00e9mise par nos t\u00e9l\u00e9phones\u2026","rel":"","context":"Similar post","block_context":{"text":"Similar post","link":""},"img":{"alt_text":"","src":"","width":0,"height":0},"classes":[]},{"id":25358,"url":"https:\/\/sakaba.mghosteur.com\/en\/product\/pipette-mineral-sunscreen-broad-spectrum-spf-50\/","url_meta":{"origin":25317,"position":1},"title":"PIPETTE MINERAL SUNSCREEN BROAD SPECTRUM  SPF 50","author":"admin","date":"November 14, 2022","format":false,"excerpt":"Cr\u00e8me solaire pour b\u00e9b\u00e9 qui convient \u00e0 toute la famille, cette cr\u00e8me solaire min\u00e9rale FPS 50 \u00e0 m\u00e9langer prot\u00e8ge des rayons nocifs du soleil gr\u00e2ce \u00e0 de l'oxyde de zinc non nano 100 % min\u00e9ral. Cette cr\u00e8me solaire l\u00e9g\u00e8re et sans danger pour les b\u00e9b\u00e9s est fabriqu\u00e9e avec un squalane\u2026","rel":"","context":"Similar post","block_context":{"text":"Similar post","link":""},"img":{"alt_text":"","src":"","width":0,"height":0},"classes":[]},{"id":29070,"url":"https:\/\/sakaba.mghosteur.com\/en\/product\/hydrating-mineral-sunscreen-spf-30-face-sheer-tint\/","url_meta":{"origin":25317,"position":2},"title":"Hydrating Mineral Sunscreen SPF 30 Face Sheer Tint","author":"admin","date":"March 13, 2023","format":false,"excerpt":"Prot\u00e9gez votre peau, tout en obtenant un effet bonne mine sans aucun pl\u00e2tre blanc. CeraVe Hydrating Mineral Sunscreen Broad Spectrum SPF 30 Face Sheer Tint offre une protection UVA\/UVB avec du dioxyde de titane et de l'oxyde de zinc 100 % min\u00e9raux , formant une barri\u00e8re \u00e0 la surface de\u2026","rel":"","context":"Similar post","block_context":{"text":"Similar post","link":""},"img":{"alt_text":"","src":"","width":0,"height":0},"classes":[]},{"id":29273,"url":"https:\/\/sakaba.mghosteur.com\/en\/product\/sheer-mineral-sunscreen-spf-30\/","url_meta":{"origin":25317,"position":3},"title":"SHEER MINERAL SUNSCREEN SPF 30","author":"admin","date":"March 22, 2023","format":false,"excerpt":"D\u00e9couvrez l'\u00e9cran solaire min\u00e9ral transparent SPF 30 de Good Molecules, con\u00e7u pour prot\u00e9ger votre peau des rayons UV nocifs tout en la nourrissant avec des ingr\u00e9dients hydratants et antioxydants. Sa formule l\u00e9g\u00e8re est absorb\u00e9e rapidement et ne laisse aucun r\u00e9sidu gras, convient \u00e0 tous les types de peau et est\u2026","rel":"","context":"Similar post","block_context":{"text":"Similar post","link":""},"img":{"alt_text":"","src":"","width":0,"height":0},"classes":[]},{"id":33811,"url":"https:\/\/sakaba.mghosteur.com\/en\/product\/milani-amore-matte-satin-matte-lip-creme\/","url_meta":{"origin":25317,"position":4},"title":"MILANI Amore Matte Satin Matte LIP CREME","author":"admin","date":"May 23, 2024","format":false,"excerpt":"","rel":"","context":"Similar post","block_context":{"text":"Similar post","link":""},"img":{"alt_text":"","src":"","width":0,"height":0},"classes":[]},{"id":29074,"url":"https:\/\/sakaba.mghosteur.com\/en\/product\/cerave-hydrating-sunscreen-50face-spf-50\/","url_meta":{"origin":25317,"position":5},"title":"CERAVE HYDRATING SUNSCREEN 50face spf 50","author":"admin","date":"March 13, 2023","format":false,"excerpt":"La Cr\u00e8me Solaire Hydratante Min\u00e9rale SPF 50 Lotion Visage de la marque CeraVe est la solution parfaite pour prot\u00e9ger votre peau du soleil tout en la nourrissant et l'hydratant en profondeur. Cette cr\u00e8me solaire min\u00e9rale douce mais efficace est sp\u00e9cialement con\u00e7ue pour le visage et offre une protection \u00e0 large\u2026","rel":"","context":"Similar post","block_context":{"text":"Similar post","link":""},"img":{"alt_text":"","src":"","width":0,"height":0},"classes":[]}],"_links":{"self":[{"href":"https:\/\/sakaba.mghosteur.com\/en\/wp-json\/wp\/v2\/product\/25317","targetHints":{"allow":["GET"]}}],"collection":[{"href":"https:\/\/sakaba.mghosteur.com\/en\/wp-json\/wp\/v2\/product"}],"about":[{"href":"https:\/\/sakaba.mghosteur.com\/en\/wp-json\/wp\/v2\/types\/product"}],"replies":[{"embeddable":true,"href":"https:\/\/sakaba.mghosteur.com\/en\/wp-json\/wp\/v2\/comments?post=25317"}],"version-history":[{"count":0,"href":"https:\/\/sakaba.mghosteur.com\/en\/wp-json\/wp\/v2\/product\/25317\/revisions"}],"wp:attachment":[{"href":"https:\/\/sakaba.mghosteur.com\/en\/wp-json\/wp\/v2\/media?parent=25317"}],"wp:term":[{"taxonomy":"product_brand","embeddable":true,"href":"https:\/\/sakaba.mghosteur.com\/en\/wp-json\/wp\/v2\/product_brand?post=25317"},{"taxonomy":"product_cat","embeddable":true,"href":"https:\/\/sakaba.mghosteur.com\/en\/wp-json\/wp\/v2\/product_cat?post=25317"},{"taxonomy":"product_tag","embeddable":true,"href":"https:\/\/sakaba.mghosteur.com\/en\/wp-json\/wp\/v2\/product_tag?post=25317"}],"curies":[{"name":"wp","href":"https:\/\/api.w.org\/{rel}","templated":true}]}}