{"id":25319,"date":"2022-11-14T11:55:22","date_gmt":"2022-11-14T11:55:22","guid":{"rendered":"http:\/\/www.sakababeauty.com\/?post_type=product&#038;p=25319"},"modified":"2024-08-25T03:48:49","modified_gmt":"2024-08-25T03:48:49","slug":"supergoop-unseen-sunscreen-40-spf-broad-spectrum","status":"publish","type":"product","link":"https:\/\/sakaba.mghosteur.com\/en\/product\/supergoop-unseen-sunscreen-40-spf-broad-spectrum\/","title":{"rendered":"SUPERGOOP UNSEEN SUNSCREEN 40 SPF BROAD SPECTRUM"},"content":{"rendered":"<p>Une base de maquillage quotidienne totalement invisible, l\u00e9g\u00e8re, sans parfum et avec FPS 40. Cette base de maquillage innovante et riche en antioxydants pr\u00e9pare la peau au maquillage tout en offrant un FPS 40 \u00e0 large spectre et une protection contre la lumi\u00e8re bleue, la lumi\u00e8re \u00e9mise par nos t\u00e9l\u00e9phones et nos ordinateurs. La formule unique sans huile glisse sur la peau pour contr\u00f4ler la brillance et laisser un fini velout\u00e9 et adh\u00e9rent au maquillage.<\/p>","protected":false},"excerpt":{"rendered":"<p>Une base de maquillage quotidienne totalement invisible, l\u00e9g\u00e8re, sans parfum et avec FPS 40. Cette base de maquillage innovante et riche en antioxydants pr\u00e9pare la peau au maquillage tout en offrant un FPS 40 \u00e0 large spectre et une protection contre la lumi\u00e8re bleue, la lumi\u00e8re \u00e9mise par nos t\u00e9l\u00e9phones et nos ordinateurs. La formule<span class=\"read-more-faq\"><a href=\"https:\/\/sakaba.mghosteur.com\/en\/product\/supergoop-unseen-sunscreen-40-spf-broad-spectrum\/\">Read More<\/a><\/span><\/p>","protected":false},"featured_media":0,"comment_status":"closed","ping_status":"closed","template":"","meta":[],"product_brand":[],"product_cat":[1055,451],"product_tag":[],"class_list":{"0":"post-25319","1":"product","2":"type-product","3":"status-publish","5":"product_cat-protection-solaire-visage","6":"product_cat-aab-soin-du-visage","8":"first","9":"instock","10":"shipping-taxable","11":"product-type-simple"},"jetpack-related-posts":[{"id":29036,"url":"https:\/\/sakaba.mghosteur.com\/en\/product\/cerave-hydrating-sunscreen-broad-spectrum-spf30-fac\/","url_meta":{"origin":25319,"position":0},"title":"CERAVE HYDRATING SUNSCREEN broad spectrum spf30 FAC","author":"admin","date":"March 10, 2023","format":false,"excerpt":"La Cr\u00e8me solaire hydratante \u00e0 large spectre FPS 30 pour le visage et le corps de la marque CeraVe est un produit de qualit\u00e9 sup\u00e9rieure con\u00e7u pour prot\u00e9ger votre peau contre les rayons nocifs du soleil. Cette formule hybride est adapt\u00e9e \u00e0 tous les types de peau, offrant une protection\u2026","rel":"","context":"Similar post","block_context":{"text":"Similar post","link":""},"img":{"alt_text":"","src":"","width":0,"height":0},"classes":[]},{"id":26886,"url":"https:\/\/sakaba.mghosteur.com\/en\/product\/paula-choice-essentialglow-moisturizer\/","url_meta":{"origin":25319,"position":1},"title":"PAULA CHOICE Essential Glow Moisturizer SPF 30","author":"admin","date":"November 28, 2022","format":false,"excerpt":"D\u00e9couvrez l'hydratant \u00e9clat essentiel FPS 30 de Paula's Choice pour une peau radieuse et prot\u00e9g\u00e9e. Cette cr\u00e8me l\u00e9g\u00e8re et illuminatrice contient 12 antioxydants qui aident \u00e0 att\u00e9nuer visiblement les signes de vieillissement environnemental. Gr\u00e2ce \u00e0 sa formule enti\u00e8rement min\u00e9rale, cet hydratant \u00e9clairant offre une protection solaire efficace. Utilisez-le comme derni\u00e8re\u2026","rel":"","context":"Similar post","block_context":{"text":"Similar post","link":""},"img":{"alt_text":"","src":"","width":0,"height":0},"classes":[]},{"id":22932,"url":"https:\/\/sakaba.mghosteur.com\/en\/product\/nars-soft-complete-foundation\/","url_meta":{"origin":25319,"position":2},"title":"NARS Soft Complete Foundation","author":"admin","date":"October 24, 2022","format":false,"excerpt":"Le fond de teint Soft Matte Complete de NARS, qui se diffuse parfaitement et offre un effet seconde peau, offre jusqu'\u00e0 16 heures de tenue fid\u00e8le de la couleur avec un fini couvrant. D\u00e9velopp\u00e9 avec le complexe antioxydant \u00e0 base de plantes de la marque, ce fond de teint riche\u2026","rel":"","context":"Similar post","block_context":{"text":"Similar post","link":""},"img":{"alt_text":"","src":"","width":0,"height":0},"classes":[]},{"id":25583,"url":"https:\/\/sakaba.mghosteur.com\/en\/product\/neutrogena-hydro-boost-water-gel-30-lotion-sunscreen\/","url_meta":{"origin":25319,"position":3},"title":"NEUTROGENA HYDRO BOOST WATER GEL 30 LOTION SUNSCREEN","author":"admin","date":"November 14, 2022","format":false,"excerpt":"La lotion Neutrogena Hydro Boost Water Gel avec FPS 30 est un \u00e9cran solaire haute performance qui offre une protection UVA\/UVB \u00e0 large spectre tout en hydratant votre peau en profondeur. Sa formule r\u00e9volutionnaire d\u00e9salt\u00e8re votre peau et la garde en bonne sant\u00e9 tout en vous prot\u00e9geant du soleil. Cette\u2026","rel":"","context":"Similar post","block_context":{"text":"Similar post","link":""},"img":{"alt_text":"","src":"","width":0,"height":0},"classes":[]},{"id":25302,"url":"https:\/\/sakaba.mghosteur.com\/en\/product\/eucerin-pigment-control-50\/","url_meta":{"origin":25319,"position":4},"title":"EUCERIN PIGMENT CONTROL 50+","author":"admin","date":"November 14, 2022","format":false,"excerpt":"Eucerin Sun Fluid Pigment Control SPF 50+ est un \u00e9cran solaire pour le visage, \u00e0 la texture l\u00e9g\u00e8re, adapt\u00e9 \u00e0 tous les types de peau, y compris tous les types de peau sensibles. Ce protecteur neutralise les radicaux libres caus\u00e9s par les rayons UV et la lumi\u00e8re HEVIS, tout en\u2026","rel":"","context":"Similar post","block_context":{"text":"Similar post","link":""},"img":{"alt_text":"","src":"","width":0,"height":0},"classes":[]},{"id":35028,"url":"https:\/\/sakaba.mghosteur.com\/en\/product\/nars-soft-matte-complete-foundation-cadiz\/","url_meta":{"origin":25319,"position":5},"title":"NARS Soft Matte Complete Foundation Cadiz","author":"admin","date":"June 5, 2024","format":false,"excerpt":"Le fond de teint Soft Matte Complete de NARS, qui se diffuse parfaitement et offre un effet seconde peau, offre jusqu'\u00e0 16 heures de tenue fid\u00e8le de la couleur avec un fini couvrant. D\u00e9velopp\u00e9 avec le complexe antioxydant \u00e0 base de plantes de la marque, ce fond de teint riche\u2026","rel":"","context":"Similar post","block_context":{"text":"Similar post","link":""},"img":{"alt_text":"","src":"","width":0,"height":0},"classes":[]}],"_links":{"self":[{"href":"https:\/\/sakaba.mghosteur.com\/en\/wp-json\/wp\/v2\/product\/25319","targetHints":{"allow":["GET"]}}],"collection":[{"href":"https:\/\/sakaba.mghosteur.com\/en\/wp-json\/wp\/v2\/product"}],"about":[{"href":"https:\/\/sakaba.mghosteur.com\/en\/wp-json\/wp\/v2\/types\/product"}],"replies":[{"embeddable":true,"href":"https:\/\/sakaba.mghosteur.com\/en\/wp-json\/wp\/v2\/comments?post=25319"}],"version-history":[{"count":0,"href":"https:\/\/sakaba.mghosteur.com\/en\/wp-json\/wp\/v2\/product\/25319\/revisions"}],"wp:attachment":[{"href":"https:\/\/sakaba.mghosteur.com\/en\/wp-json\/wp\/v2\/media?parent=25319"}],"wp:term":[{"taxonomy":"product_brand","embeddable":true,"href":"https:\/\/sakaba.mghosteur.com\/en\/wp-json\/wp\/v2\/product_brand?post=25319"},{"taxonomy":"product_cat","embeddable":true,"href":"https:\/\/sakaba.mghosteur.com\/en\/wp-json\/wp\/v2\/product_cat?post=25319"},{"taxonomy":"product_tag","embeddable":true,"href":"https:\/\/sakaba.mghosteur.com\/en\/wp-json\/wp\/v2\/product_tag?post=25319"}],"curies":[{"name":"wp","href":"https:\/\/api.w.org\/{rel}","templated":true}]}}