{"id":25324,"date":"2022-11-14T12:03:07","date_gmt":"2022-11-14T12:03:07","guid":{"rendered":"http:\/\/www.sakababeauty.com\/?post_type=product&#038;p=25324"},"modified":"2022-11-14T12:03:07","modified_gmt":"2022-11-14T12:03:07","slug":"black-girl-make-it-matte","status":"publish","type":"product","link":"https:\/\/sakaba.mghosteur.com\/en\/product\/black-girl-make-it-matte\/","title":{"rendered":"BLACK GIRL MAKE IT MATTE"},"content":{"rendered":"","protected":false},"excerpt":{"rendered":"","protected":false},"featured_media":0,"comment_status":"closed","ping_status":"closed","template":"","meta":[],"product_brand":[],"product_cat":[378],"product_tag":[],"class_list":{"0":"post-25324","1":"product","2":"type-product","3":"status-publish","5":"product_cat-protection-solaire-corps","7":"first","8":"instock","9":"shipping-taxable","10":"product-type-simple"},"jetpack-related-posts":[{"id":33966,"url":"https:\/\/sakaba.mghosteur.com\/en\/product\/black-girl-make-it-matte-45\/","url_meta":{"origin":25324,"position":0},"title":"BLACK GIRL MAKE IT MATTE 45","author":"admin","date":"May 24, 2024","format":false,"excerpt":"","rel":"","context":"Similar post","block_context":{"text":"Similar post","link":""},"img":{"alt_text":"","src":"","width":0,"height":0},"classes":[]},{"id":33969,"url":"https:\/\/sakaba.mghosteur.com\/en\/product\/black-girl-sunscreen-lotion-for-face-and-body-30\/","url_meta":{"origin":25324,"position":1},"title":"BLACK GIRL SUNSCREEN LOTION FOR FACE AND BODY 30","author":"admin","date":"May 24, 2024","format":false,"excerpt":"Cr\u00e8me solaire con\u00e7ue par des femmes de couleur pour les personnes de couleur, car nous aussi nous attraperons des coups de soleil. Une cr\u00e8me solaire \u00e0 usage quotidien, remplie d'ingr\u00e9dients cl\u00e9s, qui prot\u00e9gera votre peau du soleil et fera \u00e9galement office de lotion hydratante. La cr\u00e8me solaire Black Girl s\u00e8che\u2026","rel":"","context":"Similar post","block_context":{"text":"Similar post","link":""},"img":{"alt_text":"","src":"","width":0,"height":0},"classes":[]},{"id":25327,"url":"https:\/\/sakaba.mghosteur.com\/en\/product\/black-girl-sunscreen-lotion-for-face-and-body\/","url_meta":{"origin":25324,"position":2},"title":"BLACK GIRL SUNSCREEN LOTION FOR FACE AND BODY","author":"admin","date":"November 14, 2022","format":false,"excerpt":"","rel":"","context":"Similar post","block_context":{"text":"Similar post","link":""},"img":{"alt_text":"","src":"","width":0,"height":0},"classes":[]},{"id":33622,"url":"https:\/\/sakaba.mghosteur.com\/en\/product\/l-a-girl-pro-setting-gfs-950-matte\/","url_meta":{"origin":25324,"position":3},"title":"L.A.GIRL Pro Setting GFS-950-Matte","author":"admin","date":"May 22, 2024","format":false,"excerpt":"","rel":"","context":"Similar post","block_context":{"text":"Similar post","link":""},"img":{"alt_text":"","src":"","width":0,"height":0},"classes":[]},{"id":25504,"url":"https:\/\/sakaba.mghosteur.com\/en\/product\/l-a-girl-line-art-matte-eyeliner-pen\/","url_meta":{"origin":25324,"position":4},"title":"L.A.GIRL Line Art Matte Eyeliner Pen","author":"admin","date":"November 14, 2022","format":false,"excerpt":"","rel":"","context":"Similar post","block_context":{"text":"Similar post","link":""},"img":{"alt_text":"","src":"","width":0,"height":0},"classes":[]},{"id":34557,"url":"https:\/\/sakaba.mghosteur.com\/en\/product\/fenty-icon-the-case-matte-black\/","url_meta":{"origin":25324,"position":5},"title":"FENTY ICON THE CASE MATTE BLACK","author":"admin","date":"May 29, 2024","format":false,"excerpt":"","rel":"","context":"Similar post","block_context":{"text":"Similar post","link":""},"img":{"alt_text":"","src":"","width":0,"height":0},"classes":[]}],"_links":{"self":[{"href":"https:\/\/sakaba.mghosteur.com\/en\/wp-json\/wp\/v2\/product\/25324","targetHints":{"allow":["GET"]}}],"collection":[{"href":"https:\/\/sakaba.mghosteur.com\/en\/wp-json\/wp\/v2\/product"}],"about":[{"href":"https:\/\/sakaba.mghosteur.com\/en\/wp-json\/wp\/v2\/types\/product"}],"replies":[{"embeddable":true,"href":"https:\/\/sakaba.mghosteur.com\/en\/wp-json\/wp\/v2\/comments?post=25324"}],"version-history":[{"count":0,"href":"https:\/\/sakaba.mghosteur.com\/en\/wp-json\/wp\/v2\/product\/25324\/revisions"}],"wp:attachment":[{"href":"https:\/\/sakaba.mghosteur.com\/en\/wp-json\/wp\/v2\/media?parent=25324"}],"wp:term":[{"taxonomy":"product_brand","embeddable":true,"href":"https:\/\/sakaba.mghosteur.com\/en\/wp-json\/wp\/v2\/product_brand?post=25324"},{"taxonomy":"product_cat","embeddable":true,"href":"https:\/\/sakaba.mghosteur.com\/en\/wp-json\/wp\/v2\/product_cat?post=25324"},{"taxonomy":"product_tag","embeddable":true,"href":"https:\/\/sakaba.mghosteur.com\/en\/wp-json\/wp\/v2\/product_tag?post=25324"}],"curies":[{"name":"wp","href":"https:\/\/api.w.org\/{rel}","templated":true}]}}