{"id":25327,"date":"2022-11-14T12:04:53","date_gmt":"2022-11-14T12:04:53","guid":{"rendered":"http:\/\/www.sakababeauty.com\/?post_type=product&#038;p=25327"},"modified":"2022-11-14T12:04:53","modified_gmt":"2022-11-14T12:04:53","slug":"black-girl-sunscreen-lotion-for-face-and-body","status":"publish","type":"product","link":"https:\/\/sakaba.mghosteur.com\/en\/product\/black-girl-sunscreen-lotion-for-face-and-body\/","title":{"rendered":"BLACK GIRL SUNSCREEN LOTION FOR FACE AND BODY"},"content":{"rendered":"","protected":false},"excerpt":{"rendered":"","protected":false},"featured_media":0,"comment_status":"closed","ping_status":"closed","template":"","meta":[],"product_brand":[],"product_cat":[378],"product_tag":[],"class_list":{"0":"post-25327","1":"product","2":"type-product","3":"status-publish","5":"product_cat-protection-solaire-corps","7":"first","8":"instock","9":"shipping-taxable","10":"product-type-simple"},"jetpack-related-posts":[{"id":33969,"url":"https:\/\/sakaba.mghosteur.com\/en\/product\/black-girl-sunscreen-lotion-for-face-and-body-30\/","url_meta":{"origin":25327,"position":0},"title":"BLACK GIRL SUNSCREEN LOTION FOR FACE AND BODY 30","author":"admin","date":"May 24, 2024","format":false,"excerpt":"Cr\u00e8me solaire con\u00e7ue par des femmes de couleur pour les personnes de couleur, car nous aussi nous attraperons des coups de soleil. Une cr\u00e8me solaire \u00e0 usage quotidien, remplie d'ingr\u00e9dients cl\u00e9s, qui prot\u00e9gera votre peau du soleil et fera \u00e9galement office de lotion hydratante. La cr\u00e8me solaire Black Girl s\u00e8che\u2026","rel":"","context":"Similar post","block_context":{"text":"Similar post","link":""},"img":{"alt_text":"","src":"","width":0,"height":0},"classes":[]},{"id":28352,"url":"https:\/\/sakaba.mghosteur.com\/en\/product\/harry-s-daily-face-lotion\/","url_meta":{"origin":25327,"position":1},"title":"HARRY S DAILY FACE LOTION","author":"admin","date":"November 30, 2022","format":false,"excerpt":"","rel":"","context":"Similar post","block_context":{"text":"Similar post","link":""},"img":{"alt_text":"","src":"","width":0,"height":0},"classes":[]},{"id":33388,"url":"https:\/\/sakaba.mghosteur.com\/en\/product\/scotch-porter-moisture-face-lotion\/","url_meta":{"origin":25327,"position":2},"title":"SCOTCH PORTER MOISTURE FACE LOTION","author":"admin","date":"May 21, 2024","format":false,"excerpt":"","rel":"","context":"Similar post","block_context":{"text":"Similar post","link":""},"img":{"alt_text":"","src":"","width":0,"height":0},"classes":[]},{"id":30456,"url":"https:\/\/sakaba.mghosteur.com\/en\/product\/golg-bond-retinol-overnight-body-face\/","url_meta":{"origin":25327,"position":3},"title":"GOLG BOND RETINOL OVERNIGHT BODY &#038; FACE","author":"admin","date":"May 11, 2023","format":false,"excerpt":"D\u00e9couvrez la lotion de nuit pour le corps et le visage au r\u00e9tinol Gold Bond Age Renew, qui r\u00e9v\u00e8le une peau plus lisse et d'apparence plus jeune pendant la nuit. Cette lotion riche et nourrissante est dot\u00e9e d'un puissant complexe de r\u00e9tinol et de peptides qui exfolie pour soutenir le\u2026","rel":"","context":"Similar post","block_context":{"text":"Similar post","link":""},"img":{"alt_text":"","src":"","width":0,"height":0},"classes":[]},{"id":33966,"url":"https:\/\/sakaba.mghosteur.com\/en\/product\/black-girl-make-it-matte-45\/","url_meta":{"origin":25327,"position":4},"title":"BLACK GIRL MAKE IT MATTE 45","author":"admin","date":"May 24, 2024","format":false,"excerpt":"","rel":"","context":"Similar post","block_context":{"text":"Similar post","link":""},"img":{"alt_text":"","src":"","width":0,"height":0},"classes":[]},{"id":25324,"url":"https:\/\/sakaba.mghosteur.com\/en\/product\/black-girl-make-it-matte\/","url_meta":{"origin":25327,"position":5},"title":"BLACK GIRL MAKE IT MATTE","author":"admin","date":"November 14, 2022","format":false,"excerpt":"","rel":"","context":"Similar post","block_context":{"text":"Similar post","link":""},"img":{"alt_text":"","src":"","width":0,"height":0},"classes":[]}],"_links":{"self":[{"href":"https:\/\/sakaba.mghosteur.com\/en\/wp-json\/wp\/v2\/product\/25327","targetHints":{"allow":["GET"]}}],"collection":[{"href":"https:\/\/sakaba.mghosteur.com\/en\/wp-json\/wp\/v2\/product"}],"about":[{"href":"https:\/\/sakaba.mghosteur.com\/en\/wp-json\/wp\/v2\/types\/product"}],"replies":[{"embeddable":true,"href":"https:\/\/sakaba.mghosteur.com\/en\/wp-json\/wp\/v2\/comments?post=25327"}],"version-history":[{"count":0,"href":"https:\/\/sakaba.mghosteur.com\/en\/wp-json\/wp\/v2\/product\/25327\/revisions"}],"wp:attachment":[{"href":"https:\/\/sakaba.mghosteur.com\/en\/wp-json\/wp\/v2\/media?parent=25327"}],"wp:term":[{"taxonomy":"product_brand","embeddable":true,"href":"https:\/\/sakaba.mghosteur.com\/en\/wp-json\/wp\/v2\/product_brand?post=25327"},{"taxonomy":"product_cat","embeddable":true,"href":"https:\/\/sakaba.mghosteur.com\/en\/wp-json\/wp\/v2\/product_cat?post=25327"},{"taxonomy":"product_tag","embeddable":true,"href":"https:\/\/sakaba.mghosteur.com\/en\/wp-json\/wp\/v2\/product_tag?post=25327"}],"curies":[{"name":"wp","href":"https:\/\/api.w.org\/{rel}","templated":true}]}}