{"id":25333,"date":"2022-11-14T12:07:32","date_gmt":"2022-11-14T12:07:32","guid":{"rendered":"http:\/\/www.sakababeauty.com\/?post_type=product&#038;p=25333"},"modified":"2022-11-14T12:07:33","modified_gmt":"2022-11-14T12:07:33","slug":"missha-aqua-gel-spf50pa","status":"publish","type":"product","link":"https:\/\/sakaba.mghosteur.com\/en\/product\/missha-aqua-gel-spf50pa\/","title":{"rendered":"MISSHA AQUA GEL SPF50+PA++++"},"content":{"rendered":"","protected":false},"excerpt":{"rendered":"","protected":false},"featured_media":0,"comment_status":"closed","ping_status":"closed","template":"","meta":[],"product_brand":[],"product_cat":[378],"product_tag":[],"class_list":{"0":"post-25333","1":"product","2":"type-product","3":"status-publish","5":"product_cat-protection-solaire-corps","7":"first","8":"instock","9":"shipping-taxable","10":"product-type-simple"},"jetpack-related-posts":[{"id":31506,"url":"https:\/\/sakaba.mghosteur.com\/en\/product\/madagascar-centella-hyalu-cica-water-fit-sun\/","url_meta":{"origin":25333,"position":0},"title":"MADAGASCAR CENTELLA HYALU CICA WATER FIT SUN","author":"admin","date":"May 10, 2024","format":false,"excerpt":"HYALU-CICA WATER-FIT SUN SERUM SPF50+ PA++++ DESCRIPTION : Le s\u00e9rum solaire HYALU-CICA WATER-FIT SPF50+ PA++++ est une solution non nanochimique qui assure une protection efficace contre les rayons UV tout en offrant une hydratation optimale \u00e0 la peau. Sa formule unique laisse un fini hydrat\u00e9 et ros\u00e9, procurant \u00e0 votre\u2026","rel":"","context":"Similar post","block_context":{"text":"Similar post","link":""},"img":{"alt_text":"","src":"","width":0,"height":0},"classes":[]},{"id":29445,"url":"https:\/\/sakaba.mghosteur.com\/en\/product\/cosrx-aloe-soothing-sun-cream\/","url_meta":{"origin":25333,"position":1},"title":"COSRX ALOE SOOTHING SUN CREAM","author":"admin","date":"April 4, 2023","format":false,"excerpt":"Le produit est une cr\u00e8me solaire apaisante Alo\u00e8s SPF50+\/ PA+++ de la marque COSRX. Cette cr\u00e8me solaire ne laisse pas de trace blanche et contient de l'extrait de feuille d'Aloe Arborescens pour apaiser la peau. Elle convient pour une utilisation quotidienne et est l\u00e9g\u00e8re comme un hydratant.","rel":"","context":"Similar post","block_context":{"text":"Similar post","link":""},"img":{"alt_text":"","src":"","width":0,"height":0},"classes":[]},{"id":27583,"url":"https:\/\/sakaba.mghosteur.com\/en\/product\/beauty-of-joseonrelief-sun-rice-probiotcs-spf-50\/","url_meta":{"origin":25333,"position":2},"title":"BEAUTY OF JOSEON Relief Sun : Rice + Probiotics (SPF50+ PA++++)","author":"admin","date":"November 29, 2022","format":false,"excerpt":"D\u00e9couvrez le produit solaire organique Relief Sun de la marque Beauty of Joseon, enrichi avec 30 % d'extrait de riz et d'extraits de c\u00e9r\u00e9ales ferment\u00e9es pour une hydratation et une nutrition de la peau optimales. Sa texture l\u00e9g\u00e8re et cr\u00e9meuse ressemble \u00e0 une cr\u00e8me hydratante l\u00e9g\u00e8re qui ne colle pas\u2026","rel":"","context":"Similar post","block_context":{"text":"Similar post","link":""},"img":{"alt_text":"","src":"","width":0,"height":0},"classes":[]},{"id":22975,"url":"https:\/\/sakaba.mghosteur.com\/en\/product\/becca-aqua-luminous-perfecting-foundation\/","url_meta":{"origin":25333,"position":3},"title":"Becca Aqua Luminous Perfecting Foundation","author":"admin","date":"October 25, 2022","format":false,"excerpt":"","rel":"","context":"Similar post","block_context":{"text":"Similar post","link":""},"img":{"alt_text":"","src":"","width":0,"height":0},"classes":[]},{"id":26391,"url":"https:\/\/sakaba.mghosteur.com\/en\/product\/peach-slices-citrus-honey-aqua-glow\/","url_meta":{"origin":25333,"position":4},"title":"PEACH SLICES CITRUS HONEY AQUA GLOW","author":"admin","date":"November 25, 2022","format":false,"excerpt":"","rel":"","context":"Similar post","block_context":{"text":"Similar post","link":""},"img":{"alt_text":"","src":"","width":0,"height":0},"classes":[]},{"id":33860,"url":"https:\/\/sakaba.mghosteur.com\/en\/product\/becca-aqua-luminous-perfecting-foundation-2\/","url_meta":{"origin":25333,"position":5},"title":"Becca Aqua Luminous Perfecting Foundation","author":"admin","date":"May 23, 2024","format":false,"excerpt":"","rel":"","context":"Similar post","block_context":{"text":"Similar post","link":""},"img":{"alt_text":"","src":"","width":0,"height":0},"classes":[]}],"_links":{"self":[{"href":"https:\/\/sakaba.mghosteur.com\/en\/wp-json\/wp\/v2\/product\/25333","targetHints":{"allow":["GET"]}}],"collection":[{"href":"https:\/\/sakaba.mghosteur.com\/en\/wp-json\/wp\/v2\/product"}],"about":[{"href":"https:\/\/sakaba.mghosteur.com\/en\/wp-json\/wp\/v2\/types\/product"}],"replies":[{"embeddable":true,"href":"https:\/\/sakaba.mghosteur.com\/en\/wp-json\/wp\/v2\/comments?post=25333"}],"version-history":[{"count":0,"href":"https:\/\/sakaba.mghosteur.com\/en\/wp-json\/wp\/v2\/product\/25333\/revisions"}],"wp:attachment":[{"href":"https:\/\/sakaba.mghosteur.com\/en\/wp-json\/wp\/v2\/media?parent=25333"}],"wp:term":[{"taxonomy":"product_brand","embeddable":true,"href":"https:\/\/sakaba.mghosteur.com\/en\/wp-json\/wp\/v2\/product_brand?post=25333"},{"taxonomy":"product_cat","embeddable":true,"href":"https:\/\/sakaba.mghosteur.com\/en\/wp-json\/wp\/v2\/product_cat?post=25333"},{"taxonomy":"product_tag","embeddable":true,"href":"https:\/\/sakaba.mghosteur.com\/en\/wp-json\/wp\/v2\/product_tag?post=25333"}],"curies":[{"name":"wp","href":"https:\/\/api.w.org\/{rel}","templated":true}]}}