{"id":25338,"date":"2022-11-14T12:20:57","date_gmt":"2022-11-14T12:20:57","guid":{"rendered":"http:\/\/www.sakababeauty.com\/?post_type=product&#038;p=25338"},"modified":"2022-11-14T12:20:57","modified_gmt":"2022-11-14T12:20:57","slug":"e-l-f-day-to-night-lipstick-duo","status":"publish","type":"product","link":"https:\/\/sakaba.mghosteur.com\/en\/product\/e-l-f-day-to-night-lipstick-duo\/","title":{"rendered":"e.l.f Day To Night Lipstick Duo"},"content":{"rendered":"","protected":false},"excerpt":{"rendered":"","protected":false},"featured_media":0,"comment_status":"closed","ping_status":"closed","template":"","meta":[],"product_brand":[],"product_cat":[305],"product_tag":[],"class_list":{"0":"post-25338","1":"product","2":"type-product","3":"status-publish","5":"product_cat-levres","7":"first","8":"instock","9":"shipping-taxable","10":"product-type-variable"},"jetpack-related-posts":[{"id":23708,"url":"https:\/\/sakaba.mghosteur.com\/en\/product\/coral-matte-lipstick-duo\/","url_meta":{"origin":25338,"position":0},"title":"CORAL MATTE LIPSTICK DUO","author":"admin","date":"November 4, 2022","format":false,"excerpt":"","rel":"","context":"Similar post","block_context":{"text":"Similar post","link":""},"img":{"alt_text":"","src":"","width":0,"height":0},"classes":[]},{"id":27013,"url":"https:\/\/sakaba.mghosteur.com\/en\/product\/urban-skin-rx-advanced-even-tone-day-night-treatment\/","url_meta":{"origin":25338,"position":1},"title":"URBAN SKIN RX ADVANCED EVEN TONE DAY &#038; NIGHT TREATMENT","author":"admin","date":"November 28, 2022","format":false,"excerpt":"","rel":"","context":"Similar post","block_context":{"text":"Similar post","link":""},"img":{"alt_text":"","src":"","width":0,"height":0},"classes":[]},{"id":32129,"url":"https:\/\/sakaba.mghosteur.com\/en\/product\/mediheal-retinol-collagen-lifting-pad-day-night\/","url_meta":{"origin":25338,"position":2},"title":"MEDIHEAL RETINOL COLLAGEN LIFTING PAD DAY &amp; NIGHT","author":"admin","date":"May 13, 2024","format":false,"excerpt":"","rel":"","context":"Similar post","block_context":{"text":"Similar post","link":""},"img":{"alt_text":"","src":"","width":0,"height":0},"classes":[]},{"id":26016,"url":"https:\/\/sakaba.mghosteur.com\/en\/product\/creme-of-nature-argan-oil-day-night-hair-scalp-conditioner-hair-dress\/","url_meta":{"origin":25338,"position":3},"title":"Creme Of Nature Argan Oil Day &#038; Night Hair &#038; Scalp Conditioner Hair Dress","author":"admin","date":"November 24, 2022","format":false,"excerpt":"","rel":"","context":"Similar post","block_context":{"text":"Similar post","link":""},"img":{"alt_text":"","src":"","width":0,"height":0},"classes":[]},{"id":24448,"url":"https:\/\/sakaba.mghosteur.com\/en\/product\/e-l-f-brush-total-face\/","url_meta":{"origin":25338,"position":4},"title":"E.L.F BRUSH TOTAL FACE","author":"admin","date":"November 10, 2022","format":false,"excerpt":"","rel":"","context":"Similar post","block_context":{"text":"Similar post","link":""},"img":{"alt_text":"","src":"","width":0,"height":0},"classes":[]},{"id":29381,"url":"https:\/\/sakaba.mghosteur.com\/en\/product\/tropicals-duo\/","url_meta":{"origin":25338,"position":5},"title":"TOPICALS DUO","author":"admin","date":"April 3, 2023","format":false,"excerpt":"D\u00e9couvrez DUO de la marque TOPICALS pour r\u00e9soudre vos probl\u00e8mes de peau s\u00e8che et d'hyperpigmentation. Le duo comprend le s\u00e9rum Faded et l'hydratant quotidien Like Butter. Le s\u00e9rum Faded est notre produit le plus vendu, con\u00e7u pour cibler les taches brunes et l'hyperpigmentation. Like Butter, quant \u00e0 lui, est un\u2026","rel":"","context":"Similar post","block_context":{"text":"Similar post","link":""},"img":{"alt_text":"","src":"","width":0,"height":0},"classes":[]}],"_links":{"self":[{"href":"https:\/\/sakaba.mghosteur.com\/en\/wp-json\/wp\/v2\/product\/25338","targetHints":{"allow":["GET"]}}],"collection":[{"href":"https:\/\/sakaba.mghosteur.com\/en\/wp-json\/wp\/v2\/product"}],"about":[{"href":"https:\/\/sakaba.mghosteur.com\/en\/wp-json\/wp\/v2\/types\/product"}],"replies":[{"embeddable":true,"href":"https:\/\/sakaba.mghosteur.com\/en\/wp-json\/wp\/v2\/comments?post=25338"}],"version-history":[{"count":0,"href":"https:\/\/sakaba.mghosteur.com\/en\/wp-json\/wp\/v2\/product\/25338\/revisions"}],"wp:attachment":[{"href":"https:\/\/sakaba.mghosteur.com\/en\/wp-json\/wp\/v2\/media?parent=25338"}],"wp:term":[{"taxonomy":"product_brand","embeddable":true,"href":"https:\/\/sakaba.mghosteur.com\/en\/wp-json\/wp\/v2\/product_brand?post=25338"},{"taxonomy":"product_cat","embeddable":true,"href":"https:\/\/sakaba.mghosteur.com\/en\/wp-json\/wp\/v2\/product_cat?post=25338"},{"taxonomy":"product_tag","embeddable":true,"href":"https:\/\/sakaba.mghosteur.com\/en\/wp-json\/wp\/v2\/product_tag?post=25338"}],"curies":[{"name":"wp","href":"https:\/\/api.w.org\/{rel}","templated":true}]}}