{"id":25359,"date":"2022-11-14T12:35:16","date_gmt":"2022-11-14T12:35:16","guid":{"rendered":"http:\/\/www.sakababeauty.com\/?post_type=product&#038;p=25359"},"modified":"2022-11-14T12:35:16","modified_gmt":"2022-11-14T12:35:16","slug":"exclaim-exfoliating-glove-dead-skin-removal-gloves","status":"publish","type":"product","link":"https:\/\/sakaba.mghosteur.com\/en\/product\/exclaim-exfoliating-glove-dead-skin-removal-gloves\/","title":{"rendered":"EXCLAIM EXFOLIATING GLOVE DEAD SKIN REMOVAL GLOVES"},"content":{"rendered":"","protected":false},"excerpt":{"rendered":"","protected":false},"featured_media":0,"comment_status":"closed","ping_status":"closed","template":"","meta":[],"product_brand":[],"product_cat":[391],"product_tag":[],"class_list":{"0":"post-25359","1":"product","2":"type-product","3":"status-publish","5":"product_cat-aae-bien-etre","7":"first","8":"instock","9":"shipping-taxable","10":"product-type-simple"},"jetpack-related-posts":[{"id":26605,"url":"https:\/\/sakaba.mghosteur.com\/en\/product\/fenty-skin-buff-ryder-exfoliating-body-scrub\/","url_meta":{"origin":25359,"position":0},"title":"FENTY SKIN BUFF RYDER EXFOLIATING BODY  SCRUB","author":"admin","date":"November 28, 2022","format":false,"excerpt":"D\u00e9couvrez le BUFF RYDER EXFOLIATING BODY SCRUB WITH SUPERFINE SAND + FRUIT ENZYMES de la marque FENTY, le gommage corporel inspir\u00e9 de la Barbade qui transformera votre peau en une douceur soyeuse en un rien de temps. Ce m\u00e9lange unique de sucre, de sel, de sable ultrafin, d'enzymes de fruits\u2026","rel":"","context":"Similar post","block_context":{"text":"Similar post","link":""},"img":{"alt_text":"","src":"","width":0,"height":0},"classes":[]},{"id":29854,"url":"https:\/\/sakaba.mghosteur.com\/en\/product\/kojie-san-exfoliating-face-brush-for-perfect-skin\/","url_meta":{"origin":25359,"position":1},"title":"Kojie San Exfoliating Face Brush for Perfect Skin","author":"admin","date":"April 26, 2023","format":false,"excerpt":"D\u00e9couvrez la nouvelle brosse exfoliante pour le visage de Kojie San pour obtenir une peau parfaite. Fabriqu\u00e9e \u00e0 partir de silicone de qualit\u00e9 alimentaire et respectueuse de l'environnement, cette brosse exfoliante pour le visage est ultra-douce et efficace pour exfolier votre peau sans l'ab\u00eemer. Cette brosse nettoie, \u00e9limine l'apparence des\u2026","rel":"","context":"Similar post","block_context":{"text":"Similar post","link":""},"img":{"alt_text":"","src":"","width":0,"height":0},"classes":[]},{"id":34658,"url":"https:\/\/sakaba.mghosteur.com\/en\/product\/fenty-skin-the-body-duo\/","url_meta":{"origin":25359,"position":2},"title":"Fenty Beauty by Rihanna Fenty Skin The Body Duo Set Buff Ryder Exfoliating Body Scrub 57g + Butta Drop Whipped Oil","author":"admin","date":"May 30, 2024","format":false,"excerpt":"Fenty Skin - Duo Mini Gommage Corps + Cr\u00e8me Hydratante Essentiels Un ensemble comprenant un gommage corporel de format voyage et une cr\u00e8me corporelle \u00e0 l'huile fouett\u00e9e de format voyage pour vous donner une peau lisse, douce et souple. Cet ensemble vous aidera \u00e0 obtenir un \u00e9clat inspir\u00e9 des Cara\u00efbes\u2026","rel":"","context":"Similar post","block_context":{"text":"Similar post","link":""},"img":{"alt_text":"","src":"","width":0,"height":0},"classes":[]},{"id":27677,"url":"https:\/\/sakaba.mghosteur.com\/en\/product\/exfoliating-wash\/","url_meta":{"origin":25359,"position":3},"title":"Exfoliating wash","author":"admin","date":"November 29, 2022","format":false,"excerpt":"","rel":"","context":"Similar post","block_context":{"text":"Similar post","link":""},"img":{"alt_text":"","src":"","width":0,"height":0},"classes":[]},{"id":27718,"url":"https:\/\/sakaba.mghosteur.com\/en\/product\/exfoliating-facial-scrub\/","url_meta":{"origin":25359,"position":4},"title":"Exfoliating facial scrub","author":"admin","date":"November 29, 2022","format":false,"excerpt":"","rel":"","context":"Similar post","block_context":{"text":"Similar post","link":""},"img":{"alt_text":"","src":"","width":0,"height":0},"classes":[]},{"id":28343,"url":"https:\/\/sakaba.mghosteur.com\/en\/product\/harry-s-exfoliating-face-wash\/","url_meta":{"origin":25359,"position":5},"title":"HARRY S EXFOLIATING FACE WASH","author":"admin","date":"November 30, 2022","format":false,"excerpt":"","rel":"","context":"Similar post","block_context":{"text":"Similar post","link":""},"img":{"alt_text":"","src":"","width":0,"height":0},"classes":[]}],"_links":{"self":[{"href":"https:\/\/sakaba.mghosteur.com\/en\/wp-json\/wp\/v2\/product\/25359","targetHints":{"allow":["GET"]}}],"collection":[{"href":"https:\/\/sakaba.mghosteur.com\/en\/wp-json\/wp\/v2\/product"}],"about":[{"href":"https:\/\/sakaba.mghosteur.com\/en\/wp-json\/wp\/v2\/types\/product"}],"replies":[{"embeddable":true,"href":"https:\/\/sakaba.mghosteur.com\/en\/wp-json\/wp\/v2\/comments?post=25359"}],"version-history":[{"count":0,"href":"https:\/\/sakaba.mghosteur.com\/en\/wp-json\/wp\/v2\/product\/25359\/revisions"}],"wp:attachment":[{"href":"https:\/\/sakaba.mghosteur.com\/en\/wp-json\/wp\/v2\/media?parent=25359"}],"wp:term":[{"taxonomy":"product_brand","embeddable":true,"href":"https:\/\/sakaba.mghosteur.com\/en\/wp-json\/wp\/v2\/product_brand?post=25359"},{"taxonomy":"product_cat","embeddable":true,"href":"https:\/\/sakaba.mghosteur.com\/en\/wp-json\/wp\/v2\/product_cat?post=25359"},{"taxonomy":"product_tag","embeddable":true,"href":"https:\/\/sakaba.mghosteur.com\/en\/wp-json\/wp\/v2\/product_tag?post=25359"}],"curies":[{"name":"wp","href":"https:\/\/api.w.org\/{rel}","templated":true}]}}