{"id":25392,"date":"2022-11-14T12:52:53","date_gmt":"2022-11-14T12:52:53","guid":{"rendered":"http:\/\/www.sakababeauty.com\/?post_type=product&#038;p=25392"},"modified":"2024-09-01T03:46:30","modified_gmt":"2024-09-01T03:46:30","slug":"foot-cream-repair-lactic-acid-urea","status":"publish","type":"product","link":"https:\/\/sakaba.mghosteur.com\/en\/product\/foot-cream-repair-lactic-acid-urea\/","title":{"rendered":"FOOT CREAM REPAIR LACTIC ACID +UREA"},"content":{"rendered":"","protected":false},"excerpt":{"rendered":"","protected":false},"featured_media":0,"comment_status":"closed","ping_status":"closed","template":"","meta":[],"product_brand":[],"product_cat":[447,364],"product_tag":[],"class_list":{"0":"post-25392","1":"product","2":"type-product","3":"status-publish","5":"product_cat-aac-bain-et-corps","6":"product_cat-soin-mains-pieds","8":"first","9":"instock","10":"shipping-taxable","11":"product-type-simple"},"jetpack-related-posts":[{"id":27958,"url":"https:\/\/sakaba.mghosteur.com\/en\/product\/10-glycolic-lactic-acid\/","url_meta":{"origin":25392,"position":0},"title":"10% GLYCOLIC + LACTIC ACID","author":"admin","date":"November 29, 2022","format":false,"excerpt":"","rel":"","context":"Similar post","block_context":{"text":"Similar post","link":""},"img":{"alt_text":"","src":"","width":0,"height":0},"classes":[]},{"id":28013,"url":"https:\/\/sakaba.mghosteur.com\/en\/product\/squalane-lactic-acid-resurfacing-night-serum\/","url_meta":{"origin":25392,"position":1},"title":"SQUALANE +LACTIC ACID RESURFACING NIGHT SERUM","author":"admin","date":"November 29, 2022","format":false,"excerpt":"","rel":"","context":"Similar post","block_context":{"text":"Similar post","link":""},"img":{"alt_text":"","src":"","width":0,"height":0},"classes":[]},{"id":31770,"url":"https:\/\/sakaba.mghosteur.com\/en\/product\/amlactic-daily-nourish-5-lactic-acid-225g\/","url_meta":{"origin":25392,"position":2},"title":"AMLACTIC DAILY NOURISH 5% LACTIC ACID 225g","author":"admin","date":"May 10, 2024","format":false,"excerpt":"","rel":"","context":"Similar post","block_context":{"text":"Similar post","link":""},"img":{"alt_text":"","src":"","width":0,"height":0},"classes":[]},{"id":31767,"url":"https:\/\/sakaba.mghosteur.com\/en\/product\/amlactic-daily-vitamin-c-7-lactic-acid-225g\/","url_meta":{"origin":25392,"position":3},"title":"AMLACTIC DAILY VITAMIN C 7% LACTIC ACID 225g","author":"admin","date":"May 10, 2024","format":false,"excerpt":"","rel":"","context":"Similar post","block_context":{"text":"Similar post","link":""},"img":{"alt_text":"","src":"","width":0,"height":0},"classes":[]},{"id":31773,"url":"https:\/\/sakaba.mghosteur.com\/en\/product\/amlactin-rapid-relief-12-lactic-acid-lotion-400g\/","url_meta":{"origin":25392,"position":4},"title":"AMLACTIN RAPID RELIEF 12% LACTIC ACID LOTION 400G","author":"admin","date":"May 10, 2024","format":false,"excerpt":"Enrichissez votre peau au quotidien avec cette lotion exfoliante \u00e0 base d'acide lactique \u00e0 12% cliniquement prouv\u00e9. Hydrate imm\u00e9diatement et restaure l'\u00e9clat de la peau Exfolie en douceur, hydrate en profondeur Hydratation non grasse et longue dur\u00e9e Formul\u00e9 avec du lactate d'ammonium, \u00e9quivalent \u00e012 % d'acide lactique Formul\u00e9 sans parfum,\u2026","rel":"","context":"Similar post","block_context":{"text":"Similar post","link":""},"img":{"alt_text":"","src":"","width":0,"height":0},"classes":[]},{"id":31723,"url":"https:\/\/sakaba.mghosteur.com\/en\/product\/medix-5-5-glucolic-lactic-acid-skin-perfect-body-wash-444ml\/","url_meta":{"origin":25392,"position":5},"title":"MEDIX 5.5 GLUCOLIC LACTIC ACID SKIN PERFECT  BODY WASH 444ML","author":"admin","date":"May 10, 2024","format":false,"excerpt":"Acide glycolique + acide lactique Perfectionnement de la peau - Nettoyant pour le corps 15oz. Un favori des fans, ce nettoyant corporel quotidien sans sulfate est infus\u00e9 d\u2019acides alpha-hydroxy pour vous offrir un premier pas vers une peau saine et radieuse. Formul\u00e9 sp\u00e9cialement pour pr\u00e9parer la peau aux traitements, il\u2026","rel":"","context":"Similar post","block_context":{"text":"Similar post","link":""},"img":{"alt_text":"","src":"","width":0,"height":0},"classes":[]}],"_links":{"self":[{"href":"https:\/\/sakaba.mghosteur.com\/en\/wp-json\/wp\/v2\/product\/25392","targetHints":{"allow":["GET"]}}],"collection":[{"href":"https:\/\/sakaba.mghosteur.com\/en\/wp-json\/wp\/v2\/product"}],"about":[{"href":"https:\/\/sakaba.mghosteur.com\/en\/wp-json\/wp\/v2\/types\/product"}],"replies":[{"embeddable":true,"href":"https:\/\/sakaba.mghosteur.com\/en\/wp-json\/wp\/v2\/comments?post=25392"}],"version-history":[{"count":0,"href":"https:\/\/sakaba.mghosteur.com\/en\/wp-json\/wp\/v2\/product\/25392\/revisions"}],"wp:attachment":[{"href":"https:\/\/sakaba.mghosteur.com\/en\/wp-json\/wp\/v2\/media?parent=25392"}],"wp:term":[{"taxonomy":"product_brand","embeddable":true,"href":"https:\/\/sakaba.mghosteur.com\/en\/wp-json\/wp\/v2\/product_brand?post=25392"},{"taxonomy":"product_cat","embeddable":true,"href":"https:\/\/sakaba.mghosteur.com\/en\/wp-json\/wp\/v2\/product_cat?post=25392"},{"taxonomy":"product_tag","embeddable":true,"href":"https:\/\/sakaba.mghosteur.com\/en\/wp-json\/wp\/v2\/product_tag?post=25392"}],"curies":[{"name":"wp","href":"https:\/\/api.w.org\/{rel}","templated":true}]}}