{"id":25393,"date":"2022-11-14T12:53:26","date_gmt":"2022-11-14T12:53:26","guid":{"rendered":"http:\/\/www.sakababeauty.com\/?post_type=product&#038;p=25393"},"modified":"2023-04-27T15:20:16","modified_gmt":"2023-04-27T15:20:16","slug":"vaseline-lip-therapy-cocoa-butter-glowing-lips6","status":"publish","type":"product","link":"https:\/\/sakaba.mghosteur.com\/en\/product\/vaseline-lip-therapy-cocoa-butter-glowing-lips6\/","title":{"rendered":"VASELINE LIP THERAPY COCOA BUTTER MINI"},"content":{"rendered":"<p>D\u00e9couvrez Vaseline\u00ae Lip Therapy\u00ae Cocoa Butter Mini pour des l\u00e8vres douces, plus lisses et plus saines. Cette formule non collante et parfum\u00e9e au beurre de cacao aide \u00e0 apaiser et \u00e0 soigner les l\u00e8vres s\u00e8ches en emprisonnant l&#8217;humidit\u00e9 pour leur donner une apparence visiblement saine. Avec du beurre de cacao riche, ce baume \u00e0 l\u00e8vres nourrit les l\u00e8vres ternes et leur donne un \u00e9clat naturel tout en laissant un parfum persistant de cacao et de vanille. Fabriqu\u00e9 avec Vaseline\u00ae Jelly, il prot\u00e8ge les l\u00e8vres en leur fournissant l&#8217;hydratation longue dur\u00e9e dont elles ont besoin. Sa formule non collante et non grasse convient \u00e0 un usage r\u00e9gulier. Le format mini embl\u00e9matique de Vaseline\u00ae tient dans votre poche ou votre sac \u00e0 main pour une protection continue des l\u00e8vres lors de vos d\u00e9placements. Appliquez-le sur vos l\u00e8vres et r\u00e9p\u00e9tez au besoin tout au long de la journ\u00e9e pour des l\u00e8vres hydrat\u00e9es et saines.<\/p>","protected":false},"excerpt":{"rendered":"<p>D\u00e9couvrez Vaseline\u00ae Lip Therapy\u00ae Cocoa Butter Mini pour des l\u00e8vres douces, plus lisses et plus saines. Cette formule non collante et parfum\u00e9e au beurre de cacao aide \u00e0 apaiser et \u00e0 soigner les l\u00e8vres s\u00e8ches en emprisonnant l&#8217;humidit\u00e9 pour leur donner une apparence visiblement saine. Avec du beurre de cacao riche, ce baume \u00e0 l\u00e8vres<span class=\"read-more-faq\"><a href=\"https:\/\/sakaba.mghosteur.com\/en\/product\/vaseline-lip-therapy-cocoa-butter-glowing-lips6\/\">Read More<\/a><\/span><\/p>","protected":false},"featured_media":0,"comment_status":"closed","ping_status":"closed","template":"","meta":[],"product_brand":[],"product_cat":[305],"product_tag":[],"class_list":{"0":"post-25393","1":"product","2":"type-product","3":"status-publish","5":"product_cat-levres","7":"first","8":"instock","9":"shipping-taxable","10":"product-type-simple"},"jetpack-related-posts":[{"id":28834,"url":"https:\/\/sakaba.mghosteur.com\/en\/product\/vaseline-lip-therapy-rosy-lips-pink-lips\/","url_meta":{"origin":25393,"position":0},"title":"VASELINE LIP THERAPY ROSE MINI","author":"admin","date":"December 13, 2022","format":false,"excerpt":"D\u00e9couvrez Vaseline Lip Therapy Rosy Mini pour des l\u00e8vres plus douces, plus lisses et plus saines avec une touche de rose transparente. Sa formule non collante et son parfum de rose aident \u00e0 apaiser et \u00e0 soigner les l\u00e8vres s\u00e8ches en emprisonnant l'humidit\u00e9, pour des l\u00e8vres visiblement plus belles et\u2026","rel":"","context":"Similar post","block_context":{"text":"Similar post","link":""},"img":{"alt_text":"","src":"","width":0,"height":0},"classes":[]},{"id":31530,"url":"https:\/\/sakaba.mghosteur.com\/en\/product\/vaseline-cocoa-butter-healing-jelly-212g\/","url_meta":{"origin":25393,"position":1},"title":"VASELINE COCOA BUTTER HEALING JELLY 212G","author":"admin","date":"May 10, 2024","format":false,"excerpt":"D\u00e9couvrez cette gel\u00e9e cicatrisante Vaseline, une solution pour la peau s\u00e8che et terne. Enrichie en beurre de cacao, cette formule ravive et nourrit la peau, lui redonnant un \u00e9clat radieux et une apparence saine. Id\u00e9ale pour les peaux s\u00e8ches et ternes, cette gel\u00e9e cicatrisante est fabriqu\u00e9e avec de la vaseline\u2026","rel":"","context":"Similar post","block_context":{"text":"Similar post","link":""},"img":{"alt_text":"","src":"","width":0,"height":0},"classes":[]},{"id":31550,"url":"https:\/\/sakaba.mghosteur.com\/en\/product\/vaseline-lip-therapy-original\/","url_meta":{"origin":25393,"position":2},"title":"VASELINE LIP THERAPY ORIGINAL","author":"admin","date":"May 10, 2024","format":false,"excerpt":"Le baume \u00e0 l\u00e8vres Vaseline Lip Therapy Mini Original est un incontournable pour garder vos l\u00e8vres hydrat\u00e9es et en bonne sant\u00e9. Cliniquement prouv\u00e9 pour gu\u00e9rir les l\u00e8vres s\u00e8ches, sa formule non collante et douce fond d\u00e9licatement sur vos l\u00e8vres, procurant un soulagement durable. Pr\u00e9sent\u00e9 dans un emballage embl\u00e9matique, ce baume\u2026","rel":"","context":"Similar post","block_context":{"text":"Similar post","link":""},"img":{"alt_text":"","src":"","width":0,"height":0},"classes":[]},{"id":29644,"url":"https:\/\/sakaba.mghosteur.com\/en\/product\/palmers-cocoa-butter-formula-swivel-stick\/","url_meta":{"origin":25393,"position":3},"title":"Palmer&#8217;s Cocoa Butter Formula Swivel stick","author":"admin","date":"April 11, 2023","format":false,"excerpt":"D\u00e9couvrez le Swivel Stick de Palmer's, un b\u00e2ton hydratant multi-usage con\u00e7u pour adoucir et lisser les l\u00e8vres, les cuticules et la peau craquel\u00e9e. Infus\u00e9 avec du beurre de cacao naturel et de la vitamine E, ce produit offre une hydratation intense et une protection contre les ger\u00e7ures pendant 48 heures.\u2026","rel":"","context":"Similar post","block_context":{"text":"Similar post","link":""},"img":{"alt_text":"","src":"","width":0,"height":0},"classes":[]},{"id":34599,"url":"https:\/\/sakaba.mghosteur.com\/en\/product\/fenty-luscious-lip-balm-cocoa-drizzle\/","url_meta":{"origin":25393,"position":4},"title":"FENTY LUSCIOUS LIP BALM COCOA DRIZZLE","author":"admin","date":"May 29, 2024","format":false,"excerpt":"Un baume \u00e0 l\u00e8vres cr\u00e9meux et hydratant dot\u00e9 d'un applicateur en forme de pied de biche moelleux qui lisse, adoucit et pr\u00e9pare vos l\u00e8vres pour des l\u00e8vres instantan\u00e9ment pulpeuses et dignes d'un baiser qui durent, dans des teintes transparentes con\u00e7ues pour tous les tons de peau. Description: Super cr\u00e9meux et\u2026","rel":"","context":"Similar post","block_context":{"text":"Similar post","link":""},"img":{"alt_text":"","src":"","width":0,"height":0},"classes":[]},{"id":29936,"url":"https:\/\/sakaba.mghosteur.com\/en\/product\/vaseline-intensive-care-cocoa-body-butter\/","url_meta":{"origin":25393,"position":5},"title":"VASELINE INTENSIVE CARE COCOA BODY BUTTER","author":"admin","date":"April 28, 2023","format":false,"excerpt":"La lotion pour le corps Vaseline Intensive Care Cocoa Body Butter est une formule riche \u00e0 base de beurre de cacao et de beurre de karit\u00e9, combin\u00e9e \u00e0 un m\u00e9lange sp\u00e9cial de micro-gouttelettes de gel\u00e9e de vaseline et d'humectants pour hydrater et aider \u00e0 gu\u00e9rir la peau s\u00e8che. Cette cr\u00e8me\u2026","rel":"","context":"Similar post","block_context":{"text":"Similar post","link":""},"img":{"alt_text":"","src":"","width":0,"height":0},"classes":[]}],"_links":{"self":[{"href":"https:\/\/sakaba.mghosteur.com\/en\/wp-json\/wp\/v2\/product\/25393","targetHints":{"allow":["GET"]}}],"collection":[{"href":"https:\/\/sakaba.mghosteur.com\/en\/wp-json\/wp\/v2\/product"}],"about":[{"href":"https:\/\/sakaba.mghosteur.com\/en\/wp-json\/wp\/v2\/types\/product"}],"replies":[{"embeddable":true,"href":"https:\/\/sakaba.mghosteur.com\/en\/wp-json\/wp\/v2\/comments?post=25393"}],"version-history":[{"count":0,"href":"https:\/\/sakaba.mghosteur.com\/en\/wp-json\/wp\/v2\/product\/25393\/revisions"}],"wp:attachment":[{"href":"https:\/\/sakaba.mghosteur.com\/en\/wp-json\/wp\/v2\/media?parent=25393"}],"wp:term":[{"taxonomy":"product_brand","embeddable":true,"href":"https:\/\/sakaba.mghosteur.com\/en\/wp-json\/wp\/v2\/product_brand?post=25393"},{"taxonomy":"product_cat","embeddable":true,"href":"https:\/\/sakaba.mghosteur.com\/en\/wp-json\/wp\/v2\/product_cat?post=25393"},{"taxonomy":"product_tag","embeddable":true,"href":"https:\/\/sakaba.mghosteur.com\/en\/wp-json\/wp\/v2\/product_tag?post=25393"}],"curies":[{"name":"wp","href":"https:\/\/api.w.org\/{rel}","templated":true}]}}