{"id":25397,"date":"2022-11-14T12:54:31","date_gmt":"2022-11-14T12:54:31","guid":{"rendered":"http:\/\/www.sakababeauty.com\/?post_type=product&#038;p=25397"},"modified":"2022-11-14T12:54:31","modified_gmt":"2022-11-14T12:54:31","slug":"carmex-classique-lip-balm-medicated","status":"publish","type":"product","link":"https:\/\/sakaba.mghosteur.com\/en\/product\/carmex-classique-lip-balm-medicated\/","title":{"rendered":"Carmex Classique lip balm medicated"},"content":{"rendered":"","protected":false},"excerpt":{"rendered":"","protected":false},"featured_media":0,"comment_status":"closed","ping_status":"closed","template":"","meta":[],"product_brand":[],"product_cat":[305],"product_tag":[],"class_list":{"0":"post-25397","1":"product","2":"type-product","3":"status-publish","5":"product_cat-levres","7":"first","8":"instock","9":"shipping-taxable","10":"product-type-simple"},"jetpack-related-posts":[{"id":32637,"url":"https:\/\/sakaba.mghosteur.com\/en\/product\/carmex-classique-lip-balm-medicated-10g-tube\/","url_meta":{"origin":25397,"position":0},"title":"Carmex Classique lip balm medicated 10G TUBE","author":"admin","date":"May 15, 2024","format":false,"excerpt":"Baume \u00e0 l\u00e8vres m\u00e9dicamenteux Carmet Classic est un baume protecteur pour apaiser et prot\u00e9ger les l\u00e8vres s\u00e8ches et gerc\u00e9es. Il contient du beurre de cacao, du camphre et du menthol et procure une sensation de fra\u00eecheur. Il peut \u00eatre utilis\u00e9 par tous les temps et est conditionn\u00e9 dans des tubes\u2026","rel":"","context":"Similar post","block_context":{"text":"Similar post","link":""},"img":{"alt_text":"","src":"","width":0,"height":0},"classes":[]},{"id":23596,"url":"https:\/\/sakaba.mghosteur.com\/en\/product\/fenty-luscious-lip-balm\/","url_meta":{"origin":25397,"position":1},"title":"FENTY LUSCIOUS LIP BALM","author":"admin","date":"November 2, 2022","format":false,"excerpt":"","rel":"","context":"Similar post","block_context":{"text":"Similar post","link":""},"img":{"alt_text":"","src":"","width":0,"height":0},"classes":[]},{"id":23714,"url":"https:\/\/sakaba.mghosteur.com\/en\/product\/kush-lip-balm-baume\/","url_meta":{"origin":25397,"position":2},"title":"KUSH LIP BALM BAUME","author":"admin","date":"November 4, 2022","format":false,"excerpt":"","rel":"","context":"Similar post","block_context":{"text":"Similar post","link":""},"img":{"alt_text":"","src":"","width":0,"height":0},"classes":[]},{"id":23746,"url":"https:\/\/sakaba.mghosteur.com\/en\/product\/whish-natural-lip-balm\/","url_meta":{"origin":25397,"position":3},"title":"Whish Natural Lip Balm","author":"admin","date":"November 4, 2022","format":false,"excerpt":"","rel":"","context":"Similar post","block_context":{"text":"Similar post","link":""},"img":{"alt_text":"","src":"","width":0,"height":0},"classes":[]},{"id":27222,"url":"https:\/\/sakaba.mghosteur.com\/en\/product\/lip-glowy-balm-gummy-bear\/","url_meta":{"origin":25397,"position":4},"title":"LIP GLOWY BALM GUMMY BEAR","author":"admin","date":"November 29, 2022","format":false,"excerpt":"","rel":"","context":"Similar post","block_context":{"text":"Similar post","link":""},"img":{"alt_text":"","src":"","width":0,"height":0},"classes":[]},{"id":31562,"url":"https:\/\/sakaba.mghosteur.com\/en\/product\/laneige-lip-treatment-balm\/","url_meta":{"origin":25397,"position":5},"title":"LANEIGE LIP TREATMENT BALM","author":"admin","date":"May 10, 2024","format":false,"excerpt":"","rel":"","context":"Similar post","block_context":{"text":"Similar post","link":""},"img":{"alt_text":"","src":"","width":0,"height":0},"classes":[]}],"_links":{"self":[{"href":"https:\/\/sakaba.mghosteur.com\/en\/wp-json\/wp\/v2\/product\/25397","targetHints":{"allow":["GET"]}}],"collection":[{"href":"https:\/\/sakaba.mghosteur.com\/en\/wp-json\/wp\/v2\/product"}],"about":[{"href":"https:\/\/sakaba.mghosteur.com\/en\/wp-json\/wp\/v2\/types\/product"}],"replies":[{"embeddable":true,"href":"https:\/\/sakaba.mghosteur.com\/en\/wp-json\/wp\/v2\/comments?post=25397"}],"version-history":[{"count":0,"href":"https:\/\/sakaba.mghosteur.com\/en\/wp-json\/wp\/v2\/product\/25397\/revisions"}],"wp:attachment":[{"href":"https:\/\/sakaba.mghosteur.com\/en\/wp-json\/wp\/v2\/media?parent=25397"}],"wp:term":[{"taxonomy":"product_brand","embeddable":true,"href":"https:\/\/sakaba.mghosteur.com\/en\/wp-json\/wp\/v2\/product_brand?post=25397"},{"taxonomy":"product_cat","embeddable":true,"href":"https:\/\/sakaba.mghosteur.com\/en\/wp-json\/wp\/v2\/product_cat?post=25397"},{"taxonomy":"product_tag","embeddable":true,"href":"https:\/\/sakaba.mghosteur.com\/en\/wp-json\/wp\/v2\/product_tag?post=25397"}],"curies":[{"name":"wp","href":"https:\/\/api.w.org\/{rel}","templated":true}]}}