{"id":25404,"date":"2022-11-14T13:03:43","date_gmt":"2022-11-14T13:03:43","guid":{"rendered":"http:\/\/www.sakababeauty.com\/?post_type=product&#038;p=25404"},"modified":"2024-08-14T03:46:08","modified_gmt":"2024-08-14T03:46:08","slug":"eos-lip-balm-watermelon-frose","status":"publish","type":"product","link":"https:\/\/sakaba.mghosteur.com\/en\/product\/eos-lip-balm-watermelon-frose\/","title":{"rendered":"EOS LIP BALM WATERMELON FROS\u00c9"},"content":{"rendered":"<p>Le baume \u00e0 l\u00e8vres EOS Watermelon Fros\u00e9 est un baume \u00e0 l\u00e8vres 100 % naturel recommand\u00e9 par les dermatologues pour les peaux sensibles. Il est compos\u00e9 d&#8217;ingr\u00e9dients naturels et d&#8217;huiles essentielles qui nourrissent et hydratent les l\u00e8vres. Il a un doux parfum de past\u00e8que et combine les saveurs de la past\u00e8que juteuse avec l&#8217;essence estivale du fros\u00e9<\/p>","protected":false},"excerpt":{"rendered":"<p>Le baume \u00e0 l\u00e8vres EOS Watermelon Fros\u00e9 est un baume \u00e0 l\u00e8vres 100 % naturel recommand\u00e9 par les dermatologues pour les peaux sensibles. Il est compos\u00e9 d&#8217;ingr\u00e9dients naturels et d&#8217;huiles essentielles qui nourrissent et hydratent les l\u00e8vres. Il a un doux parfum de past\u00e8que et combine les saveurs de la past\u00e8que juteuse avec l&#8217;essence estivale<span class=\"read-more-faq\"><a href=\"https:\/\/sakaba.mghosteur.com\/en\/product\/eos-lip-balm-watermelon-frose\/\">Read More<\/a><\/span><\/p>","protected":false},"featured_media":0,"comment_status":"closed","ping_status":"closed","template":"","meta":[],"product_brand":[],"product_cat":[1054,451],"product_tag":[],"class_list":{"0":"post-25404","1":"product","2":"type-product","3":"status-publish","5":"product_cat-soins-des-levres","6":"product_cat-aab-soin-du-visage","8":"first","9":"instock","10":"shipping-taxable","11":"product-type-simple"},"jetpack-related-posts":[{"id":24832,"url":"https:\/\/sakaba.mghosteur.com\/en\/product\/eos-100-natural-shea-lip-balm-vanilla-bean\/","url_meta":{"origin":25404,"position":0},"title":"EOS 100% Natural Shea Lip Balm Vanilla Bean","author":"admin","date":"November 11, 2022","format":false,"excerpt":"Le Baume \u00e0 L\u00e8vres B\u00e2ton Vanille de la marque EOS est un produit de beaut\u00e9 naturel et biologique qui hydrate et nourrit vos l\u00e8vres tout en leur offrant une saveur de vanille douce, riche et cr\u00e9meuse. Ce baume \u00e0 l\u00e8vres est compos\u00e9 d'ingr\u00e9dients de qualit\u00e9 sup\u00e9rieure, tels que l'huile de\u2026","rel":"","context":"Similar post","block_context":{"text":"Similar post","link":""},"img":{"alt_text":"","src":"","width":0,"height":0},"classes":[]},{"id":24808,"url":"https:\/\/sakaba.mghosteur.com\/en\/product\/eos-100-natural-shea-lip-balm-sweet-mint\/","url_meta":{"origin":25404,"position":1},"title":"EOS 100% Natural Shea Lip Balm Sweet Mint","author":"admin","date":"November 11, 2022","format":false,"excerpt":"Le baume \u00e0 l\u00e8vres EOS 100 % naturel au karit\u00e9 et \u00e0 la menthe douce est un baume \u00e0 l\u00e8vres 100 % naturel et biologique certifi\u00e9 USDA. Il contient du beurre de karit\u00e9 et de l'huile de jojoba pour garder les l\u00e8vres hydrat\u00e9es et lisses. Il contient \u00e9galement de la\u2026","rel":"","context":"Similar post","block_context":{"text":"Similar post","link":""},"img":{"alt_text":"","src":"","width":0,"height":0},"classes":[]},{"id":32195,"url":"https:\/\/sakaba.mghosteur.com\/en\/product\/tree-hut-whippep-shea-boby-butter-watermelon\/","url_meta":{"origin":25404,"position":2},"title":"TREE HUT WHIPPEP BOBY BUTTER WATERMELON","author":"admin","date":"May 13, 2024","format":false,"excerpt":"Imaginez une peau lisse et hydrat\u00e9e sans le poids des beurres corporels traditionnels. Le beurre corporel de karit\u00e9 fouett\u00e9 \u00e0 la past\u00e8que Tree Hut est le soin parfait pour la peau apr\u00e8s le bain ou comme rafra\u00eechisseur de peau. Il laissera votre peau douce et avec une odeur incroyable !\u2026","rel":"","context":"Similar post","block_context":{"text":"Similar post","link":""},"img":{"alt_text":"","src":"","width":0,"height":0},"classes":[]},{"id":33249,"url":"https:\/\/sakaba.mghosteur.com\/en\/product\/eos-100-natural-shea-lip-balm-pomegranate-raspberry\/","url_meta":{"origin":25404,"position":3},"title":"EOS 100% Natural Shea Lip Balm Pomegranate Raspberry","author":"admin","date":"May 20, 2024","format":false,"excerpt":"Le go\u00fbt de grenade et de framboise a le go\u00fbt de grenade p\u00e9tillante et de framboise acidul\u00e9e et juteuse. Notre baume \u00e0 l\u00e8vres certifi\u00e9 biologique par l'USDA et recommand\u00e9 par les dermatologues est formul\u00e9 pour les peaux sensibles et fabriqu\u00e9 avec du beurre de karit\u00e9 apaisant, de l'huile de coco\u2026","rel":"","context":"Similar post","block_context":{"text":"Similar post","link":""},"img":{"alt_text":"","src":"","width":0,"height":0},"classes":[]},{"id":56235,"url":"https:\/\/sakaba.mghosteur.com\/en\/product\/watermelon-whipped-shea-body-butter\/","url_meta":{"origin":25404,"position":4},"title":"Watermelon Whipped Shea Body Butter","author":"Sope DIA","date":"January 3, 2026","format":false,"excerpt":"Redonnez \u00e0 votre peau toute son hydratation sans la sensation grasse des beurres corporels traditionnels. Notre formule l\u00e9g\u00e8re et a\u00e9rienne glisse sur la peau tout en l'hydratant intens\u00e9ment. Le Beurre Corporel Fouett\u00e9 \u00e0 la Past\u00e8que est le soin id\u00e9al apr\u00e8s le bain ou pour rafra\u00eechir votre peau. Son parfum rafra\u00eechissant\u2026","rel":"","context":"Similar post","block_context":{"text":"Similar post","link":""},"img":{"alt_text":"","src":"","width":0,"height":0},"classes":[]},{"id":33252,"url":"https:\/\/sakaba.mghosteur.com\/en\/product\/eos-pink-champagne-strawberry-cheer\/","url_meta":{"origin":25404,"position":5},"title":"EOS PINK CHAMPAGNE STRAWBERRY CHEER","author":"admin","date":"May 20, 2024","format":false,"excerpt":"Ces baumes \u00e0 l\u00e8vres aux saveurs festives de champagne ros\u00e9 et de fraise en \u00e9dition limit\u00e9e s'associent \u00e0 du karit\u00e9 ultra doux pour cr\u00e9er des baumes \u00e0 l\u00e8vres joyeux que vous aurez certainement envie de partager. Avec une hydratation profonde et durable et des saveurs d\u00e9licieuses","rel":"","context":"Similar post","block_context":{"text":"Similar post","link":""},"img":{"alt_text":"","src":"","width":0,"height":0},"classes":[]}],"_links":{"self":[{"href":"https:\/\/sakaba.mghosteur.com\/en\/wp-json\/wp\/v2\/product\/25404","targetHints":{"allow":["GET"]}}],"collection":[{"href":"https:\/\/sakaba.mghosteur.com\/en\/wp-json\/wp\/v2\/product"}],"about":[{"href":"https:\/\/sakaba.mghosteur.com\/en\/wp-json\/wp\/v2\/types\/product"}],"replies":[{"embeddable":true,"href":"https:\/\/sakaba.mghosteur.com\/en\/wp-json\/wp\/v2\/comments?post=25404"}],"version-history":[{"count":0,"href":"https:\/\/sakaba.mghosteur.com\/en\/wp-json\/wp\/v2\/product\/25404\/revisions"}],"wp:attachment":[{"href":"https:\/\/sakaba.mghosteur.com\/en\/wp-json\/wp\/v2\/media?parent=25404"}],"wp:term":[{"taxonomy":"product_brand","embeddable":true,"href":"https:\/\/sakaba.mghosteur.com\/en\/wp-json\/wp\/v2\/product_brand?post=25404"},{"taxonomy":"product_cat","embeddable":true,"href":"https:\/\/sakaba.mghosteur.com\/en\/wp-json\/wp\/v2\/product_cat?post=25404"},{"taxonomy":"product_tag","embeddable":true,"href":"https:\/\/sakaba.mghosteur.com\/en\/wp-json\/wp\/v2\/product_tag?post=25404"}],"curies":[{"name":"wp","href":"https:\/\/api.w.org\/{rel}","templated":true}]}}