{"id":25411,"date":"2022-11-14T13:04:41","date_gmt":"2022-11-14T13:04:41","guid":{"rendered":"http:\/\/www.sakababeauty.com\/?post_type=product&#038;p=25411"},"modified":"2024-08-14T03:49:02","modified_gmt":"2024-08-14T03:49:02","slug":"eos-mango-melonade-with-vitamin-c","status":"publish","type":"product","link":"https:\/\/sakaba.mghosteur.com\/en\/product\/eos-mango-melonade-with-vitamin-c\/","title":{"rendered":"EOS MANGO MELONADE WITH VITAMIN C"},"content":{"rendered":"<p>Le baume Mango Melonade associe un nectar de mangue tropical cr\u00e9meux \u00e0 de l&#8217;eau fra\u00eeche de cantaloup et \u00e0 une touche subtile de gingembre sucr\u00e9 pour un regain d&#8217;\u00e9nergie. Appliquez ce baume \u00e0 l\u00e8vres \u00e0 la vitamine C pour un effet boost\u00e9 sans le choc de la caf\u00e9ine<\/p>","protected":false},"excerpt":{"rendered":"<p>Le baume Mango Melonade associe un nectar de mangue tropical cr\u00e9meux \u00e0 de l&#8217;eau fra\u00eeche de cantaloup et \u00e0 une touche subtile de gingembre sucr\u00e9 pour un regain d&#8217;\u00e9nergie. Appliquez ce baume \u00e0 l\u00e8vres \u00e0 la vitamine C pour un effet boost\u00e9 sans le choc de la caf\u00e9ine<\/p>","protected":false},"featured_media":0,"comment_status":"closed","ping_status":"closed","template":"","meta":[],"product_brand":[],"product_cat":[1054,451],"product_tag":[],"class_list":{"0":"post-25411","1":"product","2":"type-product","3":"status-publish","5":"product_cat-soins-des-levres","6":"product_cat-aab-soin-du-visage","8":"first","9":"instock","10":"shipping-taxable","11":"product-type-simple"},"jetpack-related-posts":[{"id":31951,"url":"https:\/\/sakaba.mghosteur.com\/en\/product\/camille-rose-algae-renew-deep-conditioning-mask-cocoa-mango-butter-50ml\/","url_meta":{"origin":25411,"position":0},"title":"CAMILLE ROSE ALGAE RENEW DEEP CONDITIONING MASK &#8211; SACHET DE 50 ML","author":"admin","date":"May 13, 2024","format":false,"excerpt":"Un soin hydratant et fortifiant riche en vitamines, infus\u00e9 d'algues bleu-vert. Ce soin riche est infus\u00e9 d'un m\u00e9lange d'algues bleu-vert pures, contenant 65 vitamines, min\u00e9raux et antioxydants. Le cacao non raffin\u00e9 et le beurre de mangue sont astucieusement m\u00e9lang\u00e9s dans cette formule revitalisante intense en profondeur pour un maximum de\u2026","rel":"","context":"Similar post","block_context":{"text":"Similar post","link":""},"img":{"alt_text":"","src":"","width":0,"height":0},"classes":[]},{"id":24808,"url":"https:\/\/sakaba.mghosteur.com\/en\/product\/eos-100-natural-shea-lip-balm-sweet-mint\/","url_meta":{"origin":25411,"position":1},"title":"EOS 100% Natural Shea Lip Balm Sweet Mint","author":"admin","date":"November 11, 2022","format":false,"excerpt":"Le baume \u00e0 l\u00e8vres EOS 100 % naturel au karit\u00e9 et \u00e0 la menthe douce est un baume \u00e0 l\u00e8vres 100 % naturel et biologique certifi\u00e9 USDA. Il contient du beurre de karit\u00e9 et de l'huile de jojoba pour garder les l\u00e8vres hydrat\u00e9es et lisses. Il contient \u00e9galement de la\u2026","rel":"","context":"Similar post","block_context":{"text":"Similar post","link":""},"img":{"alt_text":"","src":"","width":0,"height":0},"classes":[]},{"id":31891,"url":"https:\/\/sakaba.mghosteur.com\/en\/product\/wildplus-huile-de-jus-corporel-twisted-mango\/","url_meta":{"origin":25411,"position":2},"title":"WILDPLUS Huile de jus corporel TWISTED MANGO","author":"admin","date":"May 10, 2024","format":false,"excerpt":"Huile de jus corporel TWISTED MANGO WildPlus D\u00e9tails du produit Cette huile de Yoni est votre alli\u00e9e pour vous sentir absolument incroyable, que ce soit pour un rendez-vous en amoureux ou simplement pour vous-m\u00eame. Son parfum enivrant vous rendra accro, captivant aussi bien vous que votre entourage. L'huile de jus\u2026","rel":"","context":"Similar post","block_context":{"text":"Similar post","link":""},"img":{"alt_text":"","src":"","width":0,"height":0},"classes":[]},{"id":31505,"url":"https:\/\/sakaba.mghosteur.com\/en\/product\/laneige-lip-sleeping-mask-mango\/","url_meta":{"origin":25411,"position":3},"title":"LANEIGE LIP SLEEPING MASK MANGO","author":"admin","date":"May 10, 2024","format":false,"excerpt":"D\u00e9couvrez le masque de nuit phare de LANEIGE, une formule ultra nourrissante qui favorise des l\u00e8vres douces et pulpeuses. Avec sa saveur de mangue juteuse, ce masque pour les l\u00e8vres repulpe les l\u00e8vres en les hydratant intens\u00e9ment, en aidant \u00e0 minimiser les rugosit\u00e9s et les fissures dues \u00e0 la s\u00e9cheresse.\u2026","rel":"","context":"Similar post","block_context":{"text":"Similar post","link":""},"img":{"alt_text":"","src":"","width":0,"height":0},"classes":[]},{"id":27211,"url":"https:\/\/sakaba.mghosteur.com\/en\/product\/lip-sleeping-mask-mango\/","url_meta":{"origin":25411,"position":4},"title":"LIP SLEEPING MASK MANGO","author":"admin","date":"November 29, 2022","format":false,"excerpt":"","rel":"","context":"Similar post","block_context":{"text":"Similar post","link":""},"img":{"alt_text":"","src":"","width":0,"height":0},"classes":[]},{"id":56226,"url":"https:\/\/sakaba.mghosteur.com\/en\/product\/tree-hut-tropical-mango-shea-sugar-scrub\/","url_meta":{"origin":25411,"position":5},"title":"Tree Hut Tropical Mango Shea Sugar Scrub","author":"Sope DIA","date":"January 3, 2026","format":false,"excerpt":"BEURRE DE KARIT\u00c9 100 % PUR ET NATUREL - Soin hydratant de qualit\u00e9 sup\u00e9rieure qui adoucit et lisse merveilleusement les peaux s\u00e8ches et gerc\u00e9es. HUILE DE GRAINES DE CARTHAME, HUILE D'AVOCAT, HUILE D'AMANDE DOUCE, HUILE DE GRAINES DE MACADAMIA, HUILE D'ORANGE - Des soins cutan\u00e9s exceptionnels qui pr\u00e9viennent le dess\u00e8chement\u2026","rel":"","context":"Similar post","block_context":{"text":"Similar post","link":""},"img":{"alt_text":"","src":"","width":0,"height":0},"classes":[]}],"_links":{"self":[{"href":"https:\/\/sakaba.mghosteur.com\/en\/wp-json\/wp\/v2\/product\/25411","targetHints":{"allow":["GET"]}}],"collection":[{"href":"https:\/\/sakaba.mghosteur.com\/en\/wp-json\/wp\/v2\/product"}],"about":[{"href":"https:\/\/sakaba.mghosteur.com\/en\/wp-json\/wp\/v2\/types\/product"}],"replies":[{"embeddable":true,"href":"https:\/\/sakaba.mghosteur.com\/en\/wp-json\/wp\/v2\/comments?post=25411"}],"version-history":[{"count":0,"href":"https:\/\/sakaba.mghosteur.com\/en\/wp-json\/wp\/v2\/product\/25411\/revisions"}],"wp:attachment":[{"href":"https:\/\/sakaba.mghosteur.com\/en\/wp-json\/wp\/v2\/media?parent=25411"}],"wp:term":[{"taxonomy":"product_brand","embeddable":true,"href":"https:\/\/sakaba.mghosteur.com\/en\/wp-json\/wp\/v2\/product_brand?post=25411"},{"taxonomy":"product_cat","embeddable":true,"href":"https:\/\/sakaba.mghosteur.com\/en\/wp-json\/wp\/v2\/product_cat?post=25411"},{"taxonomy":"product_tag","embeddable":true,"href":"https:\/\/sakaba.mghosteur.com\/en\/wp-json\/wp\/v2\/product_tag?post=25411"}],"curies":[{"name":"wp","href":"https:\/\/api.w.org\/{rel}","templated":true}]}}