{"id":25424,"date":"2022-11-14T13:17:48","date_gmt":"2022-11-14T13:17:48","guid":{"rendered":"http:\/\/www.sakababeauty.com\/?post_type=product&#038;p=25424"},"modified":"2024-09-01T03:47:49","modified_gmt":"2024-09-01T03:47:49","slug":"palmers-cocoa-butter-formula-with-vitamin-e-foot-magic","status":"publish","type":"product","link":"https:\/\/sakaba.mghosteur.com\/en\/product\/palmers-cocoa-butter-formula-with-vitamin-e-foot-magic\/","title":{"rendered":"Palmers Cocoa Butter Formula With Vitamin E Foot Magic"},"content":{"rendered":"<p>D\u00e9couvrez la Magie des pieds de la marque Palmer&#8217;s ! Ce produit \u00e0 base de beurre de cacao pur, enrichi en vitamine E et en \u00e9mollients naturels, est le traitement qu&#8217;il vous faut pour des pieds doux et lisses. Sa formule unique hydrate en profondeur m\u00eame les pieds les plus rugueux et secs. L&#8217;huile de menthe poivr\u00e9e ajout\u00e9e apporte une sensation de fra\u00eecheur et de revitalisation pour soulager les pieds fatigu\u00e9s et endoloris. Offrez \u00e0 vos pieds un soin digne d&#8217;un spa avec Palmer&#8217;s Cocoa Butter Formula Foot Magic !<\/p>","protected":false},"excerpt":{"rendered":"<p>D\u00e9couvrez la Magie des pieds de la marque Palmer&#8217;s ! Ce produit \u00e0 base de beurre de cacao pur, enrichi en vitamine E et en \u00e9mollients naturels, est le traitement qu&#8217;il vous faut pour des pieds doux et lisses. Sa formule unique hydrate en profondeur m\u00eame les pieds les plus rugueux et secs. L&#8217;huile de<span class=\"read-more-faq\"><a href=\"https:\/\/sakaba.mghosteur.com\/en\/product\/palmers-cocoa-butter-formula-with-vitamin-e-foot-magic\/\">Read More<\/a><\/span><\/p>","protected":false},"featured_media":0,"comment_status":"closed","ping_status":"closed","template":"","meta":[],"product_brand":[],"product_cat":[447,364],"product_tag":[],"class_list":{"0":"post-25424","1":"product","2":"type-product","3":"status-publish","5":"product_cat-aac-bain-et-corps","6":"product_cat-soin-mains-pieds","8":"first","9":"instock","10":"shipping-taxable","11":"product-type-simple"},"jetpack-related-posts":[{"id":28127,"url":"https:\/\/sakaba.mghosteur.com\/en\/product\/palmers-cocoa-butter-formula-with-vitamin-e-heals-softens-2\/","url_meta":{"origin":25424,"position":0},"title":"Palmers Cocoa Butter Body Lotion, Fragrance Free","author":"admin","date":"November 30, 2022","format":false,"excerpt":"D\u00e9couvrez la lotion corporelle sans parfum de la marque Palmer's, une solution efficace pour gu\u00e9rir et adoucir votre peau s\u00e8che et rugueuse. Cette lotion contient du beurre de cacao naturel et de la vitamine E, qui hydratent intens\u00e9ment votre peau pour une apparence plus saine. Avec une hydratation durable jusqu'\u00e0\u2026","rel":"","context":"Similar post","block_context":{"text":"Similar post","link":""},"img":{"alt_text":"","src":"","width":0,"height":0},"classes":[]},{"id":24414,"url":"https:\/\/sakaba.mghosteur.com\/en\/product\/palmers-cocoa-butter-formula-with-vitamin-e-heals-softens\/","url_meta":{"origin":25424,"position":1},"title":"Palmers Cocoa Butter Daily Skin Therapy","author":"admin","date":"November 10, 2022","format":false,"excerpt":"La lotion corporelle Daily Skin Therapy de Palmer's est le produit parfait pour prendre soin de votre peau s\u00e8che et rugueuse. Elle contient du beurre de cacao naturel et de la vitamine E, deux ingr\u00e9dients intens\u00e9ment hydratants qui gu\u00e9rissent et adoucissent votre peau pour lui donner une apparence plus saine.\u2026","rel":"","context":"Similar post","block_context":{"text":"Similar post","link":""},"img":{"alt_text":"","src":"","width":0,"height":0},"classes":[]},{"id":29693,"url":"https:\/\/sakaba.mghosteur.com\/en\/product\/palmers-jar-101-heals-softens\/","url_meta":{"origin":25424,"position":2},"title":"PALMERS JAR 101 HEALS SOFTENS","author":"admin","date":"April 14, 2023","format":false,"excerpt":"D\u00e9couvrez le PALMERS JAR 101 HEALS SOFTENS de la marque Palmer's pour une peau d'apparence plus saine ! Cette formule originale \u00e0 base de beurre de cacao naturel et de vitamine E intens\u00e9ment hydratants gu\u00e9rit et adoucit la peau rugueuse et s\u00e8che, tout en offrant une hydratation longue dur\u00e9e jusqu'\u00e0\u2026","rel":"","context":"Similar post","block_context":{"text":"Similar post","link":""},"img":{"alt_text":"","src":"","width":0,"height":0},"classes":[]},{"id":28366,"url":"https:\/\/sakaba.mghosteur.com\/en\/product\/palmers-cocoa-butter-formula-baby-butter-with-cocao-butter-aloe\/","url_meta":{"origin":25424,"position":3},"title":"Palmers Cocoa Butter Formula Baby Butter with cocao butter &#038; aloe","author":"admin","date":"November 30, 2022","format":false,"excerpt":"D\u00e9couvrez le Palmer's Cocoa Butter Formula Baby Butter, une lotion douce quotidienne con\u00e7ue pour hydrater, adoucir et apaiser la peau d\u00e9licate de b\u00e9b\u00e9. Cette formule unique associe le beurre de cacao pur, la vitamine E, l'alo\u00e8s et des \u00e9mollients riches pour offrir une hydratation sup\u00e9rieure et aider \u00e0 pr\u00e9server la\u2026","rel":"","context":"Similar post","block_context":{"text":"Similar post","link":""},"img":{"alt_text":"","src":"","width":0,"height":0},"classes":[]},{"id":29659,"url":"https:\/\/sakaba.mghosteur.com\/en\/product\/palmers-cocoa-butter-formula-cream-soap-bar\/","url_meta":{"origin":25424,"position":4},"title":"Palmers Cocoa Butter Formula Cream Soap Bar","author":"admin","date":"April 12, 2023","format":false,"excerpt":"D\u00e9couvrez le savon cr\u00e8me Palmer's, un produit exceptionnel pour prendre soin de votre peau en profondeur. Ce savon en barre hydratant est parfait pour une utilisation quotidienne sur tout le corps et le visage. Sa formule au beurre de cacao riche et moussante nettoie efficacement la peau sans la d\u00e9caper,\u2026","rel":"","context":"Similar post","block_context":{"text":"Similar post","link":""},"img":{"alt_text":"","src":"","width":0,"height":0},"classes":[]},{"id":29644,"url":"https:\/\/sakaba.mghosteur.com\/en\/product\/palmers-cocoa-butter-formula-swivel-stick\/","url_meta":{"origin":25424,"position":5},"title":"Palmer&#8217;s Cocoa Butter Formula Swivel stick","author":"admin","date":"April 11, 2023","format":false,"excerpt":"D\u00e9couvrez le Swivel Stick de Palmer's, un b\u00e2ton hydratant multi-usage con\u00e7u pour adoucir et lisser les l\u00e8vres, les cuticules et la peau craquel\u00e9e. Infus\u00e9 avec du beurre de cacao naturel et de la vitamine E, ce produit offre une hydratation intense et une protection contre les ger\u00e7ures pendant 48 heures.\u2026","rel":"","context":"Similar post","block_context":{"text":"Similar post","link":""},"img":{"alt_text":"","src":"","width":0,"height":0},"classes":[]}],"_links":{"self":[{"href":"https:\/\/sakaba.mghosteur.com\/en\/wp-json\/wp\/v2\/product\/25424","targetHints":{"allow":["GET"]}}],"collection":[{"href":"https:\/\/sakaba.mghosteur.com\/en\/wp-json\/wp\/v2\/product"}],"about":[{"href":"https:\/\/sakaba.mghosteur.com\/en\/wp-json\/wp\/v2\/types\/product"}],"replies":[{"embeddable":true,"href":"https:\/\/sakaba.mghosteur.com\/en\/wp-json\/wp\/v2\/comments?post=25424"}],"version-history":[{"count":0,"href":"https:\/\/sakaba.mghosteur.com\/en\/wp-json\/wp\/v2\/product\/25424\/revisions"}],"wp:attachment":[{"href":"https:\/\/sakaba.mghosteur.com\/en\/wp-json\/wp\/v2\/media?parent=25424"}],"wp:term":[{"taxonomy":"product_brand","embeddable":true,"href":"https:\/\/sakaba.mghosteur.com\/en\/wp-json\/wp\/v2\/product_brand?post=25424"},{"taxonomy":"product_cat","embeddable":true,"href":"https:\/\/sakaba.mghosteur.com\/en\/wp-json\/wp\/v2\/product_cat?post=25424"},{"taxonomy":"product_tag","embeddable":true,"href":"https:\/\/sakaba.mghosteur.com\/en\/wp-json\/wp\/v2\/product_tag?post=25424"}],"curies":[{"name":"wp","href":"https:\/\/api.w.org\/{rel}","templated":true}]}}