{"id":25426,"date":"2022-11-14T13:19:19","date_gmt":"2022-11-14T13:19:19","guid":{"rendered":"http:\/\/www.sakababeauty.com\/?post_type=product&#038;p=25426"},"modified":"2024-08-25T17:19:47","modified_gmt":"2024-08-25T17:19:47","slug":"summers-eve-tahiti-sunset-freshening-spray","status":"publish","type":"product","link":"https:\/\/sakaba.mghosteur.com\/en\/product\/summers-eve-tahiti-sunset-freshening-spray\/","title":{"rendered":"Summer&#8217;s eve tahiti sunset freshening spray"},"content":{"rendered":"<p>Une exp\u00e9rience rafra\u00eechissante et nettoyante pour votre zone intime afin que vous puissiez tout affronter. Les produits de soins f\u00e9minins rafra\u00eechissants Summer&#8217;s Eve sont disponibles dans une vari\u00e9t\u00e9 de parfums SafeScents indulgents vous permettant de vivre cette pr\u00e9paration unique et quotidienne de Summer&#8217;s Eve. Le parfum SafeScent indulgent de Tahitian Sunset est inspir\u00e9 des p\u00e9tales de fleur d&#8217;oranger, de la noix de coco et de la vanille et suffisamment doux pour votre peau la plus d\u00e9licate, le spray f\u00e9minin Summer&#8217;s Eve est cr\u00e9\u00e9 pour vos zones les plus intimes pour neutraliser les bact\u00e9ries qui peuvent causer les odeurs. Formul\u00e9 de mani\u00e8re unique et au pH \u00e9quilibr\u00e9 pour correspondre \u00e0 la chimie naturelle de votre corps. Tous les produits d&#8217;hygi\u00e8ne f\u00e9minine Summer&#8217;s Eve, ainsi que chaque parfum unique, sont test\u00e9s par des gyn\u00e9cologues pour garantir leur s\u00e9curit\u00e9, m\u00eame pour les peaux sensibles.<\/p>","protected":false},"excerpt":{"rendered":"<p>Une exp\u00e9rience rafra\u00eechissante et nettoyante pour votre zone intime afin que vous puissiez tout affronter. Les produits de soins f\u00e9minins rafra\u00eechissants Summer&#8217;s Eve sont disponibles dans une vari\u00e9t\u00e9 de parfums SafeScents indulgents vous permettant de vivre cette pr\u00e9paration unique et quotidienne de Summer&#8217;s Eve. Le parfum SafeScent indulgent de Tahitian Sunset est inspir\u00e9 des p\u00e9tales<span class=\"read-more-faq\"><a href=\"https:\/\/sakaba.mghosteur.com\/en\/product\/summers-eve-tahiti-sunset-freshening-spray\/\">Read More<\/a><\/span><\/p>","protected":false},"featured_media":0,"comment_status":"closed","ping_status":"closed","template":"","meta":[],"product_brand":[],"product_cat":[391,1064],"product_tag":[],"class_list":{"0":"post-25426","1":"product","2":"type-product","3":"status-publish","5":"product_cat-aae-bien-etre","6":"product_cat-deodorant-hygiene-intime","8":"first","9":"instock","10":"shipping-taxable","11":"product-type-simple"},"jetpack-related-posts":[{"id":25361,"url":"https:\/\/sakaba.mghosteur.com\/en\/product\/summers-eve-simply-sensitive-cleansing-wash\/","url_meta":{"origin":25426,"position":0},"title":"Summer&#8217;s eve cleansing wash","author":"admin","date":"November 14, 2022","format":false,"excerpt":"","rel":"","context":"Similar post","block_context":{"text":"Similar post","link":""},"img":{"alt_text":"","src":"","width":0,"height":0},"classes":[]},{"id":23828,"url":"https:\/\/sakaba.mghosteur.com\/en\/product\/satin-skin-juliet-eve\/","url_meta":{"origin":25426,"position":1},"title":"SATIN SKIN JULIET EVE","author":"admin","date":"November 8, 2022","format":false,"excerpt":"D\u00e9couvrez Juliet Eve, le dernier suppl\u00e9ment pour le soin des femmes de l'int\u00e9rieur de la marque SATIN SKIN. Ce produit complet est facile et pratique \u00e0 emporter partout o\u00f9 vous allez. Il est parfait pour les femmes modernes qui ont des emplois du temps charg\u00e9s et qui ont du mal\u2026","rel":"","context":"Similar post","block_context":{"text":"Similar post","link":""},"img":{"alt_text":"","src":"","width":0,"height":0},"classes":[]},{"id":32995,"url":"https:\/\/sakaba.mghosteur.com\/en\/product\/dove-advanced-care-apple-white-tea-dry-spay-go-fresh\/","url_meta":{"origin":25426,"position":2},"title":"DOVE ADVANCED CARE APPLE &amp; WHITE TEA DRY SPAY GO FRESH","author":"admin","date":"May 17, 2024","format":false,"excerpt":"Un d\u00e9odorant anti-transpirant en spray sec 72 heures au parfum de pomme fra\u00eeche, pour des aisselles ultra douces, m\u00eame apr\u00e8s le rasage.","rel":"","context":"Similar post","block_context":{"text":"Similar post","link":""},"img":{"alt_text":"","src":"","width":0,"height":0},"classes":[]},{"id":24000,"url":"https:\/\/sakaba.mghosteur.com\/en\/product\/neutrogena-rainbath-refreshing-shower-and-bath-gel\/","url_meta":{"origin":25426,"position":3},"title":"NEUTROGENA RAINBATH REFRESHING SHOWER AND BATH GEL","author":"admin","date":"November 9, 2022","format":false,"excerpt":"Offrez \u00e0 votre corps une exp\u00e9rience de douche ou de bain rafra\u00eechissante avec le gel douche et bain Rainbath de Neutrogena. Ce nettoyant pour le corps est l'un des produits les plus vendus et vous pouvez compter sur lui pour adoucir et revitaliser votre peau sans laisser de r\u00e9sidus lourds.\u2026","rel":"","context":"Similar post","block_context":{"text":"Similar post","link":""},"img":{"alt_text":"","src":"","width":0,"height":0},"classes":[]},{"id":24267,"url":"https:\/\/sakaba.mghosteur.com\/en\/product\/simple-refreshing-facial-wash\/","url_meta":{"origin":25426,"position":4},"title":"SIMPLE REFRESHING FACIAL WASH","author":"admin","date":"November 9, 2022","format":false,"excerpt":"Gel nettoyant rafra\u00eechissant pour le visage, un m\u00e9lange parfait d'ingr\u00e9dients b\u00e9n\u00e9fiques et de vitamines, laisse votre peau parfaitement nettoy\u00e9e et revitalis\u00e9e. Parfait surtout pour les peaux sensibles. Notre philosophie est la suivante : simple dit : n'utilisez jamais de parfums, de colorants ou d'irritants agressifs qui peuvent perturber votre peau.\u2026","rel":"","context":"Similar post","block_context":{"text":"Similar post","link":""},"img":{"alt_text":"","src":"","width":0,"height":0},"classes":[]},{"id":25612,"url":"https:\/\/sakaba.mghosteur.com\/en\/product\/got2b-glued-blasting-freeze-spray\/","url_meta":{"origin":25426,"position":5},"title":"Got2b Glued Blasting Freeze Spray","author":"admin","date":"November 14, 2022","format":false,"excerpt":"Le spray fixateur Got2b Glued Blasting Freeze est un produit de coiffage indispensable pour tous ceux qui cherchent \u00e0 cr\u00e9er une coiffure longue tenue et \u00e0 tenue forte. Ce spray est con\u00e7u pour offrir une tenue forte qui ne vous laissera pas tomber, m\u00eame dans les conditions les plus extr\u00eames.\u2026","rel":"","context":"Similar post","block_context":{"text":"Similar post","link":""},"img":{"alt_text":"","src":"","width":0,"height":0},"classes":[]}],"_links":{"self":[{"href":"https:\/\/sakaba.mghosteur.com\/en\/wp-json\/wp\/v2\/product\/25426","targetHints":{"allow":["GET"]}}],"collection":[{"href":"https:\/\/sakaba.mghosteur.com\/en\/wp-json\/wp\/v2\/product"}],"about":[{"href":"https:\/\/sakaba.mghosteur.com\/en\/wp-json\/wp\/v2\/types\/product"}],"replies":[{"embeddable":true,"href":"https:\/\/sakaba.mghosteur.com\/en\/wp-json\/wp\/v2\/comments?post=25426"}],"version-history":[{"count":0,"href":"https:\/\/sakaba.mghosteur.com\/en\/wp-json\/wp\/v2\/product\/25426\/revisions"}],"wp:attachment":[{"href":"https:\/\/sakaba.mghosteur.com\/en\/wp-json\/wp\/v2\/media?parent=25426"}],"wp:term":[{"taxonomy":"product_brand","embeddable":true,"href":"https:\/\/sakaba.mghosteur.com\/en\/wp-json\/wp\/v2\/product_brand?post=25426"},{"taxonomy":"product_cat","embeddable":true,"href":"https:\/\/sakaba.mghosteur.com\/en\/wp-json\/wp\/v2\/product_cat?post=25426"},{"taxonomy":"product_tag","embeddable":true,"href":"https:\/\/sakaba.mghosteur.com\/en\/wp-json\/wp\/v2\/product_tag?post=25426"}],"curies":[{"name":"wp","href":"https:\/\/api.w.org\/{rel}","templated":true}]}}