{"id":25428,"date":"2022-11-14T13:24:38","date_gmt":"2022-11-14T13:24:38","guid":{"rendered":"http:\/\/www.sakababeauty.com\/?post_type=product&#038;p=25428"},"modified":"2024-09-01T03:41:23","modified_gmt":"2024-09-01T03:41:23","slug":"neutrogena-hand-cream","status":"publish","type":"product","link":"https:\/\/sakaba.mghosteur.com\/en\/product\/neutrogena-hand-cream\/","title":{"rendered":"Neutrogena Hand Cream"},"content":{"rendered":"<p>D\u00e9couvrez la cr\u00e8me pour les mains Norwegian Formula de la marque Neutrogena, un alli\u00e9 essentiel pour prendre soin de vos mains s\u00e8ches et gerc\u00e9es. Cette lotion hautement concentr\u00e9e, riche en glyc\u00e9rine, a \u00e9t\u00e9 formul\u00e9e pour une action rapide et efficace.<\/p>\n<p>En un seul geste, cette cr\u00e8me hydratante soulage instantan\u00e9ment vos mains tout en am\u00e9liorant visiblement l&#8217;apparence et la texture de votre peau. Sa formule non parfum\u00e9e est douce pour la peau et convient parfaitement pour une utilisation quotidienne.<\/p>\n<p>Utilisez simplement une noisette de cr\u00e8me pour les mains Norwegian Formula, lissez-la sur vos mains et laissez-la agir. En un rien de temps, vous retrouverez des mains douces, lisses et bien hydrat\u00e9es. Avec une efficacit\u00e9 cliniquement prouv\u00e9e, cette cr\u00e8me est le choix id\u00e9al pour une hydratation durable et une sensation de confort \u00e0 chaque utilisation.<\/p>","protected":false},"excerpt":{"rendered":"<p>D\u00e9couvrez la cr\u00e8me pour les mains Norwegian Formula de la marque Neutrogena, un alli\u00e9 essentiel pour prendre soin de vos mains s\u00e8ches et gerc\u00e9es. Cette lotion hautement concentr\u00e9e, riche en glyc\u00e9rine, a \u00e9t\u00e9 formul\u00e9e pour une action rapide et efficace. En un seul geste, cette cr\u00e8me hydratante soulage instantan\u00e9ment vos mains tout en am\u00e9liorant visiblement<span class=\"read-more-faq\"><a href=\"https:\/\/sakaba.mghosteur.com\/en\/product\/neutrogena-hand-cream\/\">Read More<\/a><\/span><\/p>","protected":false},"featured_media":0,"comment_status":"closed","ping_status":"closed","template":"","meta":[],"product_brand":[],"product_cat":[447,364],"product_tag":[],"class_list":{"0":"post-25428","1":"product","2":"type-product","3":"status-publish","5":"product_cat-aac-bain-et-corps","6":"product_cat-soin-mains-pieds","8":"first","9":"instock","10":"shipping-taxable","11":"product-type-simple"},"jetpack-related-posts":[{"id":31535,"url":"https:\/\/sakaba.mghosteur.com\/en\/product\/vaseline-hydra-replenish-hand-creme-hyaluronic-acide-100ml\/","url_meta":{"origin":25428,"position":0},"title":"VASELINE HYDRA REPLENISH HAND CREME HYALURONIC ACIDE 100ml","author":"admin","date":"May 10, 2024","format":false,"excerpt":"La Cr\u00e8me \u00e0 mains Vaseline\u00ae Intensive Care\u2122 Hydra Replenish est un produit essentiel pour ceux qui recherchent une hydratation en profondeur. Combinant l'efficacit\u00e9 de l'acide hyaluronique, de la vitamine B3 et du beurre de cacao, cette cr\u00e8me nourrissante pour peaux s\u00e8ches laisse la peau douce d\u00e8s la premi\u00e8re application. Sa\u2026","rel":"","context":"Similar post","block_context":{"text":"Similar post","link":""},"img":{"alt_text":"","src":"","width":0,"height":0},"classes":[]},{"id":30254,"url":"https:\/\/sakaba.mghosteur.com\/en\/product\/hydro-boost-exfolianting-cleanser\/","url_meta":{"origin":25428,"position":1},"title":"HYDRO BOOST EXFOLIATING CLEANSER","author":"admin","date":"May 5, 2023","format":false,"excerpt":"Le gel-cr\u00e8me exfoliant nettoyant quotidien Hydro Boost avec acide hyaluronique de Neutrogena est le choix parfait pour une peau instantan\u00e9ment douce et rafra\u00eechie. Sa formule l\u00e9g\u00e8re \u00e9limine efficacement la salet\u00e9, l'huile et les cellules mortes de la peau, tout en stimulant l'hydratation gr\u00e2ce \u00e0 l'acide hyaluronique, un ingr\u00e9dient cliniquement prouv\u00e9\u2026","rel":"","context":"Similar post","block_context":{"text":"Similar post","link":""},"img":{"alt_text":"","src":"","width":0,"height":0},"classes":[]},{"id":31865,"url":"https:\/\/sakaba.mghosteur.com\/en\/product\/olay-vitamin-c-lait-de-corps\/","url_meta":{"origin":25428,"position":2},"title":"OLAY VITAMIN C LAIT DE CORPS","author":"admin","date":"May 10, 2024","format":false,"excerpt":"Qui ne voudrait pas d\u2019un teint plus \u00e9clatant ? Illuminez votre peau terne avec la lotion revitalisante et hydratante pour les mains et le corps d\u2019Olay. Cette lotion hydratante a une formule riche en nutriments \u00e9labor\u00e9e avec de la vitamine C et notre complexe de vitamine B3 et a \u00e9t\u00e9\u2026","rel":"","context":"Similar post","block_context":{"text":"Similar post","link":""},"img":{"alt_text":"","src":"","width":0,"height":0},"classes":[]},{"id":24194,"url":"https:\/\/sakaba.mghosteur.com\/en\/product\/cerave-therapeutic-hand-cream\/","url_meta":{"origin":25428,"position":3},"title":"CERAVE THERAPEUTIC HAND CREAM","author":"admin","date":"November 9, 2022","format":false,"excerpt":"La cr\u00e8me mains th\u00e9rapeutique CeraVe est la solution id\u00e9ale pour nourrir, prot\u00e9ger et hydrater vos mains, en particulier en p\u00e9riode de froid et de s\u00e9cheresse. Elle est sp\u00e9cialement formul\u00e9e pour les peaux sensibles, sans parfum et non grasse, ce qui la rend facile \u00e0 utiliser sans laisser de r\u00e9sidu collant\u2026","rel":"","context":"Similar post","block_context":{"text":"Similar post","link":""},"img":{"alt_text":"","src":"","width":0,"height":0},"classes":[]},{"id":24009,"url":"https:\/\/sakaba.mghosteur.com\/en\/product\/neutrogena-hydro-boost-hydrating-cleansing-gel\/","url_meta":{"origin":25428,"position":4},"title":"NEUTROGENA HYDRO BOOST HYDRATING CLEANSING GEL","author":"admin","date":"November 9, 2022","format":false,"excerpt":"D\u00e9couvrez le Gel Nettoyant et D\u00e9maquillant sans Huile de Neutrogena, le compagnon parfait pour une peau d'apparence saine et hydrat\u00e9e. Ce nettoyant pour le visage l\u00e9ger est formul\u00e9 avec de l'acide hyaluronique, offrant une hydratation en profondeur pour une peau douce et \u00e9clatante. Il \u00e9limine efficacement les impuret\u00e9s, l'exc\u00e8s de\u2026","rel":"","context":"Similar post","block_context":{"text":"Similar post","link":""},"img":{"alt_text":"","src":"","width":0,"height":0},"classes":[]},{"id":56105,"url":"https:\/\/sakaba.mghosteur.com\/en\/product\/advanced-clinicals-hyaluronic-acid-instant-skin-hydrator\/","url_meta":{"origin":25428,"position":5},"title":"Advanced Clinicals Hyaluronic Acid Instant Skin Hydrator","author":"Sope DIA","date":"January 2, 2026","format":false,"excerpt":"CR\u00c8ME \u00c0 L'ACIDE HYALURONIQUE HYDRATE ET REPULPE VISIBLEMENT LES PEAUX S\u00c8CHES \u2013 Cette cr\u00e8me pour le corps hydrate intens\u00e9ment pour une peau visiblement repulp\u00e9e et lisse. Elle retient l'hydratation essentielle, laissant la peau fra\u00eeche, souple et revitalis\u00e9e. Formul\u00e9e par des chimistes cosm\u00e9tiques pour les femmes et les hommes souhaitant int\u00e9grer\u2026","rel":"","context":"Similar post","block_context":{"text":"Similar post","link":""},"img":{"alt_text":"","src":"","width":0,"height":0},"classes":[]}],"_links":{"self":[{"href":"https:\/\/sakaba.mghosteur.com\/en\/wp-json\/wp\/v2\/product\/25428","targetHints":{"allow":["GET"]}}],"collection":[{"href":"https:\/\/sakaba.mghosteur.com\/en\/wp-json\/wp\/v2\/product"}],"about":[{"href":"https:\/\/sakaba.mghosteur.com\/en\/wp-json\/wp\/v2\/types\/product"}],"replies":[{"embeddable":true,"href":"https:\/\/sakaba.mghosteur.com\/en\/wp-json\/wp\/v2\/comments?post=25428"}],"version-history":[{"count":0,"href":"https:\/\/sakaba.mghosteur.com\/en\/wp-json\/wp\/v2\/product\/25428\/revisions"}],"wp:attachment":[{"href":"https:\/\/sakaba.mghosteur.com\/en\/wp-json\/wp\/v2\/media?parent=25428"}],"wp:term":[{"taxonomy":"product_brand","embeddable":true,"href":"https:\/\/sakaba.mghosteur.com\/en\/wp-json\/wp\/v2\/product_brand?post=25428"},{"taxonomy":"product_cat","embeddable":true,"href":"https:\/\/sakaba.mghosteur.com\/en\/wp-json\/wp\/v2\/product_cat?post=25428"},{"taxonomy":"product_tag","embeddable":true,"href":"https:\/\/sakaba.mghosteur.com\/en\/wp-json\/wp\/v2\/product_tag?post=25428"}],"curies":[{"name":"wp","href":"https:\/\/api.w.org\/{rel}","templated":true}]}}