{"id":25488,"date":"2022-11-14T13:32:11","date_gmt":"2022-11-14T13:32:11","guid":{"rendered":"http:\/\/www.sakababeauty.com\/?post_type=product&#038;p=25488"},"modified":"2022-11-14T13:32:11","modified_gmt":"2022-11-14T13:32:11","slug":"finest-nutrition-folic-acid-400tablets","status":"publish","type":"product","link":"https:\/\/sakaba.mghosteur.com\/en\/product\/finest-nutrition-folic-acid-400tablets\/","title":{"rendered":"FINEST NUTRITION FOLIC ACID 400TABLETS"},"content":{"rendered":"","protected":false},"excerpt":{"rendered":"","protected":false},"featured_media":0,"comment_status":"closed","ping_status":"closed","template":"","meta":[],"product_brand":[],"product_cat":[381],"product_tag":[],"class_list":{"0":"post-25488","1":"product","2":"type-product","3":"status-publish","5":"product_cat-vitamine-et-complements","7":"first","8":"instock","9":"shipping-taxable","10":"product-type-simple"},"jetpack-related-posts":[{"id":25214,"url":"https:\/\/sakaba.mghosteur.com\/en\/product\/nature-made-folic-acid-400-mcg\/","url_meta":{"origin":25488,"position":0},"title":"NATURE MADE FOLIC ACID 400 MCG","author":"admin","date":"November 14, 2022","format":false,"excerpt":"","rel":"","context":"Similar post","block_context":{"text":"Similar post","link":""},"img":{"alt_text":"","src":"","width":0,"height":0},"classes":[]},{"id":31734,"url":"https:\/\/sakaba.mghosteur.com\/en\/product\/medix-clinical-solution-collagen-hyauluronic-acid\/","url_meta":{"origin":25488,"position":1},"title":"MEDIX CLINICAL SOLUTION COLLAGEN+ HYAULURONIC ACID","author":"admin","date":"May 10, 2024","format":false,"excerpt":"Repulpez et raffermissez votre peau avec ce s\u00e9rum enrichi en collag\u00e8ne, ciblant efficacement les rides et ridules tout en hydratant en profondeur. Gr\u00e2ce \u00e0 sa formule unique associant le pouvoir du collag\u00e8ne \u00e0 des extraits naturels aux vertus nutritives, votre peau retrouve \u00e9clat et fermet\u00e9. L'Aloe Vera apaise et hydrate,\u2026","rel":"","context":"Similar post","block_context":{"text":"Similar post","link":""},"img":{"alt_text":"","src":"","width":0,"height":0},"classes":[]},{"id":34225,"url":"https:\/\/sakaba.mghosteur.com\/en\/product\/fresh-sugar-advanced-recovery-lip-mask-10g\/","url_meta":{"origin":25488,"position":2},"title":"FRESH SUGAR ADVANCED RECOVERY LIP MASK 10G","author":"admin","date":"May 27, 2024","format":false,"excerpt":"Le masque pour les l\u00e8vres Fresh Sugar Advanced Therapy Recovery est un masque pour les l\u00e8vres sans rin\u00e7age qui, selon des \u00e9tudes cliniques, r\u00e9pare l'apparence des l\u00e8vres tr\u00e8s s\u00e8ches pendant la nuit tout en conservant l'hydratation pour une apparence lisse et pulpeuse. Il est infus\u00e9 de cire de baies, de\u2026","rel":"","context":"Similar post","block_context":{"text":"Similar post","link":""},"img":{"alt_text":"","src":"","width":0,"height":0},"classes":[]},{"id":25032,"url":"https:\/\/sakaba.mghosteur.com\/en\/product\/goli-nutrition-supergreens-gummies\/","url_meta":{"origin":25488,"position":3},"title":"GOLI NUTRITION SUPERGREENS GUMMIES","author":"admin","date":"November 11, 2022","format":false,"excerpt":"","rel":"","context":"Similar post","block_context":{"text":"Similar post","link":""},"img":{"alt_text":"","src":"","width":0,"height":0},"classes":[]},{"id":34881,"url":"https:\/\/sakaba.mghosteur.com\/en\/product\/goli-nutrition-superfruits-gummies\/","url_meta":{"origin":25488,"position":4},"title":"GOLI NUTRITION SUPERFRUITS GUMMIES","author":"admin","date":"June 3, 2024","format":false,"excerpt":"","rel":"","context":"Similar post","block_context":{"text":"Similar post","link":""},"img":{"alt_text":"","src":"","width":0,"height":0},"classes":[]},{"id":25010,"url":"https:\/\/sakaba.mghosteur.com\/en\/product\/goli-nutrition-apple-cider-vinegar-gummies\/","url_meta":{"origin":25488,"position":5},"title":"GOLI NUTRITION APPLE CIDER VINEGAR GUMMIES","author":"admin","date":"November 11, 2022","format":false,"excerpt":"","rel":"","context":"Similar post","block_context":{"text":"Similar post","link":""},"img":{"alt_text":"","src":"","width":0,"height":0},"classes":[]}],"_links":{"self":[{"href":"https:\/\/sakaba.mghosteur.com\/en\/wp-json\/wp\/v2\/product\/25488","targetHints":{"allow":["GET"]}}],"collection":[{"href":"https:\/\/sakaba.mghosteur.com\/en\/wp-json\/wp\/v2\/product"}],"about":[{"href":"https:\/\/sakaba.mghosteur.com\/en\/wp-json\/wp\/v2\/types\/product"}],"replies":[{"embeddable":true,"href":"https:\/\/sakaba.mghosteur.com\/en\/wp-json\/wp\/v2\/comments?post=25488"}],"version-history":[{"count":0,"href":"https:\/\/sakaba.mghosteur.com\/en\/wp-json\/wp\/v2\/product\/25488\/revisions"}],"wp:attachment":[{"href":"https:\/\/sakaba.mghosteur.com\/en\/wp-json\/wp\/v2\/media?parent=25488"}],"wp:term":[{"taxonomy":"product_brand","embeddable":true,"href":"https:\/\/sakaba.mghosteur.com\/en\/wp-json\/wp\/v2\/product_brand?post=25488"},{"taxonomy":"product_cat","embeddable":true,"href":"https:\/\/sakaba.mghosteur.com\/en\/wp-json\/wp\/v2\/product_cat?post=25488"},{"taxonomy":"product_tag","embeddable":true,"href":"https:\/\/sakaba.mghosteur.com\/en\/wp-json\/wp\/v2\/product_tag?post=25488"}],"curies":[{"name":"wp","href":"https:\/\/api.w.org\/{rel}","templated":true}]}}