{"id":25490,"date":"2022-11-14T13:35:55","date_gmt":"2022-11-14T13:35:55","guid":{"rendered":"http:\/\/www.sakababeauty.com\/?post_type=product&#038;p=25490"},"modified":"2022-11-14T13:35:56","modified_gmt":"2022-11-14T13:35:56","slug":"irwin-naturals-milk-thistle-liver-detox","status":"publish","type":"product","link":"https:\/\/sakaba.mghosteur.com\/en\/product\/irwin-naturals-milk-thistle-liver-detox\/","title":{"rendered":"IRWIN NATURALS MILK THISTLE LIVER DETOX"},"content":{"rendered":"","protected":false},"excerpt":{"rendered":"","protected":false},"featured_media":0,"comment_status":"closed","ping_status":"closed","template":"","meta":[],"product_brand":[],"product_cat":[381],"product_tag":[],"class_list":{"0":"post-25490","1":"product","2":"type-product","3":"status-publish","5":"product_cat-vitamine-et-complements","7":"first","8":"instock","9":"shipping-taxable","10":"product-type-simple"},"jetpack-related-posts":[{"id":32055,"url":"https:\/\/sakaba.mghosteur.com\/en\/product\/victoria-secret-almond-blossom-oat-milk\/","url_meta":{"origin":25490,"position":0},"title":"VICTORIA SECRET ALMOND BLOSSOM OAT MILK","author":"admin","date":"May 13, 2024","format":false,"excerpt":"La Brume parfum\u00e9e corps Natural Beauty Almond Blossom & Oat Milk est le nouveau rituel beaut\u00e9 pour votre corps. R\u00e9veillez vos sens avec notre brume parfum\u00e9e rafra\u00eechissante. Vaporisez-en une touche pour vous mettre de bonne humeur et sentir bon de la t\u00eate aux pieds. Laissez-vous envo\u00fbter par l'odeur du lait\u2026","rel":"","context":"Similar post","block_context":{"text":"Similar post","link":""},"img":{"alt_text":"","src":"","width":0,"height":0},"classes":[]},{"id":24747,"url":"https:\/\/sakaba.mghosteur.com\/en\/product\/differen-detox-soothe\/","url_meta":{"origin":25490,"position":1},"title":"DIFFEREN DETOX + SOOTHE","author":"admin","date":"November 10, 2022","format":false,"excerpt":"","rel":"","context":"Similar post","block_context":{"text":"Similar post","link":""},"img":{"alt_text":"","src":"","width":0,"height":0},"classes":[]},{"id":26705,"url":"https:\/\/sakaba.mghosteur.com\/en\/product\/biore-whipped-purifying-detox-mask-charcoal\/","url_meta":{"origin":25490,"position":2},"title":"Biore Whipped Purifying Detox Mask, Charcoal","author":"admin","date":"November 28, 2022","format":false,"excerpt":"","rel":"","context":"Similar post","block_context":{"text":"Similar post","link":""},"img":{"alt_text":"","src":"","width":0,"height":0},"classes":[]},{"id":33415,"url":"https:\/\/sakaba.mghosteur.com\/en\/product\/biore-whipped-nourishing-detox-mask\/","url_meta":{"origin":25490,"position":3},"title":"BIORE WHIPPED NOURISHING DETOX MASK","author":"admin","date":"May 21, 2024","format":false,"excerpt":"","rel":"","context":"Similar post","block_context":{"text":"Similar post","link":""},"img":{"alt_text":"","src":"","width":0,"height":0},"classes":[]},{"id":26036,"url":"https:\/\/sakaba.mghosteur.com\/en\/product\/bread-mud-mask-detox-hair-scalp-treatment\/","url_meta":{"origin":25490,"position":4},"title":"BREAD MUD MASK DETOX HAIR &#038; SCALP TREATMENT","author":"admin","date":"November 24, 2022","format":false,"excerpt":"","rel":"","context":"Similar post","block_context":{"text":"Similar post","link":""},"img":{"alt_text":"","src":"","width":0,"height":0},"classes":[]},{"id":27826,"url":"https:\/\/sakaba.mghosteur.com\/en\/product\/estee-lauder-nightwear-plus-anti-oxidant-nignt-detox-creme\/","url_meta":{"origin":25490,"position":5},"title":"Estee Lauder NightWear Plus Anti-Oxidant Nignt Detox Creme","author":"admin","date":"November 29, 2022","format":false,"excerpt":"","rel":"","context":"Similar post","block_context":{"text":"Similar post","link":""},"img":{"alt_text":"","src":"","width":0,"height":0},"classes":[]}],"_links":{"self":[{"href":"https:\/\/sakaba.mghosteur.com\/en\/wp-json\/wp\/v2\/product\/25490","targetHints":{"allow":["GET"]}}],"collection":[{"href":"https:\/\/sakaba.mghosteur.com\/en\/wp-json\/wp\/v2\/product"}],"about":[{"href":"https:\/\/sakaba.mghosteur.com\/en\/wp-json\/wp\/v2\/types\/product"}],"replies":[{"embeddable":true,"href":"https:\/\/sakaba.mghosteur.com\/en\/wp-json\/wp\/v2\/comments?post=25490"}],"version-history":[{"count":0,"href":"https:\/\/sakaba.mghosteur.com\/en\/wp-json\/wp\/v2\/product\/25490\/revisions"}],"wp:attachment":[{"href":"https:\/\/sakaba.mghosteur.com\/en\/wp-json\/wp\/v2\/media?parent=25490"}],"wp:term":[{"taxonomy":"product_brand","embeddable":true,"href":"https:\/\/sakaba.mghosteur.com\/en\/wp-json\/wp\/v2\/product_brand?post=25490"},{"taxonomy":"product_cat","embeddable":true,"href":"https:\/\/sakaba.mghosteur.com\/en\/wp-json\/wp\/v2\/product_cat?post=25490"},{"taxonomy":"product_tag","embeddable":true,"href":"https:\/\/sakaba.mghosteur.com\/en\/wp-json\/wp\/v2\/product_tag?post=25490"}],"curies":[{"name":"wp","href":"https:\/\/api.w.org\/{rel}","templated":true}]}}