{"id":25492,"date":"2022-11-14T13:40:18","date_gmt":"2022-11-14T13:40:18","guid":{"rendered":"http:\/\/www.sakababeauty.com\/?post_type=product&#038;p=25492"},"modified":"2022-11-14T13:40:19","modified_gmt":"2022-11-14T13:40:19","slug":"palmers-cocoa-butter-formula-swilver-stick","status":"publish","type":"product","link":"https:\/\/sakaba.mghosteur.com\/en\/product\/palmers-cocoa-butter-formula-swilver-stick\/","title":{"rendered":"Palmers Cocoa Butter Formula Swilver stick"},"content":{"rendered":"","protected":false},"excerpt":{"rendered":"","protected":false},"featured_media":0,"comment_status":"closed","ping_status":"closed","template":"","meta":[],"product_brand":[],"product_cat":[15],"product_tag":[],"class_list":{"0":"post-25492","1":"product","2":"type-product","3":"status-publish","5":"product_cat-uncategorized","7":"first","8":"instock","9":"shipping-taxable","10":"product-type-simple"},"jetpack-related-posts":[{"id":29644,"url":"https:\/\/sakaba.mghosteur.com\/en\/product\/palmers-cocoa-butter-formula-swivel-stick\/","url_meta":{"origin":25492,"position":0},"title":"Palmer&#8217;s Cocoa Butter Formula Swivel stick","author":"admin","date":"April 11, 2023","format":false,"excerpt":"D\u00e9couvrez le Swivel Stick de Palmer's, un b\u00e2ton hydratant multi-usage con\u00e7u pour adoucir et lisser les l\u00e8vres, les cuticules et la peau craquel\u00e9e. Infus\u00e9 avec du beurre de cacao naturel et de la vitamine E, ce produit offre une hydratation intense et une protection contre les ger\u00e7ures pendant 48 heures.\u2026","rel":"","context":"Similar post","block_context":{"text":"Similar post","link":""},"img":{"alt_text":"","src":"","width":0,"height":0},"classes":[]},{"id":28366,"url":"https:\/\/sakaba.mghosteur.com\/en\/product\/palmers-cocoa-butter-formula-baby-butter-with-cocao-butter-aloe\/","url_meta":{"origin":25492,"position":1},"title":"Palmers Cocoa Butter Formula Baby Butter with cocao butter &#038; aloe","author":"admin","date":"November 30, 2022","format":false,"excerpt":"D\u00e9couvrez le Palmer's Cocoa Butter Formula Baby Butter, une lotion douce quotidienne con\u00e7ue pour hydrater, adoucir et apaiser la peau d\u00e9licate de b\u00e9b\u00e9. Cette formule unique associe le beurre de cacao pur, la vitamine E, l'alo\u00e8s et des \u00e9mollients riches pour offrir une hydratation sup\u00e9rieure et aider \u00e0 pr\u00e9server la\u2026","rel":"","context":"Similar post","block_context":{"text":"Similar post","link":""},"img":{"alt_text":"","src":"","width":0,"height":0},"classes":[]},{"id":25424,"url":"https:\/\/sakaba.mghosteur.com\/en\/product\/palmers-cocoa-butter-formula-with-vitamin-e-foot-magic\/","url_meta":{"origin":25492,"position":2},"title":"Palmers Cocoa Butter Formula With Vitamin E Foot Magic","author":"admin","date":"November 14, 2022","format":false,"excerpt":"D\u00e9couvrez la Magie des pieds de la marque Palmer's ! Ce produit \u00e0 base de beurre de cacao pur, enrichi en vitamine E et en \u00e9mollients naturels, est le traitement qu'il vous faut pour des pieds doux et lisses. Sa formule unique hydrate en profondeur m\u00eame les pieds les plus\u2026","rel":"","context":"Similar post","block_context":{"text":"Similar post","link":""},"img":{"alt_text":"","src":"","width":0,"height":0},"classes":[]},{"id":29628,"url":"https:\/\/sakaba.mghosteur.com\/en\/product\/palmers-cocoa-butter-formula-eventone-tone-correcting-face-oil\/","url_meta":{"origin":25492,"position":3},"title":"Palmer&#8217;s Cocoa Butter Formula Eventone Tone Correcting Face Oil","author":"admin","date":"April 11, 2023","format":false,"excerpt":"Le Palmer's Cocoa Butter Formula Eventone Tone Correcting Face Oil est un produit de beaut\u00e9 de la marque Palmer's. Ce produit contient des ingr\u00e9dients correcteurs de pigments actifs qui aident \u00e0 corriger les taches brunes et les pigments in\u00e9gaux sur la peau. Il est formul\u00e9 avec des gouttes de complexe\u2026","rel":"","context":"Similar post","block_context":{"text":"Similar post","link":""},"img":{"alt_text":"","src":"","width":0,"height":0},"classes":[]},{"id":24404,"url":"https:\/\/sakaba.mghosteur.com\/en\/product\/palmers-cocoa-butter-moisture-night-cream\/","url_meta":{"origin":25492,"position":4},"title":"PALMERS COCOA BUTTER MOISTURE NIGHT CREAM","author":"admin","date":"November 10, 2022","format":false,"excerpt":"De plus, cette cr\u00e8me de nuit hydratante riche de Palmer's est non com\u00e9dog\u00e8ne, ce qui signifie qu'elle n'obstrue pas les pores et est donc sans danger pour les peaux sensibles. Cette cr\u00e8me a \u00e9galement \u00e9t\u00e9 test\u00e9e dermatologiquement, vous pouvez donc \u00eatre s\u00fbr que votre peau est entre de bonnes mains.\u2026","rel":"","context":"Similar post","block_context":{"text":"Similar post","link":""},"img":{"alt_text":"","src":"","width":0,"height":0},"classes":[]},{"id":29659,"url":"https:\/\/sakaba.mghosteur.com\/en\/product\/palmers-cocoa-butter-formula-cream-soap-bar\/","url_meta":{"origin":25492,"position":5},"title":"Palmers Cocoa Butter Formula Cream Soap Bar","author":"admin","date":"April 12, 2023","format":false,"excerpt":"D\u00e9couvrez le savon cr\u00e8me Palmer's, un produit exceptionnel pour prendre soin de votre peau en profondeur. Ce savon en barre hydratant est parfait pour une utilisation quotidienne sur tout le corps et le visage. Sa formule au beurre de cacao riche et moussante nettoie efficacement la peau sans la d\u00e9caper,\u2026","rel":"","context":"Similar post","block_context":{"text":"Similar post","link":""},"img":{"alt_text":"","src":"","width":0,"height":0},"classes":[]}],"_links":{"self":[{"href":"https:\/\/sakaba.mghosteur.com\/en\/wp-json\/wp\/v2\/product\/25492","targetHints":{"allow":["GET"]}}],"collection":[{"href":"https:\/\/sakaba.mghosteur.com\/en\/wp-json\/wp\/v2\/product"}],"about":[{"href":"https:\/\/sakaba.mghosteur.com\/en\/wp-json\/wp\/v2\/types\/product"}],"replies":[{"embeddable":true,"href":"https:\/\/sakaba.mghosteur.com\/en\/wp-json\/wp\/v2\/comments?post=25492"}],"version-history":[{"count":0,"href":"https:\/\/sakaba.mghosteur.com\/en\/wp-json\/wp\/v2\/product\/25492\/revisions"}],"wp:attachment":[{"href":"https:\/\/sakaba.mghosteur.com\/en\/wp-json\/wp\/v2\/media?parent=25492"}],"wp:term":[{"taxonomy":"product_brand","embeddable":true,"href":"https:\/\/sakaba.mghosteur.com\/en\/wp-json\/wp\/v2\/product_brand?post=25492"},{"taxonomy":"product_cat","embeddable":true,"href":"https:\/\/sakaba.mghosteur.com\/en\/wp-json\/wp\/v2\/product_cat?post=25492"},{"taxonomy":"product_tag","embeddable":true,"href":"https:\/\/sakaba.mghosteur.com\/en\/wp-json\/wp\/v2\/product_tag?post=25492"}],"curies":[{"name":"wp","href":"https:\/\/api.w.org\/{rel}","templated":true}]}}