{"id":25497,"date":"2022-11-14T13:43:56","date_gmt":"2022-11-14T13:43:56","guid":{"rendered":"http:\/\/www.sakababeauty.com\/?post_type=product&#038;p=25497"},"modified":"2022-11-14T13:43:57","modified_gmt":"2022-11-14T13:43:57","slug":"cool-n-heat-16-menthol-pain-relieving-spray","status":"publish","type":"product","link":"https:\/\/sakaba.mghosteur.com\/en\/product\/cool-n-heat-16-menthol-pain-relieving-spray\/","title":{"rendered":"COOL N HEAT 16% MENTHOL \/ PAIN RELIEVING SPRAY"},"content":{"rendered":"","protected":false},"excerpt":{"rendered":"","protected":false},"featured_media":0,"comment_status":"closed","ping_status":"closed","template":"","meta":[],"product_brand":[],"product_cat":[381],"product_tag":[],"class_list":{"0":"post-25497","1":"product","2":"type-product","3":"status-publish","5":"product_cat-vitamine-et-complements","7":"first","8":"instock","9":"shipping-taxable","10":"product-type-simple"},"jetpack-related-posts":[{"id":25501,"url":"https:\/\/sakaba.mghosteur.com\/en\/product\/biofreeze-cool-the-pain\/","url_meta":{"origin":25497,"position":0},"title":"BIOFREEZE COOL THE PAIN","author":"admin","date":"November 14, 2022","format":false,"excerpt":"","rel":"","context":"Similar post","block_context":{"text":"Similar post","link":""},"img":{"alt_text":"","src":"","width":0,"height":0},"classes":[]},{"id":33048,"url":"https:\/\/sakaba.mghosteur.com\/en\/product\/dove-men-care-cool-fresh\/","url_meta":{"origin":25497,"position":1},"title":"DOVE MEN CARE COOL FRESH","author":"admin","date":"May 17, 2024","format":false,"excerpt":"Offrez \u00e0 vos aisselles une fra\u00eecheur longue dur\u00e9e et une protection de 72 heures contre la transpiration et les odeurs avec ce antisudorifique en spray sec pour hommes.","rel":"","context":"Similar post","block_context":{"text":"Similar post","link":""},"img":{"alt_text":"","src":"","width":0,"height":0},"classes":[]},{"id":30123,"url":"https:\/\/sakaba.mghosteur.com\/en\/product\/dr-bronners-savon-pure-castille-eucalyptus\/","url_meta":{"origin":25497,"position":2},"title":"Dr. Bronners SAVON PURE CASTILLE Eucalyptus","author":"admin","date":"May 3, 2023","format":false,"excerpt":"Terreux et chaleureux, avec une puissante explosion de menthol pour ouvrir les voies respiratoires et concentrer l'esprit\u00a0!\u00a0Parfum\u00e9 uniquement avec de l'huile d'eucalyptus biologique, notre pain de savon Eucalyptus Pure-Castile est fabriqu\u00e9 avec des ingr\u00e9dients certifi\u00e9s issus du commerce \u00e9quitable et de l'huile de graines de chanvre biologique cultiv\u00e9e aux \u00c9tats-Unis\u2026","rel":"","context":"Similar post","block_context":{"text":"Similar post","link":""},"img":{"alt_text":"","src":"","width":0,"height":0},"classes":[]},{"id":25525,"url":"https:\/\/sakaba.mghosteur.com\/en\/product\/salonpas-deep-relieving-gel\/","url_meta":{"origin":25497,"position":3},"title":"SALONPAS DEEP RELIEVING GEL","author":"admin","date":"November 14, 2022","format":false,"excerpt":"","rel":"","context":"Similar post","block_context":{"text":"Similar post","link":""},"img":{"alt_text":"","src":"","width":0,"height":0},"classes":[]},{"id":24714,"url":"https:\/\/sakaba.mghosteur.com\/en\/product\/cetaphil-redness-relieving-daily-facial-moisturizer\/","url_meta":{"origin":25497,"position":4},"title":"cetaphil REDNESS RELIEVING DAILY FACIAL MOISTURIZER","author":"admin","date":"November 10, 2022","format":false,"excerpt":"Cr\u00e8me hydratante teint\u00e9e neutre pour les peaux sensibles sujettes aux rougeurs qui hydrate la peau, aide \u00e0 uniformiser le teint et r\u00e9duit l'apparence des rougeurs. Sp\u00e9cialement formul\u00e9e avec de l'allanto\u00efne, de l'extrait de r\u00e9glisse et de la caf\u00e9ine pour apaiser les rougeurs tandis que la vitamine E riche en antioxydants\u2026","rel":"","context":"Similar post","block_context":{"text":"Similar post","link":""},"img":{"alt_text":"","src":"","width":0,"height":0},"classes":[]},{"id":25649,"url":"https:\/\/sakaba.mghosteur.com\/en\/product\/pantene-heat-primer-thermal-heat-protectant\/","url_meta":{"origin":25497,"position":5},"title":"PANTENE HEAT PRIMER THERMAL HEAT PROTECTANT","author":"admin","date":"November 14, 2022","format":false,"excerpt":"","rel":"","context":"Similar post","block_context":{"text":"Similar post","link":""},"img":{"alt_text":"","src":"","width":0,"height":0},"classes":[]}],"_links":{"self":[{"href":"https:\/\/sakaba.mghosteur.com\/en\/wp-json\/wp\/v2\/product\/25497","targetHints":{"allow":["GET"]}}],"collection":[{"href":"https:\/\/sakaba.mghosteur.com\/en\/wp-json\/wp\/v2\/product"}],"about":[{"href":"https:\/\/sakaba.mghosteur.com\/en\/wp-json\/wp\/v2\/types\/product"}],"replies":[{"embeddable":true,"href":"https:\/\/sakaba.mghosteur.com\/en\/wp-json\/wp\/v2\/comments?post=25497"}],"version-history":[{"count":0,"href":"https:\/\/sakaba.mghosteur.com\/en\/wp-json\/wp\/v2\/product\/25497\/revisions"}],"wp:attachment":[{"href":"https:\/\/sakaba.mghosteur.com\/en\/wp-json\/wp\/v2\/media?parent=25497"}],"wp:term":[{"taxonomy":"product_brand","embeddable":true,"href":"https:\/\/sakaba.mghosteur.com\/en\/wp-json\/wp\/v2\/product_brand?post=25497"},{"taxonomy":"product_cat","embeddable":true,"href":"https:\/\/sakaba.mghosteur.com\/en\/wp-json\/wp\/v2\/product_cat?post=25497"},{"taxonomy":"product_tag","embeddable":true,"href":"https:\/\/sakaba.mghosteur.com\/en\/wp-json\/wp\/v2\/product_tag?post=25497"}],"curies":[{"name":"wp","href":"https:\/\/api.w.org\/{rel}","templated":true}]}}