{"id":25501,"date":"2022-11-14T13:48:47","date_gmt":"2022-11-14T13:48:47","guid":{"rendered":"http:\/\/www.sakababeauty.com\/?post_type=product&#038;p=25501"},"modified":"2022-11-14T13:48:48","modified_gmt":"2022-11-14T13:48:48","slug":"biofreeze-cool-the-pain","status":"publish","type":"product","link":"https:\/\/sakaba.mghosteur.com\/en\/product\/biofreeze-cool-the-pain\/","title":{"rendered":"BIOFREEZE COOL THE PAIN"},"content":{"rendered":"","protected":false},"excerpt":{"rendered":"","protected":false},"featured_media":0,"comment_status":"closed","ping_status":"closed","template":"","meta":[],"product_brand":[],"product_cat":[381],"product_tag":[],"class_list":{"0":"post-25501","1":"product","2":"type-product","3":"status-publish","5":"product_cat-vitamine-et-complements","7":"first","8":"instock","9":"shipping-taxable","10":"product-type-simple"},"jetpack-related-posts":[{"id":25497,"url":"https:\/\/sakaba.mghosteur.com\/en\/product\/cool-n-heat-16-menthol-pain-relieving-spray\/","url_meta":{"origin":25501,"position":0},"title":"COOL N HEAT 16% MENTHOL \/ PAIN RELIEVING SPRAY","author":"admin","date":"November 14, 2022","format":false,"excerpt":"","rel":"","context":"Similar post","block_context":{"text":"Similar post","link":""},"img":{"alt_text":"","src":"","width":0,"height":0},"classes":[]},{"id":25499,"url":"https:\/\/sakaba.mghosteur.com\/en\/product\/voltaren-arthritis-pain\/","url_meta":{"origin":25501,"position":1},"title":"VOLTAREN ARTHRITIS PAIN","author":"admin","date":"November 14, 2022","format":false,"excerpt":"","rel":"","context":"Similar post","block_context":{"text":"Similar post","link":""},"img":{"alt_text":"","src":"","width":0,"height":0},"classes":[]},{"id":25503,"url":"https:\/\/sakaba.mghosteur.com\/en\/product\/voltaren-arthritis-pain-50g\/","url_meta":{"origin":25501,"position":2},"title":"VOLTAREN ARTHRITIS PAIN 50G","author":"admin","date":"November 14, 2022","format":false,"excerpt":"","rel":"","context":"Similar post","block_context":{"text":"Similar post","link":""},"img":{"alt_text":"","src":"","width":0,"height":0},"classes":[]},{"id":25517,"url":"https:\/\/sakaba.mghosteur.com\/en\/product\/salonpas-pain-gel-patch-hot\/","url_meta":{"origin":25501,"position":3},"title":"SALONPAS PAIN GEL PATCH HOT","author":"admin","date":"November 14, 2022","format":false,"excerpt":"","rel":"","context":"Similar post","block_context":{"text":"Similar post","link":""},"img":{"alt_text":"","src":"","width":0,"height":0},"classes":[]},{"id":25519,"url":"https:\/\/sakaba.mghosteur.com\/en\/product\/aspercreme-lidocaine-numbs-away-pain\/","url_meta":{"origin":25501,"position":4},"title":"ASPERCREME LIDOCAINE NUMBS AWAY PAIN","author":"admin","date":"November 14, 2022","format":false,"excerpt":"","rel":"","context":"Similar post","block_context":{"text":"Similar post","link":""},"img":{"alt_text":"","src":"","width":0,"height":0},"classes":[]},{"id":30187,"url":"https:\/\/sakaba.mghosteur.com\/en\/product\/necessaire-the-body-bar-le-savon-bar\/","url_meta":{"origin":25501,"position":5},"title":"NECESSAIRE THE BODY BAR LE SAVON BAR","author":"admin","date":"May 4, 2023","format":false,"excerpt":"D\u00e9couvrez le Pain Exfoliant Corps de la marque N\u00e9cessaire\u2122, con\u00e7u pour prendre soin de votre peau et de la plan\u00e8te. Cette barre exfoliante mod\u00e9r\u00e9e \u00e0 2% est id\u00e9ale pour les patchs de k\u00e9ratose pilaire, les zones rugueuses et les poils incarn\u00e9s secs. La base hydratante douce est infus\u00e9e de 5\u2026","rel":"","context":"Similar post","block_context":{"text":"Similar post","link":""},"img":{"alt_text":"","src":"","width":0,"height":0},"classes":[]}],"_links":{"self":[{"href":"https:\/\/sakaba.mghosteur.com\/en\/wp-json\/wp\/v2\/product\/25501","targetHints":{"allow":["GET"]}}],"collection":[{"href":"https:\/\/sakaba.mghosteur.com\/en\/wp-json\/wp\/v2\/product"}],"about":[{"href":"https:\/\/sakaba.mghosteur.com\/en\/wp-json\/wp\/v2\/types\/product"}],"replies":[{"embeddable":true,"href":"https:\/\/sakaba.mghosteur.com\/en\/wp-json\/wp\/v2\/comments?post=25501"}],"version-history":[{"count":0,"href":"https:\/\/sakaba.mghosteur.com\/en\/wp-json\/wp\/v2\/product\/25501\/revisions"}],"wp:attachment":[{"href":"https:\/\/sakaba.mghosteur.com\/en\/wp-json\/wp\/v2\/media?parent=25501"}],"wp:term":[{"taxonomy":"product_brand","embeddable":true,"href":"https:\/\/sakaba.mghosteur.com\/en\/wp-json\/wp\/v2\/product_brand?post=25501"},{"taxonomy":"product_cat","embeddable":true,"href":"https:\/\/sakaba.mghosteur.com\/en\/wp-json\/wp\/v2\/product_cat?post=25501"},{"taxonomy":"product_tag","embeddable":true,"href":"https:\/\/sakaba.mghosteur.com\/en\/wp-json\/wp\/v2\/product_tag?post=25501"}],"curies":[{"name":"wp","href":"https:\/\/api.w.org\/{rel}","templated":true}]}}