{"id":25503,"date":"2022-11-14T13:52:46","date_gmt":"2022-11-14T13:52:46","guid":{"rendered":"http:\/\/www.sakababeauty.com\/?post_type=product&#038;p=25503"},"modified":"2022-11-14T13:52:46","modified_gmt":"2022-11-14T13:52:46","slug":"voltaren-arthritis-pain-50g","status":"publish","type":"product","link":"https:\/\/sakaba.mghosteur.com\/en\/product\/voltaren-arthritis-pain-50g\/","title":{"rendered":"VOLTAREN ARTHRITIS PAIN 50G"},"content":{"rendered":"","protected":false},"excerpt":{"rendered":"","protected":false},"featured_media":0,"comment_status":"closed","ping_status":"closed","template":"","meta":[],"product_brand":[],"product_cat":[381],"product_tag":[],"class_list":{"0":"post-25503","1":"product","2":"type-product","3":"status-publish","5":"product_cat-vitamine-et-complements","7":"first","8":"instock","9":"shipping-taxable","10":"product-type-simple"},"jetpack-related-posts":[{"id":25499,"url":"https:\/\/sakaba.mghosteur.com\/en\/product\/voltaren-arthritis-pain\/","url_meta":{"origin":25503,"position":0},"title":"VOLTAREN ARTHRITIS PAIN","author":"admin","date":"November 14, 2022","format":false,"excerpt":"","rel":"","context":"Similar post","block_context":{"text":"Similar post","link":""},"img":{"alt_text":"","src":"","width":0,"height":0},"classes":[]},{"id":25501,"url":"https:\/\/sakaba.mghosteur.com\/en\/product\/biofreeze-cool-the-pain\/","url_meta":{"origin":25503,"position":1},"title":"BIOFREEZE COOL THE PAIN","author":"admin","date":"November 14, 2022","format":false,"excerpt":"","rel":"","context":"Similar post","block_context":{"text":"Similar post","link":""},"img":{"alt_text":"","src":"","width":0,"height":0},"classes":[]},{"id":25517,"url":"https:\/\/sakaba.mghosteur.com\/en\/product\/salonpas-pain-gel-patch-hot\/","url_meta":{"origin":25503,"position":2},"title":"SALONPAS PAIN GEL PATCH HOT","author":"admin","date":"November 14, 2022","format":false,"excerpt":"","rel":"","context":"Similar post","block_context":{"text":"Similar post","link":""},"img":{"alt_text":"","src":"","width":0,"height":0},"classes":[]},{"id":25519,"url":"https:\/\/sakaba.mghosteur.com\/en\/product\/aspercreme-lidocaine-numbs-away-pain\/","url_meta":{"origin":25503,"position":3},"title":"ASPERCREME LIDOCAINE NUMBS AWAY PAIN","author":"admin","date":"November 14, 2022","format":false,"excerpt":"","rel":"","context":"Similar post","block_context":{"text":"Similar post","link":""},"img":{"alt_text":"","src":"","width":0,"height":0},"classes":[]},{"id":29890,"url":"https:\/\/sakaba.mghosteur.com\/en\/product\/vaseline-100-pure-petroleum-jelly-50g\/","url_meta":{"origin":25503,"position":4},"title":"VASELINE 100% PURE PETROLEUM JELLY 50G","author":"admin","date":"April 27, 2023","format":false,"excerpt":"D\u00e9couvrez la gel\u00e9e de p\u00e9trole Vaseline\u00ae, une solution efficace pour prendre soin de votre peau s\u00e8che, ab\u00eem\u00e9e ou craquel\u00e9e. Sa formule triplement purifi\u00e9e est cliniquement prouv\u00e9e pour aider \u00e0 gu\u00e9rir les dommages cutan\u00e9s en cr\u00e9ant une barri\u00e8re protectrice et en emprisonnant l'humidit\u00e9. Cette gel\u00e9e hypoallerg\u00e9nique et non com\u00e9dog\u00e8ne est parfaite\u2026","rel":"","context":"Similar post","block_context":{"text":"Similar post","link":""},"img":{"alt_text":"","src":"","width":0,"height":0},"classes":[]},{"id":25497,"url":"https:\/\/sakaba.mghosteur.com\/en\/product\/cool-n-heat-16-menthol-pain-relieving-spray\/","url_meta":{"origin":25503,"position":5},"title":"COOL N HEAT 16% MENTHOL \/ PAIN RELIEVING SPRAY","author":"admin","date":"November 14, 2022","format":false,"excerpt":"","rel":"","context":"Similar post","block_context":{"text":"Similar post","link":""},"img":{"alt_text":"","src":"","width":0,"height":0},"classes":[]}],"_links":{"self":[{"href":"https:\/\/sakaba.mghosteur.com\/en\/wp-json\/wp\/v2\/product\/25503","targetHints":{"allow":["GET"]}}],"collection":[{"href":"https:\/\/sakaba.mghosteur.com\/en\/wp-json\/wp\/v2\/product"}],"about":[{"href":"https:\/\/sakaba.mghosteur.com\/en\/wp-json\/wp\/v2\/types\/product"}],"replies":[{"embeddable":true,"href":"https:\/\/sakaba.mghosteur.com\/en\/wp-json\/wp\/v2\/comments?post=25503"}],"version-history":[{"count":0,"href":"https:\/\/sakaba.mghosteur.com\/en\/wp-json\/wp\/v2\/product\/25503\/revisions"}],"wp:attachment":[{"href":"https:\/\/sakaba.mghosteur.com\/en\/wp-json\/wp\/v2\/media?parent=25503"}],"wp:term":[{"taxonomy":"product_brand","embeddable":true,"href":"https:\/\/sakaba.mghosteur.com\/en\/wp-json\/wp\/v2\/product_brand?post=25503"},{"taxonomy":"product_cat","embeddable":true,"href":"https:\/\/sakaba.mghosteur.com\/en\/wp-json\/wp\/v2\/product_cat?post=25503"},{"taxonomy":"product_tag","embeddable":true,"href":"https:\/\/sakaba.mghosteur.com\/en\/wp-json\/wp\/v2\/product_tag?post=25503"}],"curies":[{"name":"wp","href":"https:\/\/api.w.org\/{rel}","templated":true}]}}