{"id":25504,"date":"2022-11-14T13:52:23","date_gmt":"2022-11-14T13:52:23","guid":{"rendered":"http:\/\/www.sakababeauty.com\/?post_type=product&#038;p=25504"},"modified":"2022-11-14T13:52:23","modified_gmt":"2022-11-14T13:52:23","slug":"l-a-girl-line-art-matte-eyeliner-pen","status":"publish","type":"product","link":"https:\/\/sakaba.mghosteur.com\/en\/product\/l-a-girl-line-art-matte-eyeliner-pen\/","title":{"rendered":"L.A.GIRL Line Art Matte Eyeliner Pen"},"content":{"rendered":"","protected":false},"excerpt":{"rendered":"","protected":false},"featured_media":0,"comment_status":"closed","ping_status":"closed","template":"","meta":[],"product_brand":[],"product_cat":[297],"product_tag":[],"class_list":{"0":"post-25504","1":"product","2":"type-product","3":"status-publish","5":"product_cat-yeux","7":"first","8":"instock","9":"shipping-taxable","10":"product-type-simple"},"jetpack-related-posts":[{"id":33628,"url":"https:\/\/sakaba.mghosteur.com\/en\/product\/l-a-girl-shockwae-metallic-eyeliner-gp752\/","url_meta":{"origin":25504,"position":0},"title":"L.A.GIRL SHOCKWAE METALLIC EYELINER GP752","author":"admin","date":"May 22, 2024","format":false,"excerpt":"","rel":"","context":"Similar post","block_context":{"text":"Similar post","link":""},"img":{"alt_text":"","src":"","width":0,"height":0},"classes":[]},{"id":33631,"url":"https:\/\/sakaba.mghosteur.com\/en\/product\/l-a-girl-ultimate-eye-gp-325-eyeliner\/","url_meta":{"origin":25504,"position":1},"title":"L.A.GIRL ULTIMATE EYE GP 325 EYELINER","author":"admin","date":"May 22, 2024","format":false,"excerpt":"","rel":"","context":"Similar post","block_context":{"text":"Similar post","link":""},"img":{"alt_text":"","src":"","width":0,"height":0},"classes":[]},{"id":33598,"url":"https:\/\/sakaba.mghosteur.com\/en\/product\/l-a-girl-perfect-precision-eyeliner\/","url_meta":{"origin":25504,"position":2},"title":"L.A.GIRL PERFECT PRECISION EYELINER","author":"admin","date":"May 22, 2024","format":false,"excerpt":"","rel":"","context":"Similar post","block_context":{"text":"Similar post","link":""},"img":{"alt_text":"","src":"","width":0,"height":0},"classes":[]},{"id":33625,"url":"https:\/\/sakaba.mghosteur.com\/en\/product\/l-a-girl-shockwae-metallic-eyeliner-gp750-ocean\/","url_meta":{"origin":25504,"position":3},"title":"L.A.GIRL SHOCKWAE METALLIC EYELINER GP750 OCEAN","author":"admin","date":"May 22, 2024","format":false,"excerpt":"","rel":"","context":"Similar post","block_context":{"text":"Similar post","link":""},"img":{"alt_text":"","src":"","width":0,"height":0},"classes":[]},{"id":33876,"url":"https:\/\/sakaba.mghosteur.com\/en\/product\/suva-hydra-eye-liner\/","url_meta":{"origin":25504,"position":4},"title":"Suva Hydra Eye Liner","author":"admin","date":"May 24, 2024","format":false,"excerpt":"Un cake eyeliner qui brille sous la lumi\u00e8re ultraviolette. Place \u00e0 la cr\u00e9ativit\u00e9 avec Hydra Liner. Enti\u00e8rement r\u00e9sistante aux bavures et aux transferts, cette formule opaque est id\u00e9ale pour dispenser une couleur intense sur la ligne des cils ou cr\u00e9er de l\u2019art corporel ou de visage. Activez avec un peu\u2026","rel":"","context":"Similar post","block_context":{"text":"Similar post","link":""},"img":{"alt_text":"","src":"","width":0,"height":0},"classes":[]},{"id":24363,"url":"https:\/\/sakaba.mghosteur.com\/en\/product\/duo-line-it-lash-it-2in-1-eyeliner-lash-adhesive\/","url_meta":{"origin":25504,"position":5},"title":"DUO LINE IT LASH IT 2IN 1 EYELINER &#038; LASH ADHESIVE","author":"admin","date":"November 10, 2022","format":false,"excerpt":"","rel":"","context":"Similar post","block_context":{"text":"Similar post","link":""},"img":{"alt_text":"","src":"","width":0,"height":0},"classes":[]}],"_links":{"self":[{"href":"https:\/\/sakaba.mghosteur.com\/en\/wp-json\/wp\/v2\/product\/25504","targetHints":{"allow":["GET"]}}],"collection":[{"href":"https:\/\/sakaba.mghosteur.com\/en\/wp-json\/wp\/v2\/product"}],"about":[{"href":"https:\/\/sakaba.mghosteur.com\/en\/wp-json\/wp\/v2\/types\/product"}],"replies":[{"embeddable":true,"href":"https:\/\/sakaba.mghosteur.com\/en\/wp-json\/wp\/v2\/comments?post=25504"}],"version-history":[{"count":0,"href":"https:\/\/sakaba.mghosteur.com\/en\/wp-json\/wp\/v2\/product\/25504\/revisions"}],"wp:attachment":[{"href":"https:\/\/sakaba.mghosteur.com\/en\/wp-json\/wp\/v2\/media?parent=25504"}],"wp:term":[{"taxonomy":"product_brand","embeddable":true,"href":"https:\/\/sakaba.mghosteur.com\/en\/wp-json\/wp\/v2\/product_brand?post=25504"},{"taxonomy":"product_cat","embeddable":true,"href":"https:\/\/sakaba.mghosteur.com\/en\/wp-json\/wp\/v2\/product_cat?post=25504"},{"taxonomy":"product_tag","embeddable":true,"href":"https:\/\/sakaba.mghosteur.com\/en\/wp-json\/wp\/v2\/product_tag?post=25504"}],"curies":[{"name":"wp","href":"https:\/\/api.w.org\/{rel}","templated":true}]}}