{"id":25509,"date":"2022-11-14T13:55:30","date_gmt":"2022-11-14T13:55:30","guid":{"rendered":"http:\/\/www.sakababeauty.com\/?post_type=product&#038;p=25509"},"modified":"2022-11-14T13:55:30","modified_gmt":"2022-11-14T13:55:30","slug":"vaporub-pommade","status":"publish","type":"product","link":"https:\/\/sakaba.mghosteur.com\/en\/product\/vaporub-pommade\/","title":{"rendered":"VAPORUB POMMADE"},"content":{"rendered":"","protected":false},"excerpt":{"rendered":"","protected":false},"featured_media":0,"comment_status":"closed","ping_status":"closed","template":"","meta":[],"product_brand":[],"product_cat":[381],"product_tag":[],"class_list":{"0":"post-25509","1":"product","2":"type-product","3":"status-publish","5":"product_cat-vitamine-et-complements","7":"first","8":"instock","9":"shipping-taxable","10":"product-type-simple"},"jetpack-related-posts":[{"id":26134,"url":"https:\/\/sakaba.mghosteur.com\/en\/product\/sunny-kle-extra-dark-hair-food-pomade\/","url_meta":{"origin":25509,"position":0},"title":"SUNNY ISLE EXTRA DARK HAIR FOOD POMADE","author":"admin","date":"November 24, 2022","format":false,"excerpt":"La pommade capillaire Sunny Isle Extra Dark Jamaican Black Castor Oil est une pommade 100 % naturelle qui peut hydrater le cuir chevelu sec, pr\u00e9venir la casse des cheveux et lutter contre les pellicules. Elle convient \u00e9galement aux cheveux naturels ou en transition et peut ajouter de la d\u00e9finition et\u2026","rel":"","context":"Similar post","block_context":{"text":"Similar post","link":""},"img":{"alt_text":"","src":"","width":0,"height":0},"classes":[]},{"id":32056,"url":"https:\/\/sakaba.mghosteur.com\/en\/product\/mielle-rosemary-mint-strengtening-scalp-hair-quencher\/","url_meta":{"origin":25509,"position":1},"title":"MIELLE ROSEMARY MINT STRENGTENING SCALP HAIR QUENCHER","author":"admin","date":"May 13, 2024","format":false,"excerpt":"La pommade-\u00e0-huile pour le cuir chevelu et les cheveux au romarin et \u00e0 la menthe de Mielle\u00a0est une coiffure revitalisante qui se transforme d'une pommade en une huile. Il d\u00e9salt\u00e8re le cuir chevelu, hydrate les cheveux secs et assoiff\u00e9s et aide \u00e0\u00a0\u00a0prot\u00e9ger du dess\u00e8chement. Cette coiffure lisse les m\u00e8ches rebelles\u2026","rel":"","context":"Similar post","block_context":{"text":"Similar post","link":""},"img":{"alt_text":"","src":"","width":0,"height":0},"classes":[]},{"id":24185,"url":"https:\/\/sakaba.mghosteur.com\/en\/product\/cerave-healing-ointment-10g\/","url_meta":{"origin":25509,"position":2},"title":"CERAVE HEALING OINTMENT 10G","author":"admin","date":"November 9, 2022","format":false,"excerpt":"La pommade cicatrisante CeraVe est une solution efficace pour les personnes ayant une peau extr\u00eamement s\u00e8che, craquel\u00e9e ou irrit\u00e9e. Cette formule unique, d\u00e9velopp\u00e9e avec des dermatologues, contient de l'acide hyaluronique pour une hydratation suppl\u00e9mentaire. Elle est formul\u00e9e avec trois c\u00e9ramides essentiels (1, 3, 6-II) pour aider \u00e0 restaurer et \u00e0\u2026","rel":"","context":"Similar post","block_context":{"text":"Similar post","link":""},"img":{"alt_text":"","src":"","width":0,"height":0},"classes":[]},{"id":27571,"url":"https:\/\/sakaba.mghosteur.com\/en\/product\/slick-salve\/","url_meta":{"origin":25509,"position":3},"title":"SLICK SALVE","author":"admin","date":"November 29, 2022","format":false,"excerpt":"D\u00e9couvrez Slick Salve de la marque TOPICALS - une pommade baume \u00e0 huile tout usage qui hydrate votre peau et maintient la s\u00e9cheresse \u00e0 l'\u00e9cart. Utilisez-la sur vos l\u00e8vres, vos cuticules ou toute zone dess\u00e9ch\u00e9e pour un soulagement instantan\u00e9. Appliquez une fine couche uniforme et r\u00e9appliquez au besoin pour une\u2026","rel":"","context":"Similar post","block_context":{"text":"Similar post","link":""},"img":{"alt_text":"","src":"","width":0,"height":0},"classes":[]},{"id":29372,"url":"https:\/\/sakaba.mghosteur.com\/en\/product\/topicals-faded-brightening-clearing-eye-masks\/","url_meta":{"origin":25509,"position":4},"title":"TOPICALS FADED BRIGHTENING &amp; CLEARING EYE MASKS","author":"admin","date":"April 3, 2023","format":false,"excerpt":"D\u00e9couvrez Slick Salve de la marque TOPICALS - une pommade baume \u00e0 huile tout usage qui hydrate votre peau et maintient la s\u00e9cheresse \u00e0 l'\u00e9cart. Utilisez-la sur vos l\u00e8vres, vos cuticules ou toute zone dess\u00e9ch\u00e9e pour un soulagement instantan\u00e9. Appliquez une fine couche uniforme et r\u00e9appliquez au besoin pour une\u2026","rel":"","context":"Similar post","block_context":{"text":"Similar post","link":""},"img":{"alt_text":"","src":"","width":0,"height":0},"classes":[]},{"id":32371,"url":"https:\/\/sakaba.mghosteur.com\/en\/product\/sheamoisture-deep-conditioner\/","url_meta":{"origin":25509,"position":5},"title":"SheaMoisture DEEP CONDITIONER","author":"admin","date":"May 14, 2024","format":false,"excerpt":"Apr\u00e8s-shampooing profond SheaMoisture - Beurre d'avocat et miel de Manuka Le revitalisant capillaire en profondeur SheaMoisture Men Avocado Butter and Manuka Honey est un essentiel pour les hommes soucieux de leurs cheveux. Con\u00e7u pour r\u00e9pondre aux besoins des cheveux boucl\u00e9s, il offre une hydratation intense sans compromettre le bien-\u00eatre animal.\u2026","rel":"","context":"Similar post","block_context":{"text":"Similar post","link":""},"img":{"alt_text":"","src":"","width":0,"height":0},"classes":[]}],"_links":{"self":[{"href":"https:\/\/sakaba.mghosteur.com\/en\/wp-json\/wp\/v2\/product\/25509","targetHints":{"allow":["GET"]}}],"collection":[{"href":"https:\/\/sakaba.mghosteur.com\/en\/wp-json\/wp\/v2\/product"}],"about":[{"href":"https:\/\/sakaba.mghosteur.com\/en\/wp-json\/wp\/v2\/types\/product"}],"replies":[{"embeddable":true,"href":"https:\/\/sakaba.mghosteur.com\/en\/wp-json\/wp\/v2\/comments?post=25509"}],"version-history":[{"count":0,"href":"https:\/\/sakaba.mghosteur.com\/en\/wp-json\/wp\/v2\/product\/25509\/revisions"}],"wp:attachment":[{"href":"https:\/\/sakaba.mghosteur.com\/en\/wp-json\/wp\/v2\/media?parent=25509"}],"wp:term":[{"taxonomy":"product_brand","embeddable":true,"href":"https:\/\/sakaba.mghosteur.com\/en\/wp-json\/wp\/v2\/product_brand?post=25509"},{"taxonomy":"product_cat","embeddable":true,"href":"https:\/\/sakaba.mghosteur.com\/en\/wp-json\/wp\/v2\/product_cat?post=25509"},{"taxonomy":"product_tag","embeddable":true,"href":"https:\/\/sakaba.mghosteur.com\/en\/wp-json\/wp\/v2\/product_tag?post=25509"}],"curies":[{"name":"wp","href":"https:\/\/api.w.org\/{rel}","templated":true}]}}