{"id":25513,"date":"2022-11-14T13:58:24","date_gmt":"2022-11-14T13:58:24","guid":{"rendered":"http:\/\/www.sakababeauty.com\/?post_type=product&#038;p=25513"},"modified":"2022-11-14T13:58:24","modified_gmt":"2022-11-14T13:58:24","slug":"hylands-leg-cramps","status":"publish","type":"product","link":"https:\/\/sakaba.mghosteur.com\/en\/product\/hylands-leg-cramps\/","title":{"rendered":"HYLANDS LEG CRAMPS"},"content":{"rendered":"","protected":false},"excerpt":{"rendered":"","protected":false},"featured_media":0,"comment_status":"closed","ping_status":"closed","template":"","meta":[],"product_brand":[],"product_cat":[381],"product_tag":[],"class_list":{"0":"post-25513","1":"product","2":"type-product","3":"status-publish","5":"product_cat-vitamine-et-complements","7":"first","8":"instock","9":"shipping-taxable","10":"product-type-simple"},"jetpack-related-posts":[{"id":23303,"url":"https:\/\/sakaba.mghosteur.com\/en\/product\/sally-hansen-airbrush-legs-leg-makeup\/","url_meta":{"origin":25513,"position":0},"title":"SALLY HANSEN AIRBRUSH LEGS LEG MAKEUP","author":"admin","date":"October 26, 2022","format":false,"excerpt":"","rel":"","context":"Similar post","block_context":{"text":"Similar post","link":""},"img":{"alt_text":"","src":"","width":0,"height":0},"classes":[]},{"id":23916,"url":"https:\/\/sakaba.mghosteur.com\/en\/product\/sally-hansen-airbrush-legs-leg-makeup-2\/","url_meta":{"origin":25513,"position":1},"title":"SALLY HANSEN AIRBRUSH LEGS LEG MAKEUP","author":"admin","date":"November 9, 2022","format":false,"excerpt":"","rel":"","context":"Similar post","block_context":{"text":"Similar post","link":""},"img":{"alt_text":"","src":"","width":0,"height":0},"classes":[]},{"id":36011,"url":"https:\/\/sakaba.mghosteur.com\/en\/product\/mielle-rice-water-collection-split-end-therapy-59ml\/","url_meta":{"origin":25513,"position":2},"title":"MIELLE RICE WATER COLLECTION SPLIT END THERAPY 59ML","author":"admin","date":"August 11, 2024","format":false,"excerpt":"Des ingr\u00e9dients tels que l'eau de riz et le yuzu aident \u00e0 nourrir les cheveux et \u00e0 pr\u00e9venir les dommages futurs. Assez l\u00e9ger pour \u00eatre utilis\u00e9 quotidiennement.\u00a0\u00a0Ce produit l\u00e9ger est con\u00e7u pour renforcer les pointes fourchues. Principaux avantages : Renforce contre les pointes fourchues Nourrit et pr\u00e9vient les dommages futurs\u2026","rel":"","context":"Similar post","block_context":{"text":"Similar post","link":""},"img":{"alt_text":"","src":"","width":0,"height":0},"classes":[]},{"id":23926,"url":"https:\/\/sakaba.mghosteur.com\/en\/product\/ultra-light-moisturizing-lotion-30\/","url_meta":{"origin":25513,"position":3},"title":"Ultra-Light Moisturizing Lotion SPF 30","author":"admin","date":"November 9, 2022","format":false,"excerpt":"Le lait hydratant ultra-l\u00e9ger SPF 30 de CeraVe est un produit de soin essentiel pour les personnes ayant une peau normale \u00e0 grasse. Cette lotion hydratante l\u00e9g\u00e8re et non com\u00e9dog\u00e8ne est formul\u00e9e avec un \u00e9cran solaire \u00e0 large spectre SPF 30 pour prot\u00e9ger votre peau des dommages caus\u00e9s par les\u2026","rel":"","context":"Similar post","block_context":{"text":"Similar post","link":""},"img":{"alt_text":"","src":"","width":0,"height":0},"classes":[]},{"id":29775,"url":"https:\/\/sakaba.mghosteur.com\/en\/product\/calcium-magnesium-plus-zinc\/","url_meta":{"origin":25513,"position":4},"title":"CALCIUM MAGNESIUM PLUS ZINC","author":"admin","date":"April 24, 2023","format":false,"excerpt":"D\u00e9couvrez les comprim\u00e9s de Calcium Magn\u00e9sium Plus Zinc de la marque Solgar, un compl\u00e9ment alimentaire essentiel pour soutenir la sant\u00e9 de votre syst\u00e8me squelettique, musculaire, nerveux et immunitaire. En plus du calcium, ce produit contient du magn\u00e9sium et du zinc, qui sont \u00e9galement n\u00e9cessaires pour maintenir des os et des\u2026","rel":"","context":"Similar post","block_context":{"text":"Similar post","link":""},"img":{"alt_text":"","src":"","width":0,"height":0},"classes":[]},{"id":34599,"url":"https:\/\/sakaba.mghosteur.com\/en\/product\/fenty-luscious-lip-balm-cocoa-drizzle\/","url_meta":{"origin":25513,"position":5},"title":"FENTY LUSCIOUS LIP BALM COCOA DRIZZLE","author":"admin","date":"May 29, 2024","format":false,"excerpt":"Un baume \u00e0 l\u00e8vres cr\u00e9meux et hydratant dot\u00e9 d'un applicateur en forme de pied de biche moelleux qui lisse, adoucit et pr\u00e9pare vos l\u00e8vres pour des l\u00e8vres instantan\u00e9ment pulpeuses et dignes d'un baiser qui durent, dans des teintes transparentes con\u00e7ues pour tous les tons de peau. Description: Super cr\u00e9meux et\u2026","rel":"","context":"Similar post","block_context":{"text":"Similar post","link":""},"img":{"alt_text":"","src":"","width":0,"height":0},"classes":[]}],"_links":{"self":[{"href":"https:\/\/sakaba.mghosteur.com\/en\/wp-json\/wp\/v2\/product\/25513","targetHints":{"allow":["GET"]}}],"collection":[{"href":"https:\/\/sakaba.mghosteur.com\/en\/wp-json\/wp\/v2\/product"}],"about":[{"href":"https:\/\/sakaba.mghosteur.com\/en\/wp-json\/wp\/v2\/types\/product"}],"replies":[{"embeddable":true,"href":"https:\/\/sakaba.mghosteur.com\/en\/wp-json\/wp\/v2\/comments?post=25513"}],"version-history":[{"count":0,"href":"https:\/\/sakaba.mghosteur.com\/en\/wp-json\/wp\/v2\/product\/25513\/revisions"}],"wp:attachment":[{"href":"https:\/\/sakaba.mghosteur.com\/en\/wp-json\/wp\/v2\/media?parent=25513"}],"wp:term":[{"taxonomy":"product_brand","embeddable":true,"href":"https:\/\/sakaba.mghosteur.com\/en\/wp-json\/wp\/v2\/product_brand?post=25513"},{"taxonomy":"product_cat","embeddable":true,"href":"https:\/\/sakaba.mghosteur.com\/en\/wp-json\/wp\/v2\/product_cat?post=25513"},{"taxonomy":"product_tag","embeddable":true,"href":"https:\/\/sakaba.mghosteur.com\/en\/wp-json\/wp\/v2\/product_tag?post=25513"}],"curies":[{"name":"wp","href":"https:\/\/api.w.org\/{rel}","templated":true}]}}