{"id":25517,"date":"2022-11-14T14:00:53","date_gmt":"2022-11-14T14:00:53","guid":{"rendered":"http:\/\/www.sakababeauty.com\/?post_type=product&#038;p=25517"},"modified":"2022-11-14T14:00:54","modified_gmt":"2022-11-14T14:00:54","slug":"salonpas-pain-gel-patch-hot","status":"publish","type":"product","link":"https:\/\/sakaba.mghosteur.com\/en\/product\/salonpas-pain-gel-patch-hot\/","title":{"rendered":"SALONPAS PAIN GEL PATCH HOT"},"content":{"rendered":"","protected":false},"excerpt":{"rendered":"","protected":false},"featured_media":0,"comment_status":"closed","ping_status":"closed","template":"","meta":[],"product_brand":[],"product_cat":[381],"product_tag":[],"class_list":{"0":"post-25517","1":"product","2":"type-product","3":"status-publish","5":"product_cat-vitamine-et-complements","7":"first","8":"instock","9":"shipping-taxable","10":"product-type-simple"},"jetpack-related-posts":[{"id":25525,"url":"https:\/\/sakaba.mghosteur.com\/en\/product\/salonpas-deep-relieving-gel\/","url_meta":{"origin":25517,"position":0},"title":"SALONPAS DEEP RELIEVING GEL","author":"admin","date":"November 14, 2022","format":false,"excerpt":"","rel":"","context":"Similar post","block_context":{"text":"Similar post","link":""},"img":{"alt_text":"","src":"","width":0,"height":0},"classes":[]},{"id":30187,"url":"https:\/\/sakaba.mghosteur.com\/en\/product\/necessaire-the-body-bar-le-savon-bar\/","url_meta":{"origin":25517,"position":1},"title":"NECESSAIRE THE BODY BAR LE SAVON BAR","author":"admin","date":"May 4, 2023","format":false,"excerpt":"D\u00e9couvrez le Pain Exfoliant Corps de la marque N\u00e9cessaire\u2122, con\u00e7u pour prendre soin de votre peau et de la plan\u00e8te. Cette barre exfoliante mod\u00e9r\u00e9e \u00e0 2% est id\u00e9ale pour les patchs de k\u00e9ratose pilaire, les zones rugueuses et les poils incarn\u00e9s secs. La base hydratante douce est infus\u00e9e de 5\u2026","rel":"","context":"Similar post","block_context":{"text":"Similar post","link":""},"img":{"alt_text":"","src":"","width":0,"height":0},"classes":[]},{"id":30207,"url":"https:\/\/sakaba.mghosteur.com\/en\/product\/the-body-exfoliator-eucalyptus\/","url_meta":{"origin":25517,"position":2},"title":"THE BODY EXFOLIATOR EUCALYPTUS","author":"admin","date":"May 4, 2023","format":false,"excerpt":"D\u00e9couvrez l'Exfoliant Corps Eucalyptus de la marque NECESSAIRE, un traitement hebdomadaire pour prendre soin de votre corps. Infus\u00e9 avec 6,5 % d'exfoliation physique (pierre ponce volcanique et charbon de bois de bambou), 1,25 % d'exfoliation chimique (AHA, BHA et PHA) et du niacinamide dans une base de tensioactif v\u00e9g\u00e9tal doux,\u2026","rel":"","context":"Similar post","block_context":{"text":"Similar post","link":""},"img":{"alt_text":"","src":"","width":0,"height":0},"classes":[]},{"id":26904,"url":"https:\/\/sakaba.mghosteur.com\/en\/product\/cosrx-acne-pimple-master-patch\/","url_meta":{"origin":25517,"position":3},"title":"COSRX ACNE PIMPLE MASTER PATCH","author":"admin","date":"November 28, 2022","format":false,"excerpt":"Le Patch Ma\u00eetre des Boutons d'Acn\u00e9 de la marque COSRX est un produit efficace pour traiter les boutons d'acn\u00e9. Chaque pack contient 24 patchs de diff\u00e9rentes tailles, avec 9 gros points, 5 points moyens et 10 petits points. Ces patchs sont con\u00e7us pour gu\u00e9rir rapidement l'acn\u00e9 du jour au lendemain.\u2026","rel":"","context":"Similar post","block_context":{"text":"Similar post","link":""},"img":{"alt_text":"","src":"","width":0,"height":0},"classes":[]},{"id":29221,"url":"https:\/\/sakaba.mghosteur.com\/en\/product\/caffeine-energizing-hydrogel-eye-patches\/","url_meta":{"origin":25517,"position":4},"title":"CAFFEINE ENERGIZING HYDROGEL EYE PATCHES","author":"admin","date":"March 21, 2023","format":false,"excerpt":"Le CAFFEINE ENERGIZING HYDROGEL EYE PATCHES de Good Molecules est un produit essentiel pour ceux qui cherchent \u00e0 se r\u00e9veiller et \u00e0 rafra\u00eechir leur regard fatigu\u00e9. Ces patchs pour les yeux hydrogel \u00e0 la caf\u00e9ine sont con\u00e7us pour \u00e9claircir et hydrater la peau d\u00e9licate autour de vos yeux tout en\u2026","rel":"","context":"Similar post","block_context":{"text":"Similar post","link":""},"img":{"alt_text":"","src":"","width":0,"height":0},"classes":[]},{"id":27160,"url":"https:\/\/sakaba.mghosteur.com\/en\/product\/mighty-patch\/","url_meta":{"origin":25517,"position":5},"title":"MIGHTY PATCH","author":"admin","date":"November 29, 2022","format":false,"excerpt":"","rel":"","context":"Similar post","block_context":{"text":"Similar post","link":""},"img":{"alt_text":"","src":"","width":0,"height":0},"classes":[]}],"_links":{"self":[{"href":"https:\/\/sakaba.mghosteur.com\/en\/wp-json\/wp\/v2\/product\/25517","targetHints":{"allow":["GET"]}}],"collection":[{"href":"https:\/\/sakaba.mghosteur.com\/en\/wp-json\/wp\/v2\/product"}],"about":[{"href":"https:\/\/sakaba.mghosteur.com\/en\/wp-json\/wp\/v2\/types\/product"}],"replies":[{"embeddable":true,"href":"https:\/\/sakaba.mghosteur.com\/en\/wp-json\/wp\/v2\/comments?post=25517"}],"version-history":[{"count":0,"href":"https:\/\/sakaba.mghosteur.com\/en\/wp-json\/wp\/v2\/product\/25517\/revisions"}],"wp:attachment":[{"href":"https:\/\/sakaba.mghosteur.com\/en\/wp-json\/wp\/v2\/media?parent=25517"}],"wp:term":[{"taxonomy":"product_brand","embeddable":true,"href":"https:\/\/sakaba.mghosteur.com\/en\/wp-json\/wp\/v2\/product_brand?post=25517"},{"taxonomy":"product_cat","embeddable":true,"href":"https:\/\/sakaba.mghosteur.com\/en\/wp-json\/wp\/v2\/product_cat?post=25517"},{"taxonomy":"product_tag","embeddable":true,"href":"https:\/\/sakaba.mghosteur.com\/en\/wp-json\/wp\/v2\/product_tag?post=25517"}],"curies":[{"name":"wp","href":"https:\/\/api.w.org\/{rel}","templated":true}]}}