{"id":25519,"date":"2022-11-14T14:03:16","date_gmt":"2022-11-14T14:03:16","guid":{"rendered":"http:\/\/www.sakababeauty.com\/?post_type=product&#038;p=25519"},"modified":"2022-11-14T14:03:17","modified_gmt":"2022-11-14T14:03:17","slug":"aspercreme-lidocaine-numbs-away-pain","status":"publish","type":"product","link":"https:\/\/sakaba.mghosteur.com\/en\/product\/aspercreme-lidocaine-numbs-away-pain\/","title":{"rendered":"ASPERCREME LIDOCAINE NUMBS AWAY PAIN"},"content":{"rendered":"","protected":false},"excerpt":{"rendered":"","protected":false},"featured_media":0,"comment_status":"closed","ping_status":"closed","template":"","meta":[],"product_brand":[],"product_cat":[381],"product_tag":[],"class_list":{"0":"post-25519","1":"product","2":"type-product","3":"status-publish","5":"product_cat-vitamine-et-complements","7":"first","8":"instock","9":"shipping-taxable","10":"product-type-simple"},"jetpack-related-posts":[{"id":25499,"url":"https:\/\/sakaba.mghosteur.com\/en\/product\/voltaren-arthritis-pain\/","url_meta":{"origin":25519,"position":0},"title":"VOLTAREN ARTHRITIS PAIN","author":"admin","date":"November 14, 2022","format":false,"excerpt":"","rel":"","context":"Similar post","block_context":{"text":"Similar post","link":""},"img":{"alt_text":"","src":"","width":0,"height":0},"classes":[]},{"id":25501,"url":"https:\/\/sakaba.mghosteur.com\/en\/product\/biofreeze-cool-the-pain\/","url_meta":{"origin":25519,"position":1},"title":"BIOFREEZE COOL THE PAIN","author":"admin","date":"November 14, 2022","format":false,"excerpt":"","rel":"","context":"Similar post","block_context":{"text":"Similar post","link":""},"img":{"alt_text":"","src":"","width":0,"height":0},"classes":[]},{"id":25503,"url":"https:\/\/sakaba.mghosteur.com\/en\/product\/voltaren-arthritis-pain-50g\/","url_meta":{"origin":25519,"position":2},"title":"VOLTAREN ARTHRITIS PAIN 50G","author":"admin","date":"November 14, 2022","format":false,"excerpt":"","rel":"","context":"Similar post","block_context":{"text":"Similar post","link":""},"img":{"alt_text":"","src":"","width":0,"height":0},"classes":[]},{"id":25517,"url":"https:\/\/sakaba.mghosteur.com\/en\/product\/salonpas-pain-gel-patch-hot\/","url_meta":{"origin":25519,"position":3},"title":"SALONPAS PAIN GEL PATCH HOT","author":"admin","date":"November 14, 2022","format":false,"excerpt":"","rel":"","context":"Similar post","block_context":{"text":"Similar post","link":""},"img":{"alt_text":"","src":"","width":0,"height":0},"classes":[]},{"id":25497,"url":"https:\/\/sakaba.mghosteur.com\/en\/product\/cool-n-heat-16-menthol-pain-relieving-spray\/","url_meta":{"origin":25519,"position":4},"title":"COOL N HEAT 16% MENTHOL \/ PAIN RELIEVING SPRAY","author":"admin","date":"November 14, 2022","format":false,"excerpt":"","rel":"","context":"Similar post","block_context":{"text":"Similar post","link":""},"img":{"alt_text":"","src":"","width":0,"height":0},"classes":[]},{"id":24354,"url":"https:\/\/sakaba.mghosteur.com\/en\/product\/neutrogena-acne-pro-skin-facial-bar\/","url_meta":{"origin":25519,"position":5},"title":"NEUTROGENA ACNE PRO SKIN FACIAL BAR","author":"admin","date":"November 10, 2022","format":false,"excerpt":"Le Pain de savon \u00e0 la glyc\u00e9rine pour peaux \u00e0 tendance acn\u00e9ique de Neutrogena est un choix id\u00e9al pour ceux qui cherchent un nettoyant doux et efficace pour leur peau sujette aux imperfections. Ce pain de savon sans colorant est sp\u00e9cialement con\u00e7u pour \u00e9liminer les impuret\u00e9s et l'exc\u00e8s de s\u00e9bum\u2026","rel":"","context":"Similar post","block_context":{"text":"Similar post","link":""},"img":{"alt_text":"","src":"","width":0,"height":0},"classes":[]}],"_links":{"self":[{"href":"https:\/\/sakaba.mghosteur.com\/en\/wp-json\/wp\/v2\/product\/25519","targetHints":{"allow":["GET"]}}],"collection":[{"href":"https:\/\/sakaba.mghosteur.com\/en\/wp-json\/wp\/v2\/product"}],"about":[{"href":"https:\/\/sakaba.mghosteur.com\/en\/wp-json\/wp\/v2\/types\/product"}],"replies":[{"embeddable":true,"href":"https:\/\/sakaba.mghosteur.com\/en\/wp-json\/wp\/v2\/comments?post=25519"}],"version-history":[{"count":0,"href":"https:\/\/sakaba.mghosteur.com\/en\/wp-json\/wp\/v2\/product\/25519\/revisions"}],"wp:attachment":[{"href":"https:\/\/sakaba.mghosteur.com\/en\/wp-json\/wp\/v2\/media?parent=25519"}],"wp:term":[{"taxonomy":"product_brand","embeddable":true,"href":"https:\/\/sakaba.mghosteur.com\/en\/wp-json\/wp\/v2\/product_brand?post=25519"},{"taxonomy":"product_cat","embeddable":true,"href":"https:\/\/sakaba.mghosteur.com\/en\/wp-json\/wp\/v2\/product_cat?post=25519"},{"taxonomy":"product_tag","embeddable":true,"href":"https:\/\/sakaba.mghosteur.com\/en\/wp-json\/wp\/v2\/product_tag?post=25519"}],"curies":[{"name":"wp","href":"https:\/\/api.w.org\/{rel}","templated":true}]}}