{"id":25521,"date":"2022-11-14T14:05:02","date_gmt":"2022-11-14T14:05:02","guid":{"rendered":"http:\/\/www.sakababeauty.com\/?post_type=product&#038;p=25521"},"modified":"2022-11-14T14:05:03","modified_gmt":"2022-11-14T14:05:03","slug":"preparation-h-hemorrhoidal-ointment","status":"publish","type":"product","link":"https:\/\/sakaba.mghosteur.com\/en\/product\/preparation-h-hemorrhoidal-ointment\/","title":{"rendered":"PREPARATION H HEMORRHOIDAL OINTMENT"},"content":{"rendered":"","protected":false},"excerpt":{"rendered":"","protected":false},"featured_media":0,"comment_status":"closed","ping_status":"closed","template":"","meta":[],"product_brand":[],"product_cat":[381],"product_tag":[],"class_list":{"0":"post-25521","1":"product","2":"type-product","3":"status-publish","5":"product_cat-vitamine-et-complements","7":"first","8":"instock","9":"shipping-taxable","10":"product-type-simple"},"jetpack-related-posts":[{"id":23887,"url":"https:\/\/sakaba.mghosteur.com\/en\/product\/cerave-healing-ointment\/","url_meta":{"origin":25521,"position":0},"title":"CERAVE  HEALING OINTMENT","author":"admin","date":"November 9, 2022","format":false,"excerpt":"","rel":"","context":"Similar post","block_context":{"text":"Similar post","link":""},"img":{"alt_text":"","src":"","width":0,"height":0},"classes":[]},{"id":23899,"url":"https:\/\/sakaba.mghosteur.com\/en\/product\/cerave-healing-ointment-2\/","url_meta":{"origin":25521,"position":1},"title":"CERAVE HEALING OINTMENT","author":"admin","date":"November 9, 2022","format":false,"excerpt":"","rel":"","context":"Similar post","block_context":{"text":"Similar post","link":""},"img":{"alt_text":"","src":"","width":0,"height":0},"classes":[]},{"id":24216,"url":"https:\/\/sakaba.mghosteur.com\/en\/product\/aquaphor-healing-ointment-advanced-therapy\/","url_meta":{"origin":25521,"position":2},"title":"AQUAPHOR HEALING OINTMENT ADVANCED THERAPY","author":"admin","date":"November 9, 2022","format":false,"excerpt":"","rel":"","context":"Similar post","block_context":{"text":"Similar post","link":""},"img":{"alt_text":"","src":"","width":0,"height":0},"classes":[]},{"id":28387,"url":"https:\/\/sakaba.mghosteur.com\/en\/product\/aquaphor-healing-ointment-advanced-therapy-2\/","url_meta":{"origin":25521,"position":3},"title":"AQUAPHOR HEALING OINTMENT ADVANCED THERAPY","author":"admin","date":"November 30, 2022","format":false,"excerpt":"","rel":"","context":"Similar post","block_context":{"text":"Similar post","link":""},"img":{"alt_text":"","src":"","width":0,"height":0},"classes":[]},{"id":24185,"url":"https:\/\/sakaba.mghosteur.com\/en\/product\/cerave-healing-ointment-10g\/","url_meta":{"origin":25521,"position":4},"title":"CERAVE HEALING OINTMENT 10G","author":"admin","date":"November 9, 2022","format":false,"excerpt":"La pommade cicatrisante CeraVe est une solution efficace pour les personnes ayant une peau extr\u00eamement s\u00e8che, craquel\u00e9e ou irrit\u00e9e. Cette formule unique, d\u00e9velopp\u00e9e avec des dermatologues, contient de l'acide hyaluronique pour une hydratation suppl\u00e9mentaire. Elle est formul\u00e9e avec trois c\u00e9ramides essentiels (1, 3, 6-II) pour aider \u00e0 restaurer et \u00e0\u2026","rel":"","context":"Similar post","block_context":{"text":"Similar post","link":""},"img":{"alt_text":"","src":"","width":0,"height":0},"classes":[]},{"id":26793,"url":"https:\/\/sakaba.mghosteur.com\/en\/product\/olay-collagen-peptide-24-cream-cleanser\/","url_meta":{"origin":25521,"position":5},"title":"OLAY Collagen Peptide 24 Cream Cleanser","author":"admin","date":"November 28, 2022","format":false,"excerpt":"Ce nettoyant cr\u00e9meux exfolie votre peau en douceur sans la dess\u00e9cher ni la tirailler. En un seul nettoyage, il \u00e9limine la salet\u00e9, le s\u00e9bum, le maquillage et les impuret\u00e9s pour la pr\u00e9parer \u00e0 absorber les ingr\u00e9dients de vos soins du visage et de vos hydratants.","rel":"","context":"Similar post","block_context":{"text":"Similar post","link":""},"img":{"alt_text":"","src":"","width":0,"height":0},"classes":[]}],"_links":{"self":[{"href":"https:\/\/sakaba.mghosteur.com\/en\/wp-json\/wp\/v2\/product\/25521","targetHints":{"allow":["GET"]}}],"collection":[{"href":"https:\/\/sakaba.mghosteur.com\/en\/wp-json\/wp\/v2\/product"}],"about":[{"href":"https:\/\/sakaba.mghosteur.com\/en\/wp-json\/wp\/v2\/types\/product"}],"replies":[{"embeddable":true,"href":"https:\/\/sakaba.mghosteur.com\/en\/wp-json\/wp\/v2\/comments?post=25521"}],"version-history":[{"count":0,"href":"https:\/\/sakaba.mghosteur.com\/en\/wp-json\/wp\/v2\/product\/25521\/revisions"}],"wp:attachment":[{"href":"https:\/\/sakaba.mghosteur.com\/en\/wp-json\/wp\/v2\/media?parent=25521"}],"wp:term":[{"taxonomy":"product_brand","embeddable":true,"href":"https:\/\/sakaba.mghosteur.com\/en\/wp-json\/wp\/v2\/product_brand?post=25521"},{"taxonomy":"product_cat","embeddable":true,"href":"https:\/\/sakaba.mghosteur.com\/en\/wp-json\/wp\/v2\/product_cat?post=25521"},{"taxonomy":"product_tag","embeddable":true,"href":"https:\/\/sakaba.mghosteur.com\/en\/wp-json\/wp\/v2\/product_tag?post=25521"}],"curies":[{"name":"wp","href":"https:\/\/api.w.org\/{rel}","templated":true}]}}