{"id":25525,"date":"2022-11-14T14:07:51","date_gmt":"2022-11-14T14:07:51","guid":{"rendered":"http:\/\/www.sakababeauty.com\/?post_type=product&#038;p=25525"},"modified":"2022-11-14T14:07:51","modified_gmt":"2022-11-14T14:07:51","slug":"salonpas-deep-relieving-gel","status":"publish","type":"product","link":"https:\/\/sakaba.mghosteur.com\/en\/product\/salonpas-deep-relieving-gel\/","title":{"rendered":"SALONPAS DEEP RELIEVING GEL"},"content":{"rendered":"","protected":false},"excerpt":{"rendered":"","protected":false},"featured_media":0,"comment_status":"closed","ping_status":"closed","template":"","meta":[],"product_brand":[],"product_cat":[381],"product_tag":[],"class_list":{"0":"post-25525","1":"product","2":"type-product","3":"status-publish","5":"product_cat-vitamine-et-complements","7":"first","8":"instock","9":"shipping-taxable","10":"product-type-simple"},"jetpack-related-posts":[{"id":25517,"url":"https:\/\/sakaba.mghosteur.com\/en\/product\/salonpas-pain-gel-patch-hot\/","url_meta":{"origin":25525,"position":0},"title":"SALONPAS PAIN GEL PATCH HOT","author":"admin","date":"November 14, 2022","format":false,"excerpt":"","rel":"","context":"Similar post","block_context":{"text":"Similar post","link":""},"img":{"alt_text":"","src":"","width":0,"height":0},"classes":[]},{"id":25497,"url":"https:\/\/sakaba.mghosteur.com\/en\/product\/cool-n-heat-16-menthol-pain-relieving-spray\/","url_meta":{"origin":25525,"position":1},"title":"COOL N HEAT 16% MENTHOL \/ PAIN RELIEVING SPRAY","author":"admin","date":"November 14, 2022","format":false,"excerpt":"","rel":"","context":"Similar post","block_context":{"text":"Similar post","link":""},"img":{"alt_text":"","src":"","width":0,"height":0},"classes":[]},{"id":24714,"url":"https:\/\/sakaba.mghosteur.com\/en\/product\/cetaphil-redness-relieving-daily-facial-moisturizer\/","url_meta":{"origin":25525,"position":2},"title":"cetaphil REDNESS RELIEVING DAILY FACIAL MOISTURIZER","author":"admin","date":"November 10, 2022","format":false,"excerpt":"Cr\u00e8me hydratante teint\u00e9e neutre pour les peaux sensibles sujettes aux rougeurs qui hydrate la peau, aide \u00e0 uniformiser le teint et r\u00e9duit l'apparence des rougeurs. Sp\u00e9cialement formul\u00e9e avec de l'allanto\u00efne, de l'extrait de r\u00e9glisse et de la caf\u00e9ine pour apaiser les rougeurs tandis que la vitamine E riche en antioxydants\u2026","rel":"","context":"Similar post","block_context":{"text":"Similar post","link":""},"img":{"alt_text":"","src":"","width":0,"height":0},"classes":[]},{"id":27508,"url":"https:\/\/sakaba.mghosteur.com\/en\/product\/deep-cleansing-oil-200ml\/","url_meta":{"origin":25525,"position":3},"title":"DEEP CLEANSING OIL 200ML","author":"admin","date":"November 29, 2022","format":false,"excerpt":"","rel":"","context":"Similar post","block_context":{"text":"Similar post","link":""},"img":{"alt_text":"","src":"","width":0,"height":0},"classes":[]},{"id":27533,"url":"https:\/\/sakaba.mghosteur.com\/en\/product\/deep-cleansing-oil-70ml\/","url_meta":{"origin":25525,"position":4},"title":"DEEP CLEANSING OIL 70ML","author":"admin","date":"November 29, 2022","format":false,"excerpt":"","rel":"","context":"Similar post","block_context":{"text":"Similar post","link":""},"img":{"alt_text":"","src":"","width":0,"height":0},"classes":[]},{"id":27546,"url":"https:\/\/sakaba.mghosteur.com\/en\/product\/biore-deep-pore-charcoal-cleanser\/","url_meta":{"origin":25525,"position":5},"title":"Bior\u00e9 deep pore charcoal cleanser","author":"admin","date":"November 29, 2022","format":false,"excerpt":"","rel":"","context":"Similar post","block_context":{"text":"Similar post","link":""},"img":{"alt_text":"","src":"","width":0,"height":0},"classes":[]}],"_links":{"self":[{"href":"https:\/\/sakaba.mghosteur.com\/en\/wp-json\/wp\/v2\/product\/25525","targetHints":{"allow":["GET"]}}],"collection":[{"href":"https:\/\/sakaba.mghosteur.com\/en\/wp-json\/wp\/v2\/product"}],"about":[{"href":"https:\/\/sakaba.mghosteur.com\/en\/wp-json\/wp\/v2\/types\/product"}],"replies":[{"embeddable":true,"href":"https:\/\/sakaba.mghosteur.com\/en\/wp-json\/wp\/v2\/comments?post=25525"}],"version-history":[{"count":0,"href":"https:\/\/sakaba.mghosteur.com\/en\/wp-json\/wp\/v2\/product\/25525\/revisions"}],"wp:attachment":[{"href":"https:\/\/sakaba.mghosteur.com\/en\/wp-json\/wp\/v2\/media?parent=25525"}],"wp:term":[{"taxonomy":"product_brand","embeddable":true,"href":"https:\/\/sakaba.mghosteur.com\/en\/wp-json\/wp\/v2\/product_brand?post=25525"},{"taxonomy":"product_cat","embeddable":true,"href":"https:\/\/sakaba.mghosteur.com\/en\/wp-json\/wp\/v2\/product_cat?post=25525"},{"taxonomy":"product_tag","embeddable":true,"href":"https:\/\/sakaba.mghosteur.com\/en\/wp-json\/wp\/v2\/product_tag?post=25525"}],"curies":[{"name":"wp","href":"https:\/\/api.w.org\/{rel}","templated":true}]}}