{"id":25533,"date":"2022-11-14T14:12:10","date_gmt":"2022-11-14T14:12:10","guid":{"rendered":"http:\/\/www.sakababeauty.com\/?post_type=product&#038;p=25533"},"modified":"2024-08-14T00:28:42","modified_gmt":"2024-08-14T00:28:42","slug":"eucerin-intensive-repair-lotion","status":"publish","type":"product","link":"https:\/\/sakaba.mghosteur.com\/en\/product\/eucerin-intensive-repair-lotion\/","title":{"rendered":"EUCERIN INTENSIVE REPAIR LOTION"},"content":{"rendered":"<p>La Lotion R\u00e9paratrice Intensive d&#8217;Eucerin est une lotion pour le corps qui hydrate, exfolie et revitalise la peau tr\u00e8s s\u00e8che et squameuse. C&#8217;est une marque recommand\u00e9e par les dermatologues qui est sans parfum, sans parab\u00e8ne et sans colorant. Elle contient de l&#8217;alpha-hydroxy (AHA) et des facteurs hydratants naturels pour les peaux sensibles.<\/p>","protected":false},"excerpt":{"rendered":"<p>La Lotion R\u00e9paratrice Intensive d&#8217;Eucerin est une lotion pour le corps qui hydrate, exfolie et revitalise la peau tr\u00e8s s\u00e8che et squameuse. C&#8217;est une marque recommand\u00e9e par les dermatologues qui est sans parfum, sans parab\u00e8ne et sans colorant. Elle contient de l&#8217;alpha-hydroxy (AHA) et des facteurs hydratants naturels pour les peaux sensibles.<\/p>","protected":false},"featured_media":0,"comment_status":"closed","ping_status":"closed","template":"","meta":[],"product_brand":[],"product_cat":[447,1061,388],"product_tag":[],"class_list":{"0":"post-25533","1":"product","2":"type-product","3":"status-publish","5":"product_cat-aac-bain-et-corps","6":"product_cat-lait-huile_corporelle","7":"product_cat-peaux-seches","9":"first","10":"instock","11":"shipping-taxable","12":"product-type-simple"},"jetpack-related-posts":[{"id":25300,"url":"https:\/\/sakaba.mghosteur.com\/en\/product\/eucerin-age-defense-hyaluronic-acid-50\/","url_meta":{"origin":25533,"position":0},"title":"EUCERIN AGE DEFENSE + HYALURONIC ACID 50","author":"admin","date":"November 14, 2022","format":false,"excerpt":"La lotion solaire visage Eucerin Age Defense SPF 50 est une cr\u00e8me solaire sans parfum qui contient de l'acide hyaluronique et cinq antioxydants. Elle est con\u00e7ue pour r\u00e9duire l'apparence des rides et ridules et offre une protection solaire UVA\/UVB. Elle est sans huile, sans PABA et convient aux peaux sensibles.","rel":"","context":"Similar post","block_context":{"text":"Similar post","link":""},"img":{"alt_text":"","src":"","width":0,"height":0},"classes":[]},{"id":25540,"url":"https:\/\/sakaba.mghosteur.com\/en\/product\/eucerin-skin-calming-body-wash\/","url_meta":{"origin":25533,"position":1},"title":"EUCERIN SKIN CALMING BODY WASH","author":"admin","date":"November 14, 2022","format":false,"excerpt":"Le gel douche apaisant pour la peau d\u2019Eucerin nettoie et apaise la peau s\u00e8che et qui d\u00e9mange. Sa formule sans savon nettoie en douceur sans dess\u00e9cher la peau afin de ne pas l\u2019irriter. Ce gel douche doux aide \u00e0 conserver l\u2019hydratation essentielle de la peau et est formul\u00e9 avec des\u2026","rel":"","context":"Similar post","block_context":{"text":"Similar post","link":""},"img":{"alt_text":"","src":"","width":0,"height":0},"classes":[]},{"id":29933,"url":"https:\/\/sakaba.mghosteur.com\/en\/product\/vaseline-soothing-hyration-600-ml\/","url_meta":{"origin":25533,"position":2},"title":"VASELINE SOOTHING HYRATION 600 ML","author":"admin","date":"April 28, 2023","format":false,"excerpt":"D\u00e9couvrez la lotion pour le corps hydratante apaisante Vaseline Intensive Care, sp\u00e9cialement con\u00e7ue pour les peaux s\u00e8ches et d\u00e9shydrat\u00e9es. Cette lotion pour le corps contient des lipides ultra-hydratants qui aident \u00e0 renforcer la barri\u00e8re cutan\u00e9e et \u00e0 reconstituer l'hydratation de votre peau. L'extrait d'aloe vera \u00e0 1 % contenu dans\u2026","rel":"","context":"Similar post","block_context":{"text":"Similar post","link":""},"img":{"alt_text":"","src":"","width":0,"height":0},"classes":[]},{"id":24029,"url":"https:\/\/sakaba.mghosteur.com\/en\/product\/aveeno-daily-moisturizing-sheer-hydration-lotion\/","url_meta":{"origin":25533,"position":3},"title":"Aveeno Daily Moisturizing Sheer Hydration Lotion","author":"admin","date":"November 9, 2022","format":false,"excerpt":"Hydratez intens\u00e9ment votre peau avec la lotion hydratante quotidienne Aveeno Sheer Hydration. Cette lotion ultra-transparente pour peau s\u00e8che p\u00e9n\u00e8tre en quelques secondes, pour une sensation de fra\u00eecheur et de l\u00e9g\u00e8ret\u00e9 que vous voudrez utiliser toute l'ann\u00e9e. \u00c0 base d'avoine apaisante, sa formule unique est sans parfum et offre 24 heures\u2026","rel":"","context":"Similar post","block_context":{"text":"Similar post","link":""},"img":{"alt_text":"","src":"","width":0,"height":0},"classes":[]},{"id":24025,"url":"https:\/\/sakaba.mghosteur.com\/en\/product\/aveeno-daily-moisturizing-body-lotion-for-dry-skin\/","url_meta":{"origin":25533,"position":4},"title":"Aveeno Daily Moisturizing Body Lotion For Dry Skin 18 OZ","author":"admin","date":"November 9, 2022","format":false,"excerpt":"La lotion corporelle hydratante quotidienne Aveeno est une lotion sans parfum con\u00e7ue pour nourrir intens\u00e9ment la peau s\u00e8che et lui procurer jusqu'\u00e0 24 heures d'hydratation. Elle est fabriqu\u00e9e avec une formule \u00e0 base d'avoine pr\u00e9biotique qui s'absorbe rapidement et aide \u00e0 reconstituer la barri\u00e8re d'hydratation naturelle de la peau.","rel":"","context":"Similar post","block_context":{"text":"Similar post","link":""},"img":{"alt_text":"","src":"","width":0,"height":0},"classes":[]},{"id":25552,"url":"https:\/\/sakaba.mghosteur.com\/en\/product\/eucerin-eczema-relief-body-cream\/","url_meta":{"origin":25533,"position":5},"title":"EUCERIN ECZEMA RELIEF BODY CREAM","author":"admin","date":"November 14, 2022","format":false,"excerpt":"Cette cr\u00e8me est rapidement absorb\u00e9e et formul\u00e9e uniquement avec les meilleurs ingr\u00e9dients. Enrichie en flocons d'avoine collo\u00efdaux, un protecteur cutan\u00e9 qui soulage les d\u00e9mangeaisons. Enrichie en c\u00e9ramide-3 pour renforcer la barri\u00e8re d'hydratation de la peau afin de garder l'humidit\u00e9 \u00e0 l'int\u00e9rieur et les irritants \u00e0 l'ext\u00e9rieur, et en extrait de\u2026","rel":"","context":"Similar post","block_context":{"text":"Similar post","link":""},"img":{"alt_text":"","src":"","width":0,"height":0},"classes":[]}],"_links":{"self":[{"href":"https:\/\/sakaba.mghosteur.com\/en\/wp-json\/wp\/v2\/product\/25533","targetHints":{"allow":["GET"]}}],"collection":[{"href":"https:\/\/sakaba.mghosteur.com\/en\/wp-json\/wp\/v2\/product"}],"about":[{"href":"https:\/\/sakaba.mghosteur.com\/en\/wp-json\/wp\/v2\/types\/product"}],"replies":[{"embeddable":true,"href":"https:\/\/sakaba.mghosteur.com\/en\/wp-json\/wp\/v2\/comments?post=25533"}],"version-history":[{"count":0,"href":"https:\/\/sakaba.mghosteur.com\/en\/wp-json\/wp\/v2\/product\/25533\/revisions"}],"wp:attachment":[{"href":"https:\/\/sakaba.mghosteur.com\/en\/wp-json\/wp\/v2\/media?parent=25533"}],"wp:term":[{"taxonomy":"product_brand","embeddable":true,"href":"https:\/\/sakaba.mghosteur.com\/en\/wp-json\/wp\/v2\/product_brand?post=25533"},{"taxonomy":"product_cat","embeddable":true,"href":"https:\/\/sakaba.mghosteur.com\/en\/wp-json\/wp\/v2\/product_cat?post=25533"},{"taxonomy":"product_tag","embeddable":true,"href":"https:\/\/sakaba.mghosteur.com\/en\/wp-json\/wp\/v2\/product_tag?post=25533"}],"curies":[{"name":"wp","href":"https:\/\/api.w.org\/{rel}","templated":true}]}}