{"id":25546,"date":"2022-11-14T14:20:04","date_gmt":"2022-11-14T14:20:04","guid":{"rendered":"http:\/\/www.sakababeauty.com\/?post_type=product&#038;p=25546"},"modified":"2022-11-14T14:20:04","modified_gmt":"2022-11-14T14:20:04","slug":"curel-ultra-healing-591ml","status":"publish","type":"product","link":"https:\/\/sakaba.mghosteur.com\/en\/product\/curel-ultra-healing-591ml\/","title":{"rendered":"CUREL ULTRA HEALING 591ML"},"content":{"rendered":"","protected":false},"excerpt":{"rendered":"","protected":false},"featured_media":0,"comment_status":"closed","ping_status":"closed","template":"","meta":[],"product_brand":[],"product_cat":[355],"product_tag":[],"class_list":{"0":"post-25546","1":"product","2":"type-product","3":"status-publish","5":"product_cat-hydratant-corps","7":"first","8":"instock","9":"shipping-taxable","10":"product-type-simple"},"jetpack-related-posts":[{"id":31423,"url":"https:\/\/sakaba.mghosteur.com\/en\/product\/jergens-ultra-healing-946ml\/","url_meta":{"origin":25546,"position":0},"title":"JERGENS ULTRA HEALING 946ML","author":"admin","date":"May 10, 2024","format":false,"excerpt":"R\u00e9parez la s\u00e9cheresse \u00e0 la source avec Jergens Ultra Healing Moisturizer, la solution pour une peau extra s\u00e8che. Sa formule nourrissante p\u00e9n\u00e8tre \u00e0 travers cinq couches de la surface cutan\u00e9e, offrant une gu\u00e9rison efficace pour la peau tr\u00e8s s\u00e8che, am\u00e9liorant son tonus et sa texture, et la laissant lisse et\u2026","rel":"","context":"Similar post","block_context":{"text":"Similar post","link":""},"img":{"alt_text":"","src":"","width":0,"height":0},"classes":[]},{"id":24140,"url":"https:\/\/sakaba.mghosteur.com\/en\/product\/jergens-ultra-healing\/","url_meta":{"origin":25546,"position":1},"title":"JERGENS ULTRA HEALING","author":"admin","date":"November 9, 2022","format":false,"excerpt":"La lotion hydratante pour les mains et le corps de Jergens est la solution ultime pour la peau s\u00e8che. Sa formule nourrissante p\u00e9n\u00e8tre profond\u00e9ment dans la peau, jusqu'\u00e0 cinq couches, pour soigner les zones tr\u00e8s s\u00e8ches et rugueuses, am\u00e9liorer le tonus et la texture, laissant la peau lisse et visiblement\u2026","rel":"","context":"Similar post","block_context":{"text":"Similar post","link":""},"img":{"alt_text":"","src":"","width":0,"height":0},"classes":[]},{"id":29899,"url":"https:\/\/sakaba.mghosteur.com\/en\/product\/vaseline-calm-healing-600ml\/","url_meta":{"origin":25546,"position":2},"title":"VASELINE CALM HEALING 600ML","author":"admin","date":"April 27, 2023","format":false,"excerpt":"D\u00e9couvrez la lotion apaisante Vaseline Intensive Care pour une peau s\u00e8che et stress\u00e9e. Cette lotion test\u00e9e par des dermatologues est con\u00e7ue pour aider \u00e0 gu\u00e9rir et \u00e0 restaurer la peau s\u00e8che tout en procurant un moment de d\u00e9tente gr\u00e2ce \u00e0 son l\u00e9ger parfum de lavande. Elle contient de l'extrait de\u2026","rel":"","context":"Similar post","block_context":{"text":"Similar post","link":""},"img":{"alt_text":"","src":"","width":0,"height":0},"classes":[]},{"id":31804,"url":"https:\/\/sakaba.mghosteur.com\/en\/product\/olay-hyaluronic-gel-de-douche-591ml\/","url_meta":{"origin":25546,"position":3},"title":"OLAY HYALURONIC GEL DE DOUCHE 591ML","author":"admin","date":"May 10, 2024","format":false,"excerpt":"Enrichi en acide hyaluronique et en complexe de vitamine B3, ce gel douche nourrissant d\u00e9salt\u00e8re la peau assoiff\u00e9e pour une hydratation longue dur\u00e9e. Et il se rince proprement sans laisser de sensation grasse et enduite","rel":"","context":"Similar post","block_context":{"text":"Similar post","link":""},"img":{"alt_text":"","src":"","width":0,"height":0},"classes":[]},{"id":31830,"url":"https:\/\/sakaba.mghosteur.com\/en\/product\/olay-retinol-gel-de-douche-591ml\/","url_meta":{"origin":25546,"position":4},"title":"OLAY RETINOL GEL DE DOUCHE 591ML","author":"admin","date":"May 10, 2024","format":false,"excerpt":"Le nettoyant pour le corps de nuit Olay Cleansing & Renewing Retinol est un nettoyant pour le corps qui contient du r\u00e9tinol et un complexe de vitamines con\u00e7u pour hydrater la peau pendant la nuit. Il est suffisamment doux pour une utilisation quotidienne et contient des ingr\u00e9dients hydratants.","rel":"","context":"Similar post","block_context":{"text":"Similar post","link":""},"img":{"alt_text":"","src":"","width":0,"height":0},"classes":[]},{"id":31796,"url":"https:\/\/sakaba.mghosteur.com\/en\/product\/olay-collagen-peptide-gel-de-douche-591ml\/","url_meta":{"origin":25546,"position":5},"title":"OLAY COLLAGEN PEPTIDE GEL DE DOUCHE 591ML","author":"admin","date":"May 10, 2024","format":false,"excerpt":"Le nettoyant pour le corps Olay Collagen Peptide est un nettoyant pour le corps suraliment\u00e9 en collag\u00e8ne et en complexe de vitamine B3 pour laisser la peau plus ferme et plus jeune avec une utilisation continue. Il se rince proprement sans laisser de sensation grasse et enduite.","rel":"","context":"Similar post","block_context":{"text":"Similar post","link":""},"img":{"alt_text":"","src":"","width":0,"height":0},"classes":[]}],"_links":{"self":[{"href":"https:\/\/sakaba.mghosteur.com\/en\/wp-json\/wp\/v2\/product\/25546","targetHints":{"allow":["GET"]}}],"collection":[{"href":"https:\/\/sakaba.mghosteur.com\/en\/wp-json\/wp\/v2\/product"}],"about":[{"href":"https:\/\/sakaba.mghosteur.com\/en\/wp-json\/wp\/v2\/types\/product"}],"replies":[{"embeddable":true,"href":"https:\/\/sakaba.mghosteur.com\/en\/wp-json\/wp\/v2\/comments?post=25546"}],"version-history":[{"count":0,"href":"https:\/\/sakaba.mghosteur.com\/en\/wp-json\/wp\/v2\/product\/25546\/revisions"}],"wp:attachment":[{"href":"https:\/\/sakaba.mghosteur.com\/en\/wp-json\/wp\/v2\/media?parent=25546"}],"wp:term":[{"taxonomy":"product_brand","embeddable":true,"href":"https:\/\/sakaba.mghosteur.com\/en\/wp-json\/wp\/v2\/product_brand?post=25546"},{"taxonomy":"product_cat","embeddable":true,"href":"https:\/\/sakaba.mghosteur.com\/en\/wp-json\/wp\/v2\/product_cat?post=25546"},{"taxonomy":"product_tag","embeddable":true,"href":"https:\/\/sakaba.mghosteur.com\/en\/wp-json\/wp\/v2\/product_tag?post=25546"}],"curies":[{"name":"wp","href":"https:\/\/api.w.org\/{rel}","templated":true}]}}